{"id":8584,"date":"2020-09-10T14:10:45","date_gmt":"2020-09-10T14:10:45","guid":{"rendered":"https:\/\/admex.com.tr\/?page_id=8584"},"modified":"2024-12-04T10:44:13","modified_gmt":"2024-12-04T07:44:13","slug":"admex-hakkinda","status":"publish","type":"page","link":"https:\/\/admex.com.tr\/tr\/admex-hakkinda\/","title":{"rendered":"ADMEX HAKKINDA"},"content":{"rendered":"<section class=\"l-section wpb_row height_custom\"><div class=\"l-section-h i-cf\"><div class=\"g-cols vc_row via_flex valign_top type_default stacking_default\"><div class=\"vc_col-sm-12 wpb_column vc_column_container\"><div class=\"vc_column-inner\"><div class=\"wpb_wrapper\"><div class=\"w-separator size_huge\"><\/div><div class=\"wpb_text_column us_custom_9016d7c4 has_text_color\"><div class=\"wpb_wrapper\"><div class=\"wpb_text_column wpb_content_element \">\n<div class=\"wpb_wrapper\"><\/div>\n<\/div>\n<p style=\"text-align: center;\"><em>Biz Kimiz<\/em><\/p>\n<\/div><\/div><div class=\"wpb_text_column\"><div class=\"wpb_wrapper\"><h3 class=\"vc_custom_heading\" style=\"text-align: center;\">ADMEX Hareket Teknolojileri<\/h3>\n<\/div><\/div><div class=\"w-separator us_custom_4a92be8b has_text_color size_small with_line width_30 thick_1 style_solid color_text align_center\"><div class=\"w-separator-h\"><\/div><\/div><\/div><\/div><\/div><\/div><\/div><\/section><section class=\"l-section wpb_row height_custom\"><div class=\"l-section-h i-cf\"><div class=\"g-cols vc_row via_flex valign_top type_default stacking_default\"><div class=\"vc_col-sm-6 wpb_column vc_column_container\"><div class=\"vc_column-inner\"><div class=\"wpb_wrapper\"><div class=\"wpb_text_column\"><div class=\"wpb_wrapper\"><p><strong>ADMEX Hareket Teknolojileri<\/strong>, ileri teknoloji s\u0131n\u0131f\u0131nda yer alan end\u00fcstriyel \u00fcr\u00fcnler geli\u015ftirip \u00fcreten bir firmad\u0131r. Tasar\u0131m ve \u00fcretim haklar\u0131 <strong>ADMEX<\/strong>&#8216;in kendisine ait olan \u00fcr\u00fcnleri bunlarla s\u0131n\u0131rl\u0131 olmamak kayd\u0131yla d\u00f6rt ana ba\u015fl\u0131kta toplayabiliriz: Pozisyonerler, kayd\u0131r\u0131c\u0131lar, gantry (Kartezyen) robotlar, CNC \u00fcniteleri. Bu \u00fcr\u00fcnler robotik ve CNC uygulamalar\u0131nda i\u015f par\u00e7as\u0131n\u0131, makineyi ya da robotu bir konumdan ba\u015fka bir konuma milimetrenin y\u00fczde biri mertebelerinde hassasiyetle d\u00f6nd\u00fcren veya \u00f6teleyen makinelerdir.<\/p>\n<p><strong>ADMEX<\/strong> 20 y\u0131l\u0131 a\u015fk\u0131n sekt\u00f6r tecr\u00fcbesinin b\u00fcnyesinde birle\u015fti\u011fi bir kurulu\u015ftur. Bu tecr\u00fcbe k\u0131sa s\u00fcrede kendini g\u00f6stermi\u015f ve ba\u015fta Almanya, \u0130talya, \u0130sve\u00e7, Finlandiya, Norve\u00e7, Avusturalya, Amerika, \u0130ngiltere olmak \u00fczere pek \u00e7ok \u00fclkede <strong>ADMEX<\/strong> \u00fcr\u00fcnleri tercih edilir olmu\u015ftur. \u00d6zetle <strong>ADMEX<\/strong>\u00a0geli\u015ftirip \u00fcretti\u011fi teknolojik \u00fcr\u00fcnleri %90 \u00fczerinde bir oranla ihra\u00e7 etmektedir.<\/p>\n<\/div><\/div><div class=\"w-separator size_medium\"><\/div><\/div><\/div><\/div><div class=\"vc_col-sm-6 wpb_column vc_column_container\"><div class=\"vc_column-inner\"><div class=\"wpb_wrapper\"><div class=\"wpb_text_column\"><div class=\"wpb_wrapper\"><p><iframe loading=\"lazy\" title=\"YouTube video player\" src=\"https:\/\/www.youtube.com\/embed\/A_yeQa0OaqA\" width=\"560\" height=\"315\" frameborder=\"0\" allowfullscreen=\"allowfullscreen\"><\/iframe><\/p>\n<\/div><\/div><\/div><\/div><\/div><\/div><\/div><\/section><section class=\"l-section wpb_row height_custom\"><div class=\"l-section-h i-cf\"><div class=\"g-cols vc_row via_flex valign_top type_default stacking_default\"><div class=\"vc_col-sm-12 wpb_column vc_column_container\"><div class=\"vc_column-inner\"><div class=\"wpb_wrapper\"><div class=\"wpb_text_column\"><div class=\"wpb_wrapper\"><p><strong>ADMEX<\/strong> \u00fcr\u00fcnlerinin kullan\u0131c\u0131lar\u0131 a\u011f\u0131rl\u0131kl\u0131 olarak Robotik, Uzay ve Havac\u0131l\u0131k, Otomotiv, Makine End\u00fcstrisi, K\u00e2\u011f\u0131t End\u00fcstrisi ve di\u011fer end\u00fcstriyel alanlard\u0131r.<\/p>\n<p><strong>ADMEX<\/strong>\u2019in m\u00fchendislik seviyesinin en iyi g\u00f6stergesi robot \u00fcreticilerinin <strong>ADMEX<\/strong> \u00fcr\u00fcnlerini kendi markalar\u0131 alt\u0131nda kullanarak t\u00fcm d\u00fcnyada projeler yapmalar\u0131d\u0131r.<\/p>\n<p><strong>ADMEX Hareket Teknolojileri<\/strong> bir robotik otomasyon firmas\u0131 de\u011fildir. M\u00fc\u015fteriye \u00f6zel otomasyon projesi yapmaz fakat kendi faaliyet alan\u0131nda ise m\u00fc\u015fteriye \u00f6zel \u00fcr\u00fcn geli\u015ftirir. Robotik otomasyon firmalar\u0131 t\u0131pk\u0131 robot \u00fcreticileri gibi <strong>ADMEX Hareket Teknolojileri<\/strong>&#8216;nin m\u00fc\u015fterisidir. E\u011fer <strong>ADMEX<\/strong> \u00fcr\u00fcnlerinin kullan\u0131ld\u0131\u011f\u0131 bir anahtar teslim proje yapt\u0131rmak istiyorsan\u0131z, <strong>ADMEX<\/strong> ile \u00e7al\u0131\u015fan sistem entegrat\u00f6rleri ile g\u00f6r\u00fc\u015febilirsiniz.<\/p>\n<p><strong>ADMEX Hareket Teknolojileri Ekibi<\/strong><\/p>\n<\/div><\/div><div class=\"w-separator size_huge\"><\/div><\/div><\/div><\/div><\/div><\/div><\/section><section class=\"l-section wpb_row height_custom\"><div class=\"l-section-h i-cf\"><div class=\"g-cols vc_row via_flex valign_middle type_default stacking_default\"><div class=\"vc_col-sm-12 wpb_column vc_column_container\"><div class=\"vc_column-inner\"><div class=\"wpb_wrapper\"><div class=\"wpb_text_column\"><div class=\"wpb_wrapper\"><h3 class=\"vc_custom_heading\" style=\"text-align: center;\">ADMEX Advanced Motion Experts Production Center<\/h3>\n<\/div><\/div><div class=\"w-separator size_huge\"><\/div><div class=\"g-cols wpb_row via_flex valign_top type_default stacking_default\"><div class=\"vc_col-sm-4 wpb_column vc_column_container\"><div class=\"vc_column-inner\"><div class=\"wpb_wrapper\"><div class=\"w-image align_none\"><div class=\"w-image-h\"><img decoding=\"async\" width=\"1024\" height=\"576\" src=\"https:\/\/admex.com.tr\/wp-content\/uploads\/2022\/10\/admex-robotic-production-center-2-1024x576.jpg\" class=\"attachment-large size-large\" alt=\"\" loading=\"lazy\" srcset=\"https:\/\/admex.com.tr\/wp-content\/uploads\/2022\/10\/admex-robotic-production-center-2-1024x576.jpg 1024w, https:\/\/admex.com.tr\/wp-content\/uploads\/2022\/10\/admex-robotic-production-center-2-300x169.jpg 300w, https:\/\/admex.com.tr\/wp-content\/uploads\/2022\/10\/admex-robotic-production-center-2-100x56.jpg 100w, https:\/\/admex.com.tr\/wp-content\/uploads\/2022\/10\/admex-robotic-production-center-2-533x300.jpg 533w, https:\/\/admex.com.tr\/wp-content\/uploads\/2022\/10\/admex-robotic-production-center-2.jpg 1920w\" sizes=\"auto, (max-width: 1024px) 100vw, 1024px\" \/><\/div><\/div><\/div><\/div><\/div><div class=\"vc_col-sm-4 wpb_column vc_column_container\"><div class=\"vc_column-inner\"><div class=\"wpb_wrapper\"><div class=\"w-image align_none\"><div class=\"w-image-h\"><img decoding=\"async\" width=\"1024\" height=\"576\" src=\"https:\/\/admex.com.tr\/wp-content\/uploads\/2022\/10\/admex-robotic-production-center-1024x576.jpg\" class=\"attachment-large size-large\" alt=\"\" loading=\"lazy\" srcset=\"https:\/\/admex.com.tr\/wp-content\/uploads\/2022\/10\/admex-robotic-production-center-1024x576.jpg 1024w, https:\/\/admex.com.tr\/wp-content\/uploads\/2022\/10\/admex-robotic-production-center-300x169.jpg 300w, https:\/\/admex.com.tr\/wp-content\/uploads\/2022\/10\/admex-robotic-production-center-100x56.jpg 100w, https:\/\/admex.com.tr\/wp-content\/uploads\/2022\/10\/admex-robotic-production-center-533x300.jpg 533w, https:\/\/admex.com.tr\/wp-content\/uploads\/2022\/10\/admex-robotic-production-center.jpg 1920w\" sizes=\"auto, (max-width: 1024px) 100vw, 1024px\" \/><\/div><\/div><\/div><\/div><\/div><div class=\"vc_col-sm-4 wpb_column vc_column_container\"><div class=\"vc_column-inner\"><div class=\"wpb_wrapper\"><div class=\"w-image align_none\"><div class=\"w-image-h\"><img decoding=\"async\" width=\"1024\" height=\"576\" src=\"https:\/\/admex.com.tr\/wp-content\/uploads\/2022\/10\/admex-robotic-production-center-5-1024x576.jpg\" class=\"attachment-large size-large\" alt=\"\" loading=\"lazy\" srcset=\"https:\/\/admex.com.tr\/wp-content\/uploads\/2022\/10\/admex-robotic-production-center-5-1024x576.jpg 1024w, https:\/\/admex.com.tr\/wp-content\/uploads\/2022\/10\/admex-robotic-production-center-5-300x169.jpg 300w, https:\/\/admex.com.tr\/wp-content\/uploads\/2022\/10\/admex-robotic-production-center-5-100x56.jpg 100w, https:\/\/admex.com.tr\/wp-content\/uploads\/2022\/10\/admex-robotic-production-center-5-533x300.jpg 533w, https:\/\/admex.com.tr\/wp-content\/uploads\/2022\/10\/admex-robotic-production-center-5.jpg 1920w\" sizes=\"auto, (max-width: 1024px) 100vw, 1024px\" \/><\/div><\/div><\/div><\/div><\/div><\/div><div class=\"w-separator size_huge\"><\/div><\/div><\/div><\/div><\/div><\/div><\/section>\n","protected":false},"excerpt":{"rendered":"Biz Kimiz ADMEX Hareket Teknolojileri ADMEX Hareket Teknolojileri, ileri teknoloji s\u0131n\u0131f\u0131nda yer alan end\u00fcstriyel \u00fcr\u00fcnler geli\u015ftirip \u00fcreten bir firmad\u0131r. Tasar\u0131m ve \u00fcretim haklar\u0131 ADMEX&#8216;in kendisine ait olan \u00fcr\u00fcnleri bunlarla s\u0131n\u0131rl\u0131 olmamak kayd\u0131yla d\u00f6rt ana ba\u015fl\u0131kta toplayabiliriz: Pozisyonerler, kayd\u0131r\u0131c\u0131lar, gantry (Kartezyen) robotlar, CNC \u00fcniteleri. Bu \u00fcr\u00fcnler robotik ve CNC uygulamalar\u0131nda i\u015f par\u00e7as\u0131n\u0131, makineyi ya da robotu...","protected":false},"author":122,"featured_media":8655,"parent":0,"menu_order":1,"comment_status":"closed","ping_status":"closed","template":"","meta":{"footnotes":""},"class_list":["post-8584","page","type-page","status-publish","has-post-thumbnail","hentry"],"_links":{"self":[{"href":"https:\/\/admex.com.tr\/tr\/wp-json\/wp\/v2\/pages\/8584","targetHints":{"allow":["GET"]}}],"collection":[{"href":"https:\/\/admex.com.tr\/tr\/wp-json\/wp\/v2\/pages"}],"about":[{"href":"https:\/\/admex.com.tr\/tr\/wp-json\/wp\/v2\/types\/page"}],"author":[{"embeddable":true,"href":"https:\/\/admex.com.tr\/tr\/wp-json\/wp\/v2\/users\/122"}],"replies":[{"embeddable":true,"href":"https:\/\/admex.com.tr\/tr\/wp-json\/wp\/v2\/comments?post=8584"}],"version-history":[{"count":0,"href":"https:\/\/admex.com.tr\/tr\/wp-json\/wp\/v2\/pages\/8584\/revisions"}],"wp:featuredmedia":[{"embeddable":true,"href":"https:\/\/admex.com.tr\/tr\/wp-json\/wp\/v2\/media\/8655"}],"wp:attachment":[{"href":"https:\/\/admex.com.tr\/tr\/wp-json\/wp\/v2\/media?parent=8584"}],"curies":[{"name":"wp","href":"https:\/\/api.w.org\/{rel}","templated":true}]}}