{"id":8583,"date":"2020-09-10T14:10:43","date_gmt":"2020-09-10T14:10:43","guid":{"rendered":"https:\/\/admex.com.tr\/?page_id=8583"},"modified":"2025-09-18T15:23:08","modified_gmt":"2025-09-18T12:23:08","slug":"admex-urunleri","status":"publish","type":"page","link":"https:\/\/admex.com.tr\/tr\/admex-urunleri\/","title":{"rendered":"ADMEX \u00dcR\u00dcNLER\u0130"},"content":{"rendered":"<section class=\"l-section wpb_row us_custom_03075067 seriesblock height_custom\"><div class=\"l-section-h i-cf\"><div class=\"g-cols vc_row via_flex valign_middle type_default stacking_default\"><div class=\"vc_col-sm-6 wpb_column vc_column_container has_text_color has-link\"><div class=\"vc_column-inner us_custom_95ebd667\"><div class=\"wpb_wrapper\"><div class=\"wpb_text_column\"><div class=\"wpb_wrapper\"><h1 style=\"text-align: left;\">Robot Pozisyonerler<\/h1>\n<\/div><\/div><\/div><\/div><a title=\"ADMEX Robot Positioners\" href=\"https:\/\/admex.com.tr\/tr\/admex-urunleri\/admex-robot-pozisyonerleri\/\" class=\"vc_column-link smooth-scroll\"><\/a><\/div><div class=\"vc_col-sm-6 wpb_column vc_column_container has-link\"><div class=\"vc_column-inner us_custom_cb5c58dc\"><div class=\"wpb_wrapper\"><div class=\"w-image align_center\"><div class=\"w-image-h\"><img decoding=\"async\" width=\"1920\" height=\"1080\" src=\"https:\/\/admex.com.tr\/wp-content\/uploads\/2023\/08\/admex-positioners-all.png\" class=\"attachment-full size-full\" alt=\"\" loading=\"lazy\" srcset=\"https:\/\/admex.com.tr\/wp-content\/uploads\/2023\/08\/admex-positioners-all.png 1920w, https:\/\/admex.com.tr\/wp-content\/uploads\/2023\/08\/admex-positioners-all-300x169.png 300w, https:\/\/admex.com.tr\/wp-content\/uploads\/2023\/08\/admex-positioners-all-1024x576.png 1024w, https:\/\/admex.com.tr\/wp-content\/uploads\/2023\/08\/admex-positioners-all-100x56.png 100w, https:\/\/admex.com.tr\/wp-content\/uploads\/2023\/08\/admex-positioners-all-533x300.png 533w\" sizes=\"auto, (max-width: 1920px) 100vw, 1920px\" \/><\/div><\/div><\/div><\/div><a title=\"ADMEX Robot Positioners\" href=\"https:\/\/admex.com.tr\/tr\/admex-urunleri\/admex-robot-pozisyonerleri\/\" class=\"vc_column-link smooth-scroll\"><\/a><\/div><\/div><\/div><\/section><section class=\"l-section wpb_row us_custom_03075067 seriesblock height_custom\"><div class=\"l-section-h i-cf\"><div class=\"g-cols vc_row via_flex valign_middle type_default stacking_default\"><div class=\"vc_col-sm-6 wpb_column vc_column_container has_text_color has-link\"><div class=\"vc_column-inner us_custom_95ebd667\"><div class=\"wpb_wrapper\"><div class=\"wpb_text_column\"><div class=\"wpb_wrapper\"><h1 style=\"text-align: left;\">Standart Robot Kayd\u0131r\u0131c\u0131 \u00dcniteleri<\/h1>\n<\/div><\/div><\/div><\/div><a title=\"ADMEX Robot Linear Tracks\" href=\"https:\/\/admex.com.tr\/tr\/admex-urunleri\/standart-robot-kaydirici-uniteleri\/\" class=\"vc_column-link smooth-scroll\"><\/a><\/div><div class=\"vc_col-sm-6 wpb_column vc_column_container has-link\"><div class=\"vc_column-inner us_custom_51e6e127\"><div class=\"wpb_wrapper\"><div class=\"w-separator size_small\"><\/div><div class=\"w-image align_center\"><div class=\"w-image-h\"><img decoding=\"async\" width=\"2560\" height=\"1600\" src=\"https:\/\/admex.com.tr\/wp-content\/uploads\/2025\/09\/TRACK-ALL-scaled.png\" class=\"attachment-full size-full\" alt=\"\" loading=\"lazy\" srcset=\"https:\/\/admex.com.tr\/wp-content\/uploads\/2025\/09\/TRACK-ALL-scaled.png 2560w, https:\/\/admex.com.tr\/wp-content\/uploads\/2025\/09\/TRACK-ALL-300x188.png 300w, https:\/\/admex.com.tr\/wp-content\/uploads\/2025\/09\/TRACK-ALL-1024x640.png 1024w, https:\/\/admex.com.tr\/wp-content\/uploads\/2025\/09\/TRACK-ALL-100x63.png 100w, https:\/\/admex.com.tr\/wp-content\/uploads\/2025\/09\/TRACK-ALL-480x300.png 480w\" sizes=\"auto, (max-width: 2560px) 100vw, 2560px\" \/><\/div><\/div><div class=\"w-separator size_small\"><\/div><\/div><\/div><a title=\"ADMEX Robot Linear Tracks\" href=\"https:\/\/admex.com.tr\/tr\/admex-urunleri\/standart-robot-kaydirici-uniteleri\/\" class=\"vc_column-link smooth-scroll\"><\/a><\/div><\/div><\/div><\/section><section class=\"l-section wpb_row us_custom_03075067 seriesblock height_custom\"><div class=\"l-section-h i-cf\"><div class=\"g-cols vc_row via_flex valign_middle type_default stacking_default\"><div class=\"vc_col-sm-6 wpb_column vc_column_container has_text_color has-link\"><div class=\"vc_column-inner us_custom_95ebd667\"><div class=\"wpb_wrapper\"><div class=\"wpb_text_column\"><div class=\"wpb_wrapper\"><h1 style=\"text-align: left;\">Gantry Sistemleri<\/h1>\n<\/div><\/div><\/div><\/div><a title=\"ADMEX Gantry Systems\" href=\"https:\/\/admex.com.tr\/tr\/admex-urunleri\/admex-gantry-sistemleri\/\" class=\"vc_column-link smooth-scroll\"><\/a><\/div><div class=\"vc_col-sm-6 wpb_column vc_column_container has-link\"><div class=\"vc_column-inner us_custom_cb5c58dc\"><div class=\"wpb_wrapper\"><div class=\"w-image align_center\"><div class=\"w-image-h\"><img decoding=\"async\" width=\"2560\" height=\"1600\" src=\"https:\/\/admex.com.tr\/wp-content\/uploads\/2025\/09\/GANTRY_ALL-scaled.png\" class=\"attachment-full size-full\" alt=\"\" loading=\"lazy\" srcset=\"https:\/\/admex.com.tr\/wp-content\/uploads\/2025\/09\/GANTRY_ALL-scaled.png 2560w, https:\/\/admex.com.tr\/wp-content\/uploads\/2025\/09\/GANTRY_ALL-300x188.png 300w, https:\/\/admex.com.tr\/wp-content\/uploads\/2025\/09\/GANTRY_ALL-1024x640.png 1024w, https:\/\/admex.com.tr\/wp-content\/uploads\/2025\/09\/GANTRY_ALL-100x63.png 100w, https:\/\/admex.com.tr\/wp-content\/uploads\/2025\/09\/GANTRY_ALL-480x300.png 480w\" sizes=\"auto, (max-width: 2560px) 100vw, 2560px\" \/><\/div><\/div><\/div><\/div><a title=\"ADMEX Gantry Systems\" href=\"https:\/\/admex.com.tr\/tr\/admex-urunleri\/admex-gantry-sistemleri\/\" class=\"vc_column-link smooth-scroll\"><\/a><\/div><\/div><\/div><\/section><section class=\"l-section wpb_row height_medium\"><div class=\"l-section-h i-cf\"><div class=\"g-cols vc_row via_flex valign_top type_default stacking_default\"><div class=\"vc_col-sm-8 wpb_column vc_column_container\"><div class=\"vc_column-inner\"><div class=\"wpb_wrapper\"><div class=\"wpb_text_column\"><div class=\"wpb_wrapper\"><h2><strong>ADMEX \u00dcr\u00fcnleri<\/strong><\/h2>\n<p><strong>ADMEX Hareket Teknolojileri Robotik \u00dcretim \u00c7\u00f6z\u00fcmlerinde<\/strong> kullan\u0131labilecek <strong><a href=\"https:\/\/admex.com.tr\/tr\/admex-urunleri\/admex-robot-pozisyonerleri\/\">Robot Pozisyonerleri<\/a>, <a href=\"https:\/\/admex.com.tr\/tr\/admex-urunleri\/standart-robot-kaydirici-uniteleri\/\">Robot Kayd\u0131r\u0131c\u0131 \u00dcniteleri<\/a>\u00a0<\/strong>ve <strong><a href=\"https:\/\/admex.com.tr\/tr\/admex-urunleri\/admex-gantry-sistemleri\/\">Gantry Sistemleri<\/a>&#8216;nden <\/strong>olu\u015fmaktad\u0131r.<\/p>\n<p><strong>ADMEX<\/strong>&#8216;in \u00fcr\u00fcn geli\u015ftirme, \u00fcretim ve kurulum s\u00fcre\u00e7lerinde edindi\u011fimiz bilgi birikimiyle, uzun kullan\u0131m \u00f6mr\u00fc boyunca y\u00fcksek performans sa\u011flayabilen \u00fcr\u00fcnler yaratt\u0131k.<\/p>\n<p><strong>ADMEX<\/strong>\u00a0<strong><a href=\"https:\/\/admex.com.tr\/tr\/admex-urunleri\/admex-robot-pozisyonerleri\/\">Robot Pozisyonerler<\/a>, <a href=\"https:\/\/admex.com.tr\/tr\/admex-urunleri\/standart-robot-kaydirici-uniteleri\/\">Robot Kayd\u0131r\u0131c\u0131 \u00dcniteleri<\/a> <\/strong>ve <strong><a href=\"https:\/\/admex.com.tr\/tr\/admex-urunleri\/admex-gantry-sistemleri\/\">Gantry Sistemleri<\/a> <\/strong>t\u00fcm robot markalar\u0131 ve birbirleri ile uyumlu olacak \u015fekilde tasarlanm\u0131\u015ft\u0131r.<\/p>\n<\/div><\/div><\/div><\/div><\/div><div class=\"vc_col-sm-4 wpb_column vc_column_container\"><div class=\"vc_column-inner type_sticky\"><div class=\"wpb_wrapper\"><div class=\"wpb_text_column\"><div class=\"wpb_wrapper\"><p><strong>ADMEX \u00dcr\u00fcnleri, a\u015fa\u011f\u0131dakiler dahil \u00e7ok \u00e7e\u015fitli sekt\u00f6rlerde kullan\u0131labilir:<\/strong><\/p>\n<ul>\n<li>Otomotiv Sekt\u00f6r\u00fc (Oem, Tier1, Tier2)<\/li>\n<li>Makine End\u00fcstrisi<\/li>\n<li>Metal \u0130\u015fleme End\u00fcstrisi<\/li>\n<li>Sar\u0131 E\u015fya Sekt\u00f6r\u00fc<\/li>\n<li>\u0130\u015f Makinalar\u0131 Sekt\u00f6r\u00fc<\/li>\n<li>Ta\u015f ve Beton End\u00fcstrileri<\/li>\n<li>Plastik ve Kau\u00e7uk End\u00fcstrileri<\/li>\n<li>Ula\u015ft\u0131rma Sekt\u00f6r\u00fc<\/li>\n<li>Savunma Sanayi<\/li>\n<li>Mobilya \u0130malat Sanayi<\/li>\n<li>Enerji Sekt\u00f6r\u00fc<\/li>\n<li>Genel End\u00fcstriler<\/li>\n<\/ul>\n<\/div><\/div><\/div><\/div><\/div><\/div><\/div><\/section>\n","protected":false},"excerpt":{"rendered":"Robot Pozisyonerler Standart Robot Kayd\u0131r\u0131c\u0131 \u00dcniteleri Gantry Sistemleri ADMEX \u00dcr\u00fcnleri ADMEX Hareket Teknolojileri Robotik \u00dcretim \u00c7\u00f6z\u00fcmlerinde kullan\u0131labilecek Robot Pozisyonerleri, Robot Kayd\u0131r\u0131c\u0131 \u00dcniteleri\u00a0ve Gantry Sistemleri&#8216;nden olu\u015fmaktad\u0131r. ADMEX&#8216;in \u00fcr\u00fcn geli\u015ftirme, \u00fcretim ve kurulum s\u00fcre\u00e7lerinde edindi\u011fimiz bilgi birikimiyle, uzun kullan\u0131m \u00f6mr\u00fc boyunca y\u00fcksek performans sa\u011flayabilen \u00fcr\u00fcnler yaratt\u0131k. ADMEX\u00a0Robot Pozisyonerler, Robot Kayd\u0131r\u0131c\u0131 \u00dcniteleri ve Gantry Sistemleri t\u00fcm robot markalar\u0131...","protected":false},"author":122,"featured_media":0,"parent":0,"menu_order":3,"comment_status":"closed","ping_status":"closed","template":"","meta":{"footnotes":""},"class_list":["post-8583","page","type-page","status-publish","hentry"],"_links":{"self":[{"href":"https:\/\/admex.com.tr\/tr\/wp-json\/wp\/v2\/pages\/8583","targetHints":{"allow":["GET"]}}],"collection":[{"href":"https:\/\/admex.com.tr\/tr\/wp-json\/wp\/v2\/pages"}],"about":[{"href":"https:\/\/admex.com.tr\/tr\/wp-json\/wp\/v2\/types\/page"}],"author":[{"embeddable":true,"href":"https:\/\/admex.com.tr\/tr\/wp-json\/wp\/v2\/users\/122"}],"replies":[{"embeddable":true,"href":"https:\/\/admex.com.tr\/tr\/wp-json\/wp\/v2\/comments?post=8583"}],"version-history":[{"count":0,"href":"https:\/\/admex.com.tr\/tr\/wp-json\/wp\/v2\/pages\/8583\/revisions"}],"wp:attachment":[{"href":"https:\/\/admex.com.tr\/tr\/wp-json\/wp\/v2\/media?parent=8583"}],"curies":[{"name":"wp","href":"https:\/\/api.w.org\/{rel}","templated":true}]}}