{"id":8582,"date":"2020-09-10T14:10:40","date_gmt":"2020-09-10T14:10:40","guid":{"rendered":"https:\/\/admex.com.tr\/?page_id=8582"},"modified":"2024-06-26T15:41:24","modified_gmt":"2024-06-26T12:41:24","slug":"iletisim","status":"publish","type":"page","link":"https:\/\/admex.com.tr\/tr\/iletisim\/","title":{"rendered":"\u0130LET\u0130\u015e\u0130M"},"content":{"rendered":"<section class=\"l-section wpb_row height_custom width_full\"><div class=\"l-section-h i-cf\"><div class=\"g-cols vc_row via_flex valign_top type_default stacking_default\"><div class=\"vc_col-sm-12 wpb_column vc_column_container\"><div class=\"vc_column-inner\"><div class=\"wpb_wrapper\"><div class=\"wpb_text_column\"><div class=\"wpb_wrapper\"><p><iframe loading=\"lazy\" style=\"border: 0;\" tabindex=\"0\" src=\"https:\/\/www.google.com\/maps\/embed?pb=!1m18!1m12!1m3!1d3016.872485409557!2d29.373004199999997!3d40.8746725!2m3!1f0!2f0!3f0!3m2!1i1024!2i768!4f13.1!3m3!1m2!1s0x14cad971507ec3fd%3A0xd9bc156b9325c1d4!2sADMEX%20Hareket%20Teknolojileri%20%7C%20Robot%20Pozisyoner%20%7C%20Robot%20Slider%2FTracks%20%7C%20Gantry%20Robot!5e0!3m2!1str!2str!4v1659006198567!5m2!1str!2str&quot;\" width=\"100%\" height=\"300\" frameborder=\"0\" allowfullscreen=\"allowfullscreen\" aria-hidden=\"false\"><\/iframe><\/p>\n<\/div><\/div><\/div><\/div><\/div><\/div><\/div><\/section><section class=\"l-section wpb_row height_custom\"><div class=\"l-section-h i-cf\"><div class=\"g-cols vc_row via_flex valign_top type_default stacking_default\"><div class=\"vc_col-sm-6 wpb_column vc_column_container\"><div class=\"vc_column-inner\"><div class=\"wpb_wrapper\"><div class=\"w-separator size_medium\"><\/div><div class=\"wpb_text_column\"><div class=\"wpb_wrapper\"><h3>Bize Yaz\u0131n<\/h3>\n<\/div><\/div><div class=\"w-separator size_medium\"><\/div><div class=\"wpb_text_column\"><div class=\"wpb_wrapper\"><div class=\"forminator-ui forminator-custom-form forminator-custom-form-19544 forminator-design--material  forminator_ajax\" data-forminator-render=\"0\" data-form=\"forminator-module-19544\" data-uid=\"69e7e6b4d7775\"><br\/><\/div><form\r\n\t\t\t\tid=\"forminator-module-19544\"\r\n\t\t\t\tclass=\"forminator-ui forminator-custom-form forminator-custom-form-19544 forminator-design--material  forminator_ajax\"\r\n\t\t\t\tmethod=\"post\"\r\n\t\t\t\tdata-forminator-render=\"0\"\r\n\t\t\t\tdata-form-id=\"19544\"\r\n\t\t\t\t data-color-option=\"default\" data-design=\"material\" data-grid=\"open\" style=\"display: none;\"\r\n\t\t\t\tdata-uid=\"69e7e6b4d7775\"\r\n\t\t\t><div role=\"alert\" aria-live=\"polite\" class=\"forminator-response-message forminator-error\" aria-hidden=\"true\"><\/div><div class=\"forminator-row\"><div id=\"name-1\" class=\"forminator-field-name forminator-col forminator-col-12 \"><div class=\"forminator-field\"><label for=\"forminator-field-name-1_69e7e6b4d7775\" id=\"forminator-field-name-1_69e7e6b4d7775-label\" class=\"forminator-label\">Ad Soyad <span class=\"forminator-required\">*<\/span><\/label><input type=\"text\" name=\"name-1\" value=\"\" placeholder=\"\" id=\"forminator-field-name-1_69e7e6b4d7775\" class=\"forminator-input forminator-name--field\" aria-required=\"true\" autocomplete=\"name\" \/><\/div><\/div><\/div><div class=\"forminator-row\"><div id=\"email-1\" class=\"forminator-field-email forminator-col forminator-col-12 \"><div class=\"forminator-field\"><label for=\"forminator-field-email-1_69e7e6b4d7775\" id=\"forminator-field-email-1_69e7e6b4d7775-label\" class=\"forminator-label\">Email <span class=\"forminator-required\">*<\/span><\/label><input type=\"email\" name=\"email-1\" value=\"\" placeholder=\"\" id=\"forminator-field-email-1_69e7e6b4d7775\" class=\"forminator-input forminator-email--field\" data-required=\"true\" aria-required=\"true\" autocomplete=\"email\" \/><\/div><\/div><\/div><div class=\"forminator-row\"><div id=\"text-1\" class=\"forminator-field-text forminator-col forminator-col-12 \"><div class=\"forminator-field\"><label for=\"forminator-field-text-1_69e7e6b4d7775\" id=\"forminator-field-text-1_69e7e6b4d7775-label\" class=\"forminator-label\">\u015eirket <span class=\"forminator-required\">*<\/span><\/label><input type=\"text\" name=\"text-1\" value=\"\" placeholder=\"\" id=\"forminator-field-text-1_69e7e6b4d7775\" class=\"forminator-input forminator-name--field\" data-required=\"1\" \/><\/div><\/div><\/div><div class=\"forminator-row\"><div id=\"phone-1\" class=\"forminator-field-phone forminator-col forminator-col-12 \"><div class=\"forminator-field\"><label for=\"forminator-field-phone-1_69e7e6b4d7775\" id=\"forminator-field-phone-1_69e7e6b4d7775-label\" class=\"forminator-label\">Telefon Numaras\u0131 <span class=\"forminator-required\">*<\/span><\/label><input type=\"text\" name=\"phone-1\" value=\"\" placeholder=\"\" id=\"forminator-field-phone-1_69e7e6b4d7775\" class=\"forminator-input forminator-field--phone\" data-required=\"1\" aria-required=\"true\" autocomplete=\"off\" \/><\/div><\/div><\/div><div class=\"forminator-row\"><div id=\"textarea-1\" class=\"forminator-field-textarea forminator-col forminator-col-12 \"><div class=\"forminator-field\"><label for=\"forminator-field-textarea-1_69e7e6b4d7775\" id=\"forminator-field-textarea-1_69e7e6b4d7775-label\" class=\"forminator-label\">Mesaj\u0131n\u0131z<\/label><textarea name=\"textarea-1\" placeholder=\"\" id=\"forminator-field-textarea-1_69e7e6b4d7775\" class=\"forminator-textarea\" rows=\"6\" style=\"min-height:140px;\" maxlength=\"180\" ><\/textarea><span id=\"forminator-field-textarea-1_69e7e6b4d7775-description\" class=\"forminator-description\"><span data-limit=\"180\" data-type=\"characters\" data-editor=\"\">0 \/ 180<\/span><\/span><\/div><\/div><\/div><input type=\"hidden\" name=\"referer_url\" value=\"\" \/><div class=\"forminator-row forminator-row-last\"><div class=\"forminator-col\"><div class=\"forminator-field\"><button class=\"forminator-button forminator-button-submit\"><span>G&ouml;nder<\/span><span aria-hidden=\"true\"><\/span><\/button><\/div><\/div><\/div><input type=\"hidden\" id=\"forminator_nonce\" name=\"forminator_nonce\" value=\"04a3e2390c\" \/><input type=\"hidden\" name=\"_wp_http_referer\" value=\"\/tr\/wp-json\/wp\/v2\/pages\/8582\" \/><input type=\"hidden\" name=\"form_id\" value=\"19544\"><input type=\"hidden\" name=\"page_id\" value=\"8582\"><input type=\"hidden\" name=\"form_type\" value=\"default\"><input type=\"hidden\" name=\"current_url\" value=\"https:\/\/admex.com.tr\/tr\/iletisim\/\"><input type=\"hidden\" name=\"render_id\" value=\"0\"><input type=\"hidden\" name=\"action\" value=\"forminator_submit_form_custom-forms\"><\/form>\n<\/div><\/div><\/div><\/div><\/div><div class=\"vc_col-sm-6 wpb_column vc_column_container\"><div class=\"vc_column-inner\"><div class=\"wpb_wrapper\"><div class=\"w-separator size_medium\"><\/div><div class=\"wpb_text_column\"><div class=\"wpb_wrapper\"><h3>\u0130leti\u015fim<\/h3>\n<\/div><\/div><div class=\"w-separator size_medium\"><\/div><div class=\"w-contacts\"><div class=\"w-contacts-list\"><div class=\"w-contacts-item for_address\"><span class=\"w-contacts-item-value\">\u0130stanbul End\u00fcstri ve Ticaret Serbest B\u00f6lgesi Ayd\u0131nl\u0131 SB Mah. 4.SK Desba\u015f 1 Blok No: 2-101 Tuzla\/Istanbul<\/span><\/div><div class=\"w-contacts-item for_phone\"><span class=\"w-contacts-item-value\">0216 519 4519<\/span><\/div><div class=\"w-contacts-item for_email\"><span class=\"w-contacts-item-value\"><a href=\"mailto:admex@admex.com.tr\">admex@admex.com.tr<\/a><\/span><\/div><\/div><\/div><div class=\"w-separator size_medium\"><\/div><div class=\"wpb_text_column\"><div class=\"wpb_wrapper\"><h3>ADMEX Sosyal Medya<\/h3>\n<\/div><\/div><div class=\"w-separator size_medium\"><\/div><div class=\"w-socials color_brand shape_rounded style_colored hover_fade stretch\" style=\"--gap:0.5em;\"><div class=\"w-socials-list\"><div class=\"w-socials-item linkedin\"><a target=\"_blank\" rel=\"nofollow\" href=\"https:\/\/www.linkedin.com\/company\/admex-hareket-teknolojileri\/\" class=\"w-socials-item-link\" aria-label=\"LinkedIn\"><span class=\"w-socials-item-link-hover\"><\/span><i class=\"fab fa-linkedin\"><\/i><\/a><div class=\"w-socials-item-popup\"><span>LinkedIn<\/span><\/div><\/div><div class=\"w-socials-item youtube\"><a target=\"_blank\" rel=\"nofollow\" href=\"https:\/\/www.youtube.com\/c\/admexofficial\" class=\"w-socials-item-link\" aria-label=\"YouTube\"><span class=\"w-socials-item-link-hover\"><\/span><i class=\"fab fa-youtube\"><\/i><\/a><div class=\"w-socials-item-popup\"><span>YouTube<\/span><\/div><\/div><div class=\"w-socials-item instagram\"><a target=\"_blank\" rel=\"nofollow\" href=\"https:\/\/www.instagram.com\/admexofficial\/\" class=\"w-socials-item-link\" aria-label=\"Instagram\"><span class=\"w-socials-item-link-hover\"><\/span><i class=\"fab fa-instagram\"><\/i><\/a><div class=\"w-socials-item-popup\"><span>Instagram<\/span><\/div><\/div><div class=\"w-socials-item facebook\"><a target=\"_blank\" rel=\"nofollow\" href=\"https:\/\/www.facebook.com\/admexofficial\" class=\"w-socials-item-link\" aria-label=\"Facebook\"><span class=\"w-socials-item-link-hover\"><\/span><i class=\"fab fa-facebook\"><\/i><\/a><div class=\"w-socials-item-popup\"><span>Facebook<\/span><\/div><\/div><\/div><\/div><\/div><\/div><\/div><\/div><\/div><\/section>\n","protected":false},"excerpt":{"rendered":"Bize Yaz\u0131n Ad Soyad *Email *\u015eirket *Telefon Numaras\u0131 *Mesaj\u0131n\u0131z0 \/ 180G&ouml;nder \u0130leti\u015fim \u0130stanbul End\u00fcstri ve Ticaret Serbest B\u00f6lgesi Ayd\u0131nl\u0131 SB Mah. 4.SK Desba\u015f 1 Blok No: 2-101 Tuzla\/Istanbul0216 519 4519admex@admex.com.trADMEX Sosyal Medya LinkedInYouTubeInstagramFacebook","protected":false},"author":122,"featured_media":8647,"parent":0,"menu_order":20,"comment_status":"closed","ping_status":"closed","template":"","meta":{"footnotes":""},"class_list":["post-8582","page","type-page","status-publish","has-post-thumbnail","hentry"],"_links":{"self":[{"href":"https:\/\/admex.com.tr\/tr\/wp-json\/wp\/v2\/pages\/8582","targetHints":{"allow":["GET"]}}],"collection":[{"href":"https:\/\/admex.com.tr\/tr\/wp-json\/wp\/v2\/pages"}],"about":[{"href":"https:\/\/admex.com.tr\/tr\/wp-json\/wp\/v2\/types\/page"}],"author":[{"embeddable":true,"href":"https:\/\/admex.com.tr\/tr\/wp-json\/wp\/v2\/users\/122"}],"replies":[{"embeddable":true,"href":"https:\/\/admex.com.tr\/tr\/wp-json\/wp\/v2\/comments?post=8582"}],"version-history":[{"count":0,"href":"https:\/\/admex.com.tr\/tr\/wp-json\/wp\/v2\/pages\/8582\/revisions"}],"wp:featuredmedia":[{"embeddable":true,"href":"https:\/\/admex.com.tr\/tr\/wp-json\/wp\/v2\/media\/8647"}],"wp:attachment":[{"href":"https:\/\/admex.com.tr\/tr\/wp-json\/wp\/v2\/media?parent=8582"}],"curies":[{"name":"wp","href":"https:\/\/api.w.org\/{rel}","templated":true}]}}