{"id":23228,"date":"2025-09-15T12:28:49","date_gmt":"2025-09-15T09:28:49","guid":{"rendered":"https:\/\/admex.com.tr\/admex-urunleri\/standart-robot-kaydirici-uniteleri\/sta-series\/"},"modified":"2025-09-19T17:39:28","modified_gmt":"2025-09-19T14:39:28","slug":"sta-serisi","status":"publish","type":"page","link":"https:\/\/admex.com.tr\/tr\/admex-urunleri\/standart-robot-kaydirici-uniteleri\/sta-serisi\/","title":{"rendered":"STA SER\u0130S\u0130"},"content":{"rendered":"<section class=\"l-section wpb_row height_custom width_full\"><div class=\"l-section-h i-cf\"><div class=\"g-cols vc_row via_flex valign_top type_default stacking_default\"><div class=\"vc_col-sm-12 wpb_column vc_column_container\"><div class=\"vc_column-inner\"><div class=\"wpb_wrapper\"><nav class=\"w-menu us_custom_c4f44255 layout_hor style_blocks us_menu_1\" style=\"--main-gap:1.5rem;--main-ver-indent:0.8em;--main-hor-indent:0.8em;--main-bg-color:rgba(0,0,0,0.1);--main-color:#999999;--main-hover-color:#f5f5f5;--main-active-color:#ffffff;\"><ul id=\"menu-linear-items-tr\" class=\"menu\"><li id=\"menu-item-11215\" class=\"menu-item menu-item-type-post_type menu-item-object-page menu-item-11215\"><a href=\"https:\/\/admex.com.tr\/tr\/admex-urunleri\/standart-robot-kaydirici-uniteleri\/stk-serisi\/\">STK SER\u0130S\u0130<\/a><\/li><li id=\"menu-item-14398\" class=\"menu-item menu-item-type-post_type menu-item-object-page menu-item-14398\"><a href=\"https:\/\/admex.com.tr\/tr\/admex-urunleri\/standart-robot-kaydirici-uniteleri\/stl-serisi\/\">STL SER\u0130S\u0130<\/a><\/li><li id=\"menu-item-23251\" class=\"menu-item menu-item-type-post_type menu-item-object-page menu-item-23251\"><a href=\"https:\/\/admex.com.tr\/tr\/admex-urunleri\/standart-robot-kaydirici-uniteleri\/sta-serisi\/\">STA SER\u0130S\u0130<\/a><\/li><\/ul><style>@media ( max-width:600px ){.us_menu_1 .menu{display:block!important}.us_menu_1 .menu>li{margin:0 0 var(--main-gap,1.5rem)!important}}<\/style><\/nav><\/div><\/div><\/div><\/div><\/div><\/section><section class=\"l-section wpb_row height_custom\"><div class=\"l-section-h i-cf\"><div class=\"g-cols vc_row via_flex valign_top type_default stacking_default\"><div class=\"vc_col-sm-12 wpb_column vc_column_container\"><div class=\"vc_column-inner\"><div class=\"wpb_wrapper\"><div class=\"w-separator size_medium\"><\/div><div class=\"w-grid us_custom_eb849559 type_grid layout_portfolio_3 cols_3 ratio_4x3\" id=\"us_grid_1\" style=\"--gap:0px;\" data-filterable=\"true\"><style>@media (max-width:1024px){#us_grid_1 .w-grid-item{width:50%}#us_grid_1 .w-grid-item.size_2x1,#us_grid_1 .w-grid-item.size_2x2{width:100%}}@media (max-width:600px){#us_grid_1 .w-grid-list{margin:0}#us_grid_1 .w-grid-item{width:100%;padding:0;margin-bottom:var(--gap,0px)}}#us_grid_1 .w-grid-item-h:before{padding-bottom:75%}.layout_portfolio_3 .w-grid-item-h:before{padding-bottom:100%}@media (min-width:601px){.layout_portfolio_3 .w-grid-item.size_1x2 .w-grid-item-h:before{padding-bottom:calc(200% + var(--gap,0px) * 2)}.layout_portfolio_3 .w-grid-item.size_2x1 .w-grid-item-h:before{padding-bottom:calc(50% - var(--gap,0px) * 1)}.layout_portfolio_3 .w-grid-item.size_2x2 .w-grid-item-h:before{padding-bottom:calc(100% - var(--gap,0px) * 0)}}.layout_portfolio_3 .w-grid-item-h{}.layout_portfolio_3 .usg_post_image_1{transition-duration:0.4s;transform-origin:50% 50%;transform:scale(1) translate(0%,0%);opacity:0.25}.layout_portfolio_3 .w-grid-item-h:hover .usg_post_image_1{transform:scale(1) translate(0%,0%);opacity:1}.layout_portfolio_3 .usg_post_title_1{transition-duration:0.3s;transform-origin:50% 50%;transform:scale(1) translate(0%,0%)}.layout_portfolio_3 .w-grid-item-h:hover .usg_post_title_1{transform:scale(1) translate(0%,-100%);opacity:0}.layout_portfolio_3 .usg_post_taxonomy_1{transition-duration:0.3s;transform-origin:50% 50%;transform:scale(1) translate(0%,0%)}.layout_portfolio_3 .w-grid-item-h:hover .usg_post_taxonomy_1{transform:scale(1) translate(0%,100%);opacity:0}.layout_portfolio_3 .usg_post_image_1{position:absolute!important;top:0!important;right:0!important;bottom:0!important;left:0!important}.layout_portfolio_3 .usg_vwrapper_1{position:absolute!important;top:0!important;right:0!important;bottom:0!important;left:0!important;padding:2rem!important}.layout_portfolio_3 .usg_post_title_1{color:inherit!important;font-size:1.4rem!important}<\/style><div class=\"w-grid-list\">\t<article class=\"w-grid-item size_1x1 post-23181 us_portfolio type-us_portfolio status-publish has-post-thumbnail hentry us_portfolio_category-robot-kaydirici-uniteleri us_portfolio_category-sta-serisi\" data-id=\"23181\">\r\n\t\t<div class=\"w-grid-item-h\">\r\n\t\t\t\t\t\t\t<a href=\"https:\/\/admex.com.tr\/tr\/urunler\/sta-005-robot-lineer-kizagi\/\" class=\"w-grid-item-anchor\" aria-label=\"STA-005 Robot Lineer K\u0131za\u011f\u0131\"><\/a>\r\n\t\t\t\t\t\t<div class=\"w-post-elm post_image usg_post_image_1 stretched\"><img loading=\"lazy\" decoding=\"async\" width=\"1024\" height=\"640\" src=\"https:\/\/admex.com.tr\/wp-content\/uploads\/2025\/09\/STA-005-1024x640.png\" class=\"attachment-large size-large wp-post-image\" alt=\"\" srcset=\"https:\/\/admex.com.tr\/wp-content\/uploads\/2025\/09\/STA-005-1024x640.png 1024w, https:\/\/admex.com.tr\/wp-content\/uploads\/2025\/09\/STA-005-300x188.png 300w, https:\/\/admex.com.tr\/wp-content\/uploads\/2025\/09\/STA-005-100x63.png 100w, https:\/\/admex.com.tr\/wp-content\/uploads\/2025\/09\/STA-005-480x300.png 480w\" sizes=\"auto, (max-width: 1024px) 100vw, 1024px\" \/><\/div><div class=\"w-vwrapper usg_vwrapper_1 align_center valign_middle\"><h2 class=\"w-post-elm post_title usg_post_title_1 has_text_color entry-title color_link_inherit\">STA-005 Robot Lineer K\u0131za\u011f\u0131<\/h2><div class=\"w-post-elm post_taxonomy usg_post_taxonomy_1 style_simple color_link_inherit\"><a class=\"term-88 term-robot-kaydirici-uniteleri\" href=\"https:\/\/admex.com.tr\/tr\/product_category\/robot-kaydirici-uniteleri\/\">Robot Kayd\u0131r\u0131c\u0131 \u00dcniteleri<\/a><b>, <\/b><a class=\"term-108 term-sta-serisi\" href=\"https:\/\/admex.com.tr\/tr\/product_category\/sta-serisi\/\">STA Serisi<\/a><\/div><\/div>\t\t<\/div>\r\n\t\t\t<\/article>\r\n\t<article class=\"w-grid-item size_1x1 post-23189 us_portfolio type-us_portfolio status-publish has-post-thumbnail hentry us_portfolio_category-robot-kaydirici-uniteleri us_portfolio_category-sta-serisi\" data-id=\"23189\">\r\n\t\t<div class=\"w-grid-item-h\">\r\n\t\t\t\t\t\t\t<a href=\"https:\/\/admex.com.tr\/tr\/urunler\/sta-010-robot-lineer-kizagi\/\" class=\"w-grid-item-anchor\" aria-label=\"STA-010 Robot Lineer K\u0131za\u011f\u0131\"><\/a>\r\n\t\t\t\t\t\t<div class=\"w-post-elm post_image usg_post_image_1 stretched\"><img loading=\"lazy\" decoding=\"async\" width=\"1024\" height=\"640\" src=\"https:\/\/admex.com.tr\/wp-content\/uploads\/2025\/09\/STA-010-1024x640.png\" class=\"attachment-large size-large wp-post-image\" alt=\"\" srcset=\"https:\/\/admex.com.tr\/wp-content\/uploads\/2025\/09\/STA-010-1024x640.png 1024w, https:\/\/admex.com.tr\/wp-content\/uploads\/2025\/09\/STA-010-300x188.png 300w, https:\/\/admex.com.tr\/wp-content\/uploads\/2025\/09\/STA-010-100x63.png 100w, https:\/\/admex.com.tr\/wp-content\/uploads\/2025\/09\/STA-010-480x300.png 480w\" sizes=\"auto, (max-width: 1024px) 100vw, 1024px\" \/><\/div><div class=\"w-vwrapper usg_vwrapper_1 align_center valign_middle\"><h2 class=\"w-post-elm post_title usg_post_title_1 has_text_color entry-title color_link_inherit\">STA-010 Robot Lineer K\u0131za\u011f\u0131<\/h2><div class=\"w-post-elm post_taxonomy usg_post_taxonomy_1 style_simple color_link_inherit\"><a class=\"term-88 term-robot-kaydirici-uniteleri\" href=\"https:\/\/admex.com.tr\/tr\/product_category\/robot-kaydirici-uniteleri\/\">Robot Kayd\u0131r\u0131c\u0131 \u00dcniteleri<\/a><b>, <\/b><a class=\"term-108 term-sta-serisi\" href=\"https:\/\/admex.com.tr\/tr\/product_category\/sta-serisi\/\">STA Serisi<\/a><\/div><\/div>\t\t<\/div>\r\n\t\t\t<\/article>\r\n\t<article class=\"w-grid-item size_1x1 post-23198 us_portfolio type-us_portfolio status-publish has-post-thumbnail hentry us_portfolio_category-robot-kaydirici-uniteleri us_portfolio_category-sta-serisi\" data-id=\"23198\">\r\n\t\t<div class=\"w-grid-item-h\">\r\n\t\t\t\t\t\t\t<a href=\"https:\/\/admex.com.tr\/tr\/urunler\/sta-020-robot-lineer-kizagi\/\" class=\"w-grid-item-anchor\" aria-label=\"STA-020 Robot Lineer K\u0131za\u011f\u0131\"><\/a>\r\n\t\t\t\t\t\t<div class=\"w-post-elm post_image usg_post_image_1 stretched\"><img loading=\"lazy\" decoding=\"async\" width=\"1024\" height=\"640\" src=\"https:\/\/admex.com.tr\/wp-content\/uploads\/2025\/09\/STA-020-1024x640.png\" class=\"attachment-large size-large wp-post-image\" alt=\"\" srcset=\"https:\/\/admex.com.tr\/wp-content\/uploads\/2025\/09\/STA-020-1024x640.png 1024w, https:\/\/admex.com.tr\/wp-content\/uploads\/2025\/09\/STA-020-300x188.png 300w, https:\/\/admex.com.tr\/wp-content\/uploads\/2025\/09\/STA-020-100x63.png 100w, https:\/\/admex.com.tr\/wp-content\/uploads\/2025\/09\/STA-020-480x300.png 480w\" sizes=\"auto, (max-width: 1024px) 100vw, 1024px\" \/><\/div><div class=\"w-vwrapper usg_vwrapper_1 align_center valign_middle\"><h2 class=\"w-post-elm post_title usg_post_title_1 has_text_color entry-title color_link_inherit\">STA-020 Robot Lineer K\u0131za\u011f\u0131<\/h2><div class=\"w-post-elm post_taxonomy usg_post_taxonomy_1 style_simple color_link_inherit\"><a class=\"term-88 term-robot-kaydirici-uniteleri\" href=\"https:\/\/admex.com.tr\/tr\/product_category\/robot-kaydirici-uniteleri\/\">Robot Kayd\u0131r\u0131c\u0131 \u00dcniteleri<\/a><b>, <\/b><a class=\"term-108 term-sta-serisi\" href=\"https:\/\/admex.com.tr\/tr\/product_category\/sta-serisi\/\">STA Serisi<\/a><\/div><\/div>\t\t<\/div>\r\n\t\t\t<\/article>\r\n\t<article class=\"w-grid-item size_1x1 post-23212 us_portfolio type-us_portfolio status-publish has-post-thumbnail hentry us_portfolio_category-robot-kaydirici-uniteleri us_portfolio_category-sta-serisi\" data-id=\"23212\">\r\n\t\t<div class=\"w-grid-item-h\">\r\n\t\t\t\t\t\t\t<a href=\"https:\/\/admex.com.tr\/tr\/urunler\/sta-040-robot-lineer-kizagi\/\" class=\"w-grid-item-anchor\" aria-label=\"STA-040 Robot Lineer K\u0131za\u011f\u0131\"><\/a>\r\n\t\t\t\t\t\t<div class=\"w-post-elm post_image usg_post_image_1 stretched\"><img loading=\"lazy\" decoding=\"async\" width=\"1024\" height=\"640\" src=\"https:\/\/admex.com.tr\/wp-content\/uploads\/2025\/09\/STA-040-1024x640.png\" class=\"attachment-large size-large wp-post-image\" alt=\"\" srcset=\"https:\/\/admex.com.tr\/wp-content\/uploads\/2025\/09\/STA-040-1024x640.png 1024w, https:\/\/admex.com.tr\/wp-content\/uploads\/2025\/09\/STA-040-300x187.png 300w, https:\/\/admex.com.tr\/wp-content\/uploads\/2025\/09\/STA-040-100x62.png 100w, https:\/\/admex.com.tr\/wp-content\/uploads\/2025\/09\/STA-040-480x300.png 480w\" sizes=\"auto, (max-width: 1024px) 100vw, 1024px\" \/><\/div><div class=\"w-vwrapper usg_vwrapper_1 align_center valign_middle\"><h2 class=\"w-post-elm post_title usg_post_title_1 has_text_color entry-title color_link_inherit\">STA-040 Robot Lineer K\u0131za\u011f\u0131<\/h2><div class=\"w-post-elm post_taxonomy usg_post_taxonomy_1 style_simple color_link_inherit\"><a class=\"term-88 term-robot-kaydirici-uniteleri\" href=\"https:\/\/admex.com.tr\/tr\/product_category\/robot-kaydirici-uniteleri\/\">Robot Kayd\u0131r\u0131c\u0131 \u00dcniteleri<\/a><b>, <\/b><a class=\"term-108 term-sta-serisi\" href=\"https:\/\/admex.com.tr\/tr\/product_category\/sta-serisi\/\">STA Serisi<\/a><\/div><\/div>\t\t<\/div>\r\n\t\t\t<\/article>\r\n\t<article class=\"w-grid-item size_1x1 post-23217 us_portfolio type-us_portfolio status-publish has-post-thumbnail hentry us_portfolio_category-robot-kaydirici-uniteleri us_portfolio_category-sta-serisi\" data-id=\"23217\">\r\n\t\t<div class=\"w-grid-item-h\">\r\n\t\t\t\t\t\t\t<a href=\"https:\/\/admex.com.tr\/tr\/urunler\/sta-060-robot-lineer-kizagi\/\" class=\"w-grid-item-anchor\" aria-label=\"STA-060 Robot Lineer K\u0131za\u011f\u0131\"><\/a>\r\n\t\t\t\t\t\t<div class=\"w-post-elm post_image usg_post_image_1 stretched\"><img loading=\"lazy\" decoding=\"async\" width=\"1024\" height=\"640\" src=\"https:\/\/admex.com.tr\/wp-content\/uploads\/2025\/09\/STA-060-1024x640.png\" class=\"attachment-large size-large wp-post-image\" alt=\"\" srcset=\"https:\/\/admex.com.tr\/wp-content\/uploads\/2025\/09\/STA-060-1024x640.png 1024w, https:\/\/admex.com.tr\/wp-content\/uploads\/2025\/09\/STA-060-300x188.png 300w, https:\/\/admex.com.tr\/wp-content\/uploads\/2025\/09\/STA-060-100x63.png 100w, https:\/\/admex.com.tr\/wp-content\/uploads\/2025\/09\/STA-060-480x300.png 480w\" sizes=\"auto, (max-width: 1024px) 100vw, 1024px\" \/><\/div><div class=\"w-vwrapper usg_vwrapper_1 align_center valign_middle\"><h2 class=\"w-post-elm post_title usg_post_title_1 has_text_color entry-title color_link_inherit\">STA-060 Robot Lineer K\u0131za\u011f\u0131<\/h2><div class=\"w-post-elm post_taxonomy usg_post_taxonomy_1 style_simple color_link_inherit\"><a class=\"term-88 term-robot-kaydirici-uniteleri\" href=\"https:\/\/admex.com.tr\/tr\/product_category\/robot-kaydirici-uniteleri\/\">Robot Kayd\u0131r\u0131c\u0131 \u00dcniteleri<\/a><b>, <\/b><a class=\"term-108 term-sta-serisi\" href=\"https:\/\/admex.com.tr\/tr\/product_category\/sta-serisi\/\">STA Serisi<\/a><\/div><\/div>\t\t<\/div>\r\n\t\t\t<\/article>\r\n\t<article class=\"w-grid-item size_1x1 post-23222 us_portfolio type-us_portfolio status-publish has-post-thumbnail hentry us_portfolio_category-robot-kaydirici-uniteleri us_portfolio_category-sta-serisi\" data-id=\"23222\">\r\n\t\t<div class=\"w-grid-item-h\">\r\n\t\t\t\t\t\t\t<a href=\"https:\/\/admex.com.tr\/tr\/urunler\/sta-100-robot-lineer-kizagi\/\" class=\"w-grid-item-anchor\" aria-label=\"STA-100 Robot Lineer K\u0131za\u011f\u0131\"><\/a>\r\n\t\t\t\t\t\t<div class=\"w-post-elm post_image usg_post_image_1 stretched\"><img loading=\"lazy\" decoding=\"async\" width=\"1024\" height=\"640\" src=\"https:\/\/admex.com.tr\/wp-content\/uploads\/2025\/09\/STA-100-1024x640.png\" class=\"attachment-large size-large wp-post-image\" alt=\"\" srcset=\"https:\/\/admex.com.tr\/wp-content\/uploads\/2025\/09\/STA-100-1024x640.png 1024w, https:\/\/admex.com.tr\/wp-content\/uploads\/2025\/09\/STA-100-300x188.png 300w, https:\/\/admex.com.tr\/wp-content\/uploads\/2025\/09\/STA-100-100x63.png 100w, https:\/\/admex.com.tr\/wp-content\/uploads\/2025\/09\/STA-100-480x300.png 480w\" sizes=\"auto, (max-width: 1024px) 100vw, 1024px\" \/><\/div><div class=\"w-vwrapper usg_vwrapper_1 align_center valign_middle\"><h2 class=\"w-post-elm post_title usg_post_title_1 has_text_color entry-title color_link_inherit\">STA-100 Robot Lineer K\u0131za\u011f\u0131<\/h2><div class=\"w-post-elm post_taxonomy usg_post_taxonomy_1 style_simple color_link_inherit\"><a class=\"term-88 term-robot-kaydirici-uniteleri\" href=\"https:\/\/admex.com.tr\/tr\/product_category\/robot-kaydirici-uniteleri\/\">Robot Kayd\u0131r\u0131c\u0131 \u00dcniteleri<\/a><b>, <\/b><a class=\"term-108 term-sta-serisi\" href=\"https:\/\/admex.com.tr\/tr\/product_category\/sta-serisi\/\">STA Serisi<\/a><\/div><\/div>\t\t<\/div>\r\n\t\t\t<\/article>\r\n<\/div><div class=\"w-grid-preloader\">\t<div class=\"g-preloader type_1\">\r\n\t\t<div><\/div>\r\n\t<\/div>\r\n\t<\/div>\t<div class=\"w-grid-json hidden\" onclick='return {&quot;action&quot;:&quot;us_ajax_grid&quot;,&quot;infinite_scroll&quot;:0,&quot;max_num_pages&quot;:1,&quot;pagination&quot;:&quot;none&quot;,&quot;template_vars&quot;:{&quot;columns&quot;:&quot;3&quot;,&quot;exclude_items&quot;:&quot;none&quot;,&quot;img_size&quot;:&quot;default&quot;,&quot;ignore_items_size&quot;:0,&quot;items_layout&quot;:&quot;portfolio_3&quot;,&quot;items_offset&quot;:&quot;1&quot;,&quot;load_animation&quot;:&quot;none&quot;,&quot;overriding_link&quot;:&quot;%7B%22type%22%3A%22post%22%7D&quot;,&quot;post_id&quot;:0,&quot;query_args&quot;:{&quot;post_type&quot;:[&quot;us_portfolio&quot;],&quot;tax_query&quot;:[{&quot;taxonomy&quot;:&quot;us_portfolio_category&quot;,&quot;field&quot;:&quot;slug&quot;,&quot;terms&quot;:[&quot;sta-series&quot;]}],&quot;post_status&quot;:[&quot;publish&quot;],&quot;posts_per_page&quot;:&quot;10&quot;},&quot;orderby_query_args&quot;:{&quot;orderby&quot;:{&quot;title&quot;:&quot;ASC&quot;},&quot;order&quot;:&quot;ASC&quot;},&quot;type&quot;:&quot;grid&quot;,&quot;us_grid_post_type&quot;:&quot;us_portfolio&quot;,&quot;us_grid_ajax_index&quot;:1,&quot;us_grid_filter_query_string&quot;:null,&quot;us_grid_index&quot;:1,&quot;page_args&quot;:[],&quot;lang&quot;:&quot;tr&quot;}}'><\/div>\r\n\t<\/div><div class=\"w-separator size_medium\"><\/div><\/div><\/div><\/div><\/div><\/div><\/section>\n","protected":false},"excerpt":{"rendered":"STA-100 Robot Lineer K\u0131za\u011f\u0131 Mevcut Se\u00e7enekler\u00c7ift vagonOtomatik ya\u011flamaKablo zinciri montaj konumu (k\u0131zaktan \u00e7\u0131kan kablo zinciri yok).K\u0131zak \u00fczerinde y\u00fcr\u00fcnebilir.\u00dczerinden forklift ge\u00e7ebilir.Su ve toza dayan\u0131kl\u0131.Robot Lineer K\u0131zak \u00d6zellikleri Maksimum 10000 kg y\u00fck ta\u015f\u0131ma kapasitesine sahip, tamamen kapal\u0131 k\u0131zak. Yap\u0131, ray\u0131n i\u00e7 bile\u015fenlerini d\u00fc\u015fen par\u00e7ac\u0131klardan ve s\u0131v\u0131 giri\u015finden koruyan kapak plakalar\u0131yla donat\u0131lm\u0131\u015ft\u0131r. Mod\u00fcler ve geni\u015fletilebilir tasar\u0131m\u0131, m\u00fc\u015fterinin ihtiya\u00e7lar\u0131na...","protected":false},"author":122,"featured_media":22956,"parent":10708,"menu_order":6,"comment_status":"closed","ping_status":"closed","template":"","meta":{"footnotes":""},"class_list":["post-23228","page","type-page","status-publish","has-post-thumbnail","hentry"],"_links":{"self":[{"href":"https:\/\/admex.com.tr\/tr\/wp-json\/wp\/v2\/pages\/23228","targetHints":{"allow":["GET"]}}],"collection":[{"href":"https:\/\/admex.com.tr\/tr\/wp-json\/wp\/v2\/pages"}],"about":[{"href":"https:\/\/admex.com.tr\/tr\/wp-json\/wp\/v2\/types\/page"}],"author":[{"embeddable":true,"href":"https:\/\/admex.com.tr\/tr\/wp-json\/wp\/v2\/users\/122"}],"replies":[{"embeddable":true,"href":"https:\/\/admex.com.tr\/tr\/wp-json\/wp\/v2\/comments?post=23228"}],"version-history":[{"count":0,"href":"https:\/\/admex.com.tr\/tr\/wp-json\/wp\/v2\/pages\/23228\/revisions"}],"up":[{"embeddable":true,"href":"https:\/\/admex.com.tr\/tr\/wp-json\/wp\/v2\/pages\/10708"}],"wp:featuredmedia":[{"embeddable":true,"href":"https:\/\/admex.com.tr\/tr\/wp-json\/wp\/v2\/media\/22956"}],"wp:attachment":[{"href":"https:\/\/admex.com.tr\/tr\/wp-json\/wp\/v2\/media?parent=23228"}],"curies":[{"name":"wp","href":"https:\/\/api.w.org\/{rel}","templated":true}]}}