{"id":10957,"date":"2022-10-04T14:30:08","date_gmt":"2022-10-04T11:30:08","guid":{"rendered":"https:\/\/admex.com.tr\/admex-urunleri\/admex-robot-positioners\/"},"modified":"2023-05-08T15:50:40","modified_gmt":"2023-05-08T12:50:40","slug":"admex-robot-pozisyonerleri","status":"publish","type":"page","link":"https:\/\/admex.com.tr\/tr\/admex-urunleri\/admex-robot-pozisyonerleri\/","title":{"rendered":"ADMEX ROBOT POZ\u0130SYONERLER\u0130"},"content":{"rendered":"<section class=\"l-section wpb_row us_custom_03075067 seriesblock height_custom\"><div class=\"l-section-h i-cf\"><div class=\"g-cols vc_row via_flex valign_middle type_default stacking_default\"><div class=\"vc_col-sm-6 wpb_column vc_column_container has_text_color has-link\"><div class=\"vc_column-inner us_custom_95ebd667\"><div class=\"wpb_wrapper\"><div class=\"wpb_text_column\"><div class=\"wpb_wrapper\"><h1 style=\"text-align: left; color: white;\">I SER\u0130S\u0130<\/h1>\n<h3 style=\"text-align: left; color: white;\">Tek Eksenli Yatay Konumland\u0131r\u0131c\u0131lar<\/h3>\n<\/div><\/div><\/div><\/div><a href=\"https:\/\/admex.com.tr\/tr\/admex-urunleri\/admex-robot-pozisyonerleri\/i-serisi\/\" class=\"vc_column-link smooth-scroll\" aria-label=\"Ba\u011flant\u0131\"><\/a><\/div><div class=\"vc_col-sm-6 wpb_column vc_column_container has-link\"><div class=\"vc_column-inner us_custom_cb5c58dc\"><div class=\"wpb_wrapper\"><div class=\"w-image align_center\"><div class=\"w-image-h\"><img decoding=\"async\" width=\"1920\" height=\"1080\" src=\"https:\/\/admex.com.tr\/wp-content\/uploads\/2023\/05\/spn-i-series-header.png\" class=\"attachment-full size-full\" alt=\"\" loading=\"lazy\" srcset=\"https:\/\/admex.com.tr\/wp-content\/uploads\/2023\/05\/spn-i-series-header.png 1920w, https:\/\/admex.com.tr\/wp-content\/uploads\/2023\/05\/spn-i-series-header-300x169.png 300w, https:\/\/admex.com.tr\/wp-content\/uploads\/2023\/05\/spn-i-series-header-1024x576.png 1024w, https:\/\/admex.com.tr\/wp-content\/uploads\/2023\/05\/spn-i-series-header-100x56.png 100w, https:\/\/admex.com.tr\/wp-content\/uploads\/2023\/05\/spn-i-series-header-533x300.png 533w\" sizes=\"auto, (max-width: 1920px) 100vw, 1920px\" \/><\/div><\/div><\/div><\/div><a href=\"https:\/\/admex.com.tr\/tr\/admex-urunleri\/admex-robot-pozisyonerleri\/i-serisi\/\" class=\"vc_column-link smooth-scroll\" aria-label=\"Ba\u011flant\u0131\"><\/a><\/div><\/div><\/div><\/section><section class=\"l-section wpb_row us_custom_03075067 seriesblock height_custom\"><div class=\"l-section-h i-cf\"><div class=\"g-cols vc_row via_flex valign_middle type_default stacking_default\"><div class=\"vc_col-sm-6 wpb_column vc_column_container has_text_color has-link\"><div class=\"vc_column-inner us_custom_95ebd667\"><div class=\"wpb_wrapper\"><div class=\"wpb_text_column\"><div class=\"wpb_wrapper\"><h1 style=\"text-align: left;\">V Serisi<\/h1>\n<h3 style=\"text-align: left; color: white;\">V Tipi Tek Eksenli Dikey Konumland\u0131r\u0131c\u0131lar<\/h3>\n<\/div><\/div><\/div><\/div><a href=\"https:\/\/admex.com.tr\/tr\/admex-urunleri\/admex-robot-pozisyonerleri\/v-serisi\/\" class=\"vc_column-link smooth-scroll\" aria-label=\"Ba\u011flant\u0131\"><\/a><\/div><div class=\"vc_col-sm-6 wpb_column vc_column_container has-link\"><div class=\"vc_column-inner us_custom_51e6e127\"><div class=\"wpb_wrapper\"><div class=\"w-separator size_small\"><\/div><div class=\"w-image align_center\"><div class=\"w-image-h\"><img decoding=\"async\" width=\"1920\" height=\"1080\" src=\"https:\/\/admex.com.tr\/wp-content\/uploads\/2023\/05\/spn-v-series-header.png\" class=\"attachment-full size-full\" alt=\"\" loading=\"lazy\" srcset=\"https:\/\/admex.com.tr\/wp-content\/uploads\/2023\/05\/spn-v-series-header.png 1920w, https:\/\/admex.com.tr\/wp-content\/uploads\/2023\/05\/spn-v-series-header-300x169.png 300w, https:\/\/admex.com.tr\/wp-content\/uploads\/2023\/05\/spn-v-series-header-1024x576.png 1024w, https:\/\/admex.com.tr\/wp-content\/uploads\/2023\/05\/spn-v-series-header-100x56.png 100w, https:\/\/admex.com.tr\/wp-content\/uploads\/2023\/05\/spn-v-series-header-533x300.png 533w\" sizes=\"auto, (max-width: 1920px) 100vw, 1920px\" \/><\/div><\/div><div class=\"w-separator size_small\"><\/div><\/div><\/div><a href=\"https:\/\/admex.com.tr\/tr\/admex-urunleri\/admex-robot-pozisyonerleri\/v-serisi\/\" class=\"vc_column-link smooth-scroll\" aria-label=\"Ba\u011flant\u0131\"><\/a><\/div><\/div><\/div><\/section><section class=\"l-section wpb_row us_custom_03075067 seriesblock height_custom\"><div class=\"l-section-h i-cf\"><div class=\"g-cols vc_row via_flex valign_middle type_default stacking_default\"><div class=\"vc_col-sm-6 wpb_column vc_column_container has_text_color has-link\"><div class=\"vc_column-inner us_custom_95ebd667\"><div class=\"wpb_wrapper\"><div class=\"wpb_text_column\"><div class=\"wpb_wrapper\"><h1 style=\"text-align: left;\">L Serisi<\/h1>\n<h3 style=\"text-align: left; color: white;\">L Tipi Konumland\u0131r\u0131c\u0131lar<\/h3>\n<\/div><\/div><\/div><\/div><a href=\"https:\/\/admex.com.tr\/tr\/admex-urunleri\/admex-robot-pozisyonerleri\/l-serisi\/\" class=\"vc_column-link smooth-scroll\" aria-label=\"Ba\u011flant\u0131\"><\/a><\/div><div class=\"vc_col-sm-6 wpb_column vc_column_container has-link\"><div class=\"vc_column-inner us_custom_51e6e127\"><div class=\"wpb_wrapper\"><div class=\"w-separator size_small\"><\/div><div class=\"w-image align_center\"><div class=\"w-image-h\"><img decoding=\"async\" width=\"1920\" height=\"1080\" src=\"https:\/\/admex.com.tr\/wp-content\/uploads\/2023\/05\/spn-l-series-header.png\" class=\"attachment-full size-full\" alt=\"\" loading=\"lazy\" srcset=\"https:\/\/admex.com.tr\/wp-content\/uploads\/2023\/05\/spn-l-series-header.png 1920w, https:\/\/admex.com.tr\/wp-content\/uploads\/2023\/05\/spn-l-series-header-300x169.png 300w, https:\/\/admex.com.tr\/wp-content\/uploads\/2023\/05\/spn-l-series-header-1024x576.png 1024w, https:\/\/admex.com.tr\/wp-content\/uploads\/2023\/05\/spn-l-series-header-100x56.png 100w, https:\/\/admex.com.tr\/wp-content\/uploads\/2023\/05\/spn-l-series-header-533x300.png 533w\" sizes=\"auto, (max-width: 1920px) 100vw, 1920px\" \/><\/div><\/div><div class=\"w-separator size_small\"><\/div><\/div><\/div><a href=\"https:\/\/admex.com.tr\/tr\/admex-urunleri\/admex-robot-pozisyonerleri\/l-serisi\/\" class=\"vc_column-link smooth-scroll\" aria-label=\"Ba\u011flant\u0131\"><\/a><\/div><\/div><\/div><\/section><section class=\"l-section wpb_row us_custom_03075067 seriesblock height_custom\"><div class=\"l-section-h i-cf\"><div class=\"g-cols vc_row via_flex valign_middle type_default stacking_default\"><div class=\"vc_col-sm-6 wpb_column vc_column_container has_text_color has-link\"><div class=\"vc_column-inner us_custom_95ebd667\"><div class=\"wpb_wrapper\"><div class=\"wpb_text_column\"><div class=\"wpb_wrapper\"><h1 style=\"text-align: left;\">Z Serisi<\/h1>\n<h3 style=\"text-align: left; color: white;\">Z Hareket Konumland\u0131r\u0131c\u0131lar\u0131<\/h3>\n<\/div><\/div><\/div><\/div><a href=\"https:\/\/admex.com.tr\/tr\/admex-urunleri\/admex-robot-pozisyonerleri\/z-serisi\/\" class=\"vc_column-link smooth-scroll\" aria-label=\"Ba\u011flant\u0131\"><\/a><\/div><div class=\"vc_col-sm-6 wpb_column vc_column_container has-link\"><div class=\"vc_column-inner us_custom_51e6e127\"><div class=\"wpb_wrapper\"><div class=\"w-separator size_small\"><\/div><div class=\"w-image align_center\"><div class=\"w-image-h\"><img decoding=\"async\" width=\"1920\" height=\"1080\" src=\"https:\/\/admex.com.tr\/wp-content\/uploads\/2023\/05\/spn-z-series-header.png\" class=\"attachment-full size-full\" alt=\"\" loading=\"lazy\" srcset=\"https:\/\/admex.com.tr\/wp-content\/uploads\/2023\/05\/spn-z-series-header.png 1920w, https:\/\/admex.com.tr\/wp-content\/uploads\/2023\/05\/spn-z-series-header-300x169.png 300w, https:\/\/admex.com.tr\/wp-content\/uploads\/2023\/05\/spn-z-series-header-1024x576.png 1024w, https:\/\/admex.com.tr\/wp-content\/uploads\/2023\/05\/spn-z-series-header-100x56.png 100w, https:\/\/admex.com.tr\/wp-content\/uploads\/2023\/05\/spn-z-series-header-533x300.png 533w\" sizes=\"auto, (max-width: 1920px) 100vw, 1920px\" \/><\/div><\/div><div class=\"w-separator size_small\"><\/div><\/div><\/div><a href=\"https:\/\/admex.com.tr\/tr\/admex-urunleri\/admex-robot-pozisyonerleri\/z-serisi\/\" class=\"vc_column-link smooth-scroll\" aria-label=\"Ba\u011flant\u0131\"><\/a><\/div><\/div><\/div><\/section><section class=\"l-section wpb_row us_custom_03075067 seriesblock height_custom\"><div class=\"l-section-h i-cf\"><div class=\"g-cols vc_row via_flex valign_middle type_default stacking_default\"><div class=\"vc_col-sm-6 wpb_column vc_column_container has_text_color has-link\"><div class=\"vc_column-inner us_custom_95ebd667\"><div class=\"wpb_wrapper\"><div class=\"wpb_text_column\"><div class=\"wpb_wrapper\"><h1 style=\"text-align: left;\">U Serisi<\/h1>\n<h3 style=\"text-align: left; color: white;\">U Tipi B\u0131rakma Merkezi Konumland\u0131r\u0131c\u0131<\/h3>\n<\/div><\/div><\/div><\/div><a href=\"https:\/\/admex.com.tr\/tr\/admex-urunleri\/admex-robot-pozisyonerleri\/u-serisi\/\" class=\"vc_column-link smooth-scroll\" aria-label=\"Ba\u011flant\u0131\"><\/a><\/div><div class=\"vc_col-sm-6 wpb_column vc_column_container has-link\"><div class=\"vc_column-inner us_custom_51e6e127\"><div class=\"wpb_wrapper\"><div class=\"w-separator size_small\"><\/div><div class=\"w-image align_center\"><div class=\"w-image-h\"><img decoding=\"async\" width=\"1920\" height=\"1080\" src=\"https:\/\/admex.com.tr\/wp-content\/uploads\/2023\/05\/spn-u-series-header.png\" class=\"attachment-full size-full\" alt=\"\" loading=\"lazy\" srcset=\"https:\/\/admex.com.tr\/wp-content\/uploads\/2023\/05\/spn-u-series-header.png 1920w, https:\/\/admex.com.tr\/wp-content\/uploads\/2023\/05\/spn-u-series-header-300x169.png 300w, https:\/\/admex.com.tr\/wp-content\/uploads\/2023\/05\/spn-u-series-header-1024x576.png 1024w, https:\/\/admex.com.tr\/wp-content\/uploads\/2023\/05\/spn-u-series-header-100x56.png 100w, https:\/\/admex.com.tr\/wp-content\/uploads\/2023\/05\/spn-u-series-header-533x300.png 533w\" sizes=\"auto, (max-width: 1920px) 100vw, 1920px\" \/><\/div><\/div><div class=\"w-separator size_small\"><\/div><\/div><\/div><a href=\"https:\/\/admex.com.tr\/tr\/admex-urunleri\/admex-robot-pozisyonerleri\/u-serisi\/\" class=\"vc_column-link smooth-scroll\" aria-label=\"Ba\u011flant\u0131\"><\/a><\/div><\/div><\/div><\/section><section class=\"l-section wpb_row us_custom_03075067 seriesblock height_custom\"><div class=\"l-section-h i-cf\"><div class=\"g-cols vc_row via_flex valign_middle type_default stacking_default\"><div class=\"vc_col-sm-6 wpb_column vc_column_container has_text_color has-link\"><div class=\"vc_column-inner us_custom_95ebd667\"><div class=\"wpb_wrapper\"><div class=\"wpb_text_column\"><div class=\"wpb_wrapper\"><h1 style=\"text-align: left;\">MS Serisi<\/h1>\n<h3 style=\"text-align: left; color: white;\">\u00c7ok \u0130stasyonlu Konumland\u0131r\u0131c\u0131lar<\/h3>\n<\/div><\/div><\/div><\/div><a href=\"https:\/\/admex.com.tr\/tr\/admex-urunleri\/admex-robot-pozisyonerleri\/ms-serisi\/\" class=\"vc_column-link smooth-scroll\" aria-label=\"Ba\u011flant\u0131\"><\/a><\/div><div class=\"vc_col-sm-6 wpb_column vc_column_container has-link\"><div class=\"vc_column-inner us_custom_51e6e127\"><div class=\"wpb_wrapper\"><div class=\"w-separator size_small\"><\/div><div class=\"w-image align_center\"><div class=\"w-image-h\"><img decoding=\"async\" width=\"1920\" height=\"1080\" src=\"https:\/\/admex.com.tr\/wp-content\/uploads\/2023\/05\/spn-ms-series-header.png\" class=\"attachment-full size-full\" alt=\"\" loading=\"lazy\" srcset=\"https:\/\/admex.com.tr\/wp-content\/uploads\/2023\/05\/spn-ms-series-header.png 1920w, https:\/\/admex.com.tr\/wp-content\/uploads\/2023\/05\/spn-ms-series-header-300x169.png 300w, https:\/\/admex.com.tr\/wp-content\/uploads\/2023\/05\/spn-ms-series-header-1024x576.png 1024w, https:\/\/admex.com.tr\/wp-content\/uploads\/2023\/05\/spn-ms-series-header-100x56.png 100w, https:\/\/admex.com.tr\/wp-content\/uploads\/2023\/05\/spn-ms-series-header-533x300.png 533w\" sizes=\"auto, (max-width: 1920px) 100vw, 1920px\" \/><\/div><\/div><div class=\"w-separator size_small\"><\/div><\/div><\/div><a href=\"https:\/\/admex.com.tr\/tr\/admex-urunleri\/admex-robot-pozisyonerleri\/ms-serisi\/\" class=\"vc_column-link smooth-scroll\" aria-label=\"Ba\u011flant\u0131\"><\/a><\/div><\/div><\/div><\/section><section class=\"l-section wpb_row height_medium\"><div class=\"l-section-h i-cf\"><div class=\"g-cols vc_row via_flex valign_top type_default stacking_default\"><div class=\"vc_col-sm-8 wpb_column vc_column_container\"><div class=\"vc_column-inner\"><div class=\"wpb_wrapper\"><div class=\"wpb_text_column\"><div class=\"wpb_wrapper\"><h2><strong>ADMEX Robot Pozisyonerler<\/strong><\/h2>\n<p><strong>ADMEX Hareket Teknolojileri<\/strong>, robot konumland\u0131r\u0131c\u0131lar\u0131n geli\u015ftirilmesinde ileri d\u00fczeyde bilgi ve deneyime sahip bir \u015firkettir. <strong>ADMEX<\/strong>&#8216;in \u00fcretim ve kurulum s\u00fcre\u00e7lerindeki t\u00fcm bilgi birikimi, tam olarak kendi standart robot konumland\u0131r\u0131c\u0131 ailemizi olu\u015fturdu\u011fumuzda kullan\u0131ld\u0131.<\/p>\n<p><strong>ADMEX<\/strong> standart konumland\u0131r\u0131c\u0131lar bir\u00e7ok yenilik\u00e7i \u00f6zelli\u011fe sahiptir. Mod\u00fcler bir konseptte robot konumland\u0131r\u0131c\u0131lar\u0131n geli\u015ftirilmesi, esnekli\u011fi ve verimlili\u011fi en \u00fcst d\u00fczeye \u00e7\u0131kar\u0131r. Ayr\u0131ca mod\u00fcler yap\u0131s\u0131 sayesinde \u00fcst\u00fcn kalite daha uygun maliyetle sunulabilmektedir.<\/p>\n<p>Kaliteyi y\u00fcksek tutmak i\u00e7in <strong>ADMEX Hareket Teknolojileri<\/strong>&#8216;nin sistemi, geli\u015fmi\u015f <strong>ADMEX<\/strong> \u00fcr\u00fcn tasar\u0131m\u0131na, hassas \u00fcretim ko\u015fullar\u0131na, robotik \u00fcretim s\u00fcre\u00e7lerimize, standart \u00fcr\u00fcnlere dayanmaktad\u0131r. kullan\u0131lan d\u00fcnyan\u0131n \u00f6nde gelen tedarik\u00e7ilerinin en \u00fcst d\u00fczey \u00fcr\u00fcnlerinden se\u00e7ilerek t\u00fcm kalite ve \u00e7al\u0131\u015fma test kontrollerinden ge\u00e7ilmektedir.<\/p>\n<p><strong>Robot Konumland\u0131r\u0131c\u0131lar<\/strong>, 1 eksenden 5 eksene, hafif ve a\u011f\u0131r hizmet versiyonlar\u0131nda 250 kg&#8217;dan 60.000 kg&#8217;a kadar de\u011fi\u015fir. <strong>Robot Konumland\u0131r\u0131c\u0131lar<\/strong>, m\u00fc\u015fterilerimizin &#8220;kendi&#8221; konumlay\u0131c\u0131lar\u0131n\u0131 standartlar\u0131na g\u00f6re optimize etmelerini sa\u011flamak i\u00e7in \u00e7e\u015fitli se\u00e7eneklere sahiptir.<\/p>\n<p><!--daha fazla--><strong>ADMEX Robot Konumland\u0131r\u0131c\u0131lar\u0131<\/strong>, y\u00fcksek performans, y\u00fcksek kalite ve uzun kullan\u0131m \u00f6mr\u00fc i\u00e7in tasarlanm\u0131\u015ft\u0131r.<\/p>\n<p><strong>ADMEX Robot Konumland\u0131r\u0131c\u0131lar<\/strong>, robot uygulamalar\u0131nda \u00fcretkenli\u011fi ve kaliteyi art\u0131rmak i\u00e7in geli\u015ftirilmi\u015ftir.<\/p>\n<p><strong>ADMEX Robot Konumland\u0131r\u0131c\u0131lar\u0131<\/strong> herhangi bir servo motora ve servo kontrol sistemine uyarlanabilir.<\/p>\n<p><strong>ADMEX Robot Konumland\u0131r\u0131c\u0131lar\u0131<\/strong>, m\u00fc\u015fterilerin tercih ettikleri marka servo motorlar\u0131 kullanmalar\u0131na olanak tan\u0131yan servo motorlarla veya servo motorlar olmadan teslim edilebilir.<\/p>\n<p>Sadece hangi robot modelini kullanaca\u011f\u0131n\u0131z\u0131 belirtin, size en iyi performans\u0131 elde etmek i\u00e7in hangi motoru se\u00e7meniz gerekti\u011fini s\u00f6yleyelim.<\/p>\n<p><strong>ADMEX Robot Konumland\u0131r\u0131c\u0131lar<\/strong>, esas olarak ark kayna\u011f\u0131 ve CNC i\u015fleme uygulamalar\u0131nda kullan\u0131l\u0131r, ancak herhangi bir robotik uygulama i\u00e7in uygun robot konumland\u0131r\u0131c\u0131lard\u0131r.<\/p>\n<p><strong>ADMEX<\/strong> \u00fcr\u00fcnleri birbiriyle uyumlu olacak \u015fekilde tasarlanm\u0131\u015ft\u0131r, \u00dcretti\u011fimiz <a href=\"https:\/\/admex.com.tr\/tr\/admex-urunleri\/admex-gantry-sistemleri\/\"><strong>Gantry Sistemleri <\/strong><\/a>ve <a href=\"https:\/\/admex.com.tr\/tr\/admex-urunleri\/standart-robot-kaydirici-uniteleri\/\"><strong>Robot Lineer K\u0131zaklar\u0131<\/strong><\/a> inceleyin.<\/p>\n<p><strong>ADMEX<\/strong> olarak <a href=\"https:\/\/admex.com.tr\/tr\/admex-urunleri\/admex-robot-pozisyonerleri\/i-serisi\/\">I Serisi<\/a>, <a href=\"https:\/\/admex.com.tr\/tr\/admex-urunleri\/admex-robot-pozisyonerleri\/v-serisi\/\">V Serisi<\/a>, <a href=\"https:\/\/admex.com.tr\/tr\/admex-urunleri\/admex-robot-pozisyonerleri\/l-serisi\/\">L Serisi<\/a>, <a href=\"https:\/\/admex.com.tr\/tr\/admex-urunleri\/admex-robot-pozisyonerleri\/z-serisi\/\">Z Serisi<\/a>, <a href=\"https:\/\/admex.com.tr\/tr\/admex-urunleri\/admex-robot-pozisyonerleri\/u-serisi\/\">U Serisi<\/a> ve <a href=\"https:\/\/admex.com.tr\/tr\/admex-urunleri\/admex-robot-pozisyonerleri\/ms-serisi\/\">MS Serisi<\/a> olarak geni\u015f bir \u00fcr\u00fcn a\u011f\u0131na sahibiz. <a href=\"https:\/\/admex.com.tr\/tr\/admex-urunleri\/\">\u00dcr\u00fcnlerimiz<\/a> hakk\u0131nda detayl\u0131 bilgi almak i\u00e7in bizimle <a href=\"https:\/\/admex.com.tr\/tr\/iletisim\/\">ileti\u015fime<\/a> ge\u00e7ebilirsiniz.<\/p>\n<\/div><\/div><\/div><\/div><\/div><div class=\"vc_col-sm-4 wpb_column vc_column_container\"><div class=\"vc_column-inner type_sticky\"><div class=\"wpb_wrapper\"><div class=\"wpb_text_column\"><div class=\"wpb_wrapper\"><p><strong>ADMEX Robot Konumland\u0131r\u0131c\u0131lar\u0131, a\u015fa\u011f\u0131dakiler dahil olmak \u00fczere \u00e7ok \u00e7e\u015fitli sekt\u00f6rlerde kullan\u0131labilir:<\/strong><\/p>\n<ul>\n<li>Otomotiv Sekt\u00f6r\u00fc (Oem, Tier1, Tier2)<\/li>\n<li>Makine End\u00fcstrisi<\/li>\n<li>Metal \u0130\u015fleme End\u00fcstrisi<\/li>\n<li>Sar\u0131 E\u015fya End\u00fcstrisi<\/li>\n<li>\u0130n\u015faat Ekipmanlar\u0131 End\u00fcstrisi<\/li>\n<li>Ta\u015f ve Beton End\u00fcstrileri<\/li>\n<li>Plastik ve Kau\u00e7uk End\u00fcstrileri<\/li>\n<li>Ula\u015ft\u0131rma Sekt\u00f6r\u00fc<\/li>\n<li>Savunma Sanayii<\/li>\n<li>Mobilya \u00dcretim Sekt\u00f6r\u00fc<\/li>\n<li>Enerji End\u00fcstrisi<\/li>\n<li>Genel End\u00fcstriler<\/li>\n<\/ul>\n<\/div><\/div><\/div><\/div><\/div><\/div><\/div><\/section>\n","protected":false},"excerpt":{"rendered":"I SER\u0130S\u0130 Tek Eksenli Yatay Konumland\u0131r\u0131c\u0131lar V Serisi V Tipi Tek Eksenli Dikey Konumland\u0131r\u0131c\u0131lar L Serisi L Tipi Konumland\u0131r\u0131c\u0131lar Z Serisi Z Hareket Konumland\u0131r\u0131c\u0131lar\u0131 U Serisi U Tipi B\u0131rakma Merkezi Konumland\u0131r\u0131c\u0131 MS Serisi \u00c7ok \u0130stasyonlu Konumland\u0131r\u0131c\u0131lar ADMEX Robot Pozisyonerler ADMEX Hareket Teknolojileri, robot konumland\u0131r\u0131c\u0131lar\u0131n geli\u015ftirilmesinde ileri d\u00fczeyde bilgi ve deneyime sahip bir \u015firkettir. ADMEX&#8216;in \u00fcretim...","protected":false},"author":122,"featured_media":0,"parent":8583,"menu_order":11,"comment_status":"closed","ping_status":"closed","template":"","meta":{"footnotes":""},"class_list":["post-10957","page","type-page","status-publish","hentry"],"_links":{"self":[{"href":"https:\/\/admex.com.tr\/tr\/wp-json\/wp\/v2\/pages\/10957","targetHints":{"allow":["GET"]}}],"collection":[{"href":"https:\/\/admex.com.tr\/tr\/wp-json\/wp\/v2\/pages"}],"about":[{"href":"https:\/\/admex.com.tr\/tr\/wp-json\/wp\/v2\/types\/page"}],"author":[{"embeddable":true,"href":"https:\/\/admex.com.tr\/tr\/wp-json\/wp\/v2\/users\/122"}],"replies":[{"embeddable":true,"href":"https:\/\/admex.com.tr\/tr\/wp-json\/wp\/v2\/comments?post=10957"}],"version-history":[{"count":0,"href":"https:\/\/admex.com.tr\/tr\/wp-json\/wp\/v2\/pages\/10957\/revisions"}],"up":[{"embeddable":true,"href":"https:\/\/admex.com.tr\/tr\/wp-json\/wp\/v2\/pages\/8583"}],"wp:attachment":[{"href":"https:\/\/admex.com.tr\/tr\/wp-json\/wp\/v2\/media?parent=10957"}],"curies":[{"name":"wp","href":"https:\/\/api.w.org\/{rel}","templated":true}]}}