{"id":10942,"date":"2022-10-04T14:41:18","date_gmt":"2022-10-04T11:41:18","guid":{"rendered":"https:\/\/admex.com.tr\/u-series\/"},"modified":"2023-05-05T18:49:42","modified_gmt":"2023-05-05T15:49:42","slug":"u-serisi","status":"publish","type":"page","link":"https:\/\/admex.com.tr\/tr\/admex-urunleri\/admex-robot-pozisyonerleri\/u-serisi\/","title":{"rendered":"U Serisi"},"content":{"rendered":"<section class=\"l-section wpb_row height_custom width_full\"><div class=\"l-section-h i-cf\"><div class=\"g-cols vc_row via_flex valign_top type_default stacking_default\"><div class=\"vc_col-sm-12 wpb_column vc_column_container\"><div class=\"vc_column-inner\"><div class=\"wpb_wrapper\"><nav class=\"w-menu us_custom_c4f44255 layout_hor style_blocks us_menu_1\" style=\"--main-gap:1.5rem;--main-ver-indent:0.8em;--main-hor-indent:0.8em;--main-bg-color:rgba(0,0,0,0.1);--main-color:#999999;--main-hover-color:#f5f5f5;--main-active-color:#ffffff;\"><ul id=\"menu-positioner-items-turkish\" class=\"menu\"><li id=\"menu-item-11217\" class=\"menu-item menu-item-type-post_type menu-item-object-page menu-item-11217\"><a href=\"https:\/\/admex.com.tr\/tr\/admex-urunleri\/admex-robot-pozisyonerleri\/i-serisi\/\">I Serisi<\/a><\/li><li id=\"menu-item-11218\" class=\"menu-item menu-item-type-post_type menu-item-object-page menu-item-11218\"><a href=\"https:\/\/admex.com.tr\/tr\/admex-urunleri\/admex-robot-pozisyonerleri\/v-serisi\/\">V Serisi<\/a><\/li><li id=\"menu-item-11219\" class=\"menu-item menu-item-type-post_type menu-item-object-page menu-item-11219\"><a href=\"https:\/\/admex.com.tr\/tr\/admex-urunleri\/admex-robot-pozisyonerleri\/l-serisi\/\">L Serisi<\/a><\/li><li id=\"menu-item-11220\" class=\"menu-item menu-item-type-post_type menu-item-object-page menu-item-11220\"><a href=\"https:\/\/admex.com.tr\/tr\/admex-urunleri\/admex-robot-pozisyonerleri\/z-serisi\/\">Z Serisi<\/a><\/li><li id=\"menu-item-11221\" class=\"menu-item menu-item-type-post_type menu-item-object-page menu-item-11221\"><a href=\"https:\/\/admex.com.tr\/tr\/admex-urunleri\/admex-robot-pozisyonerleri\/u-serisi\/\">U Serisi<\/a><\/li><li id=\"menu-item-11222\" class=\"menu-item menu-item-type-post_type menu-item-object-page menu-item-11222\"><a href=\"https:\/\/admex.com.tr\/tr\/admex-urunleri\/admex-robot-pozisyonerleri\/ms-serisi\/\">MS Serisi<\/a><\/li><\/ul><style>@media ( max-width:600px ){.us_menu_1 .menu{display:block!important}.us_menu_1 .menu>li{margin:0 0 var(--main-gap,1.5rem)!important}}<\/style><\/nav><\/div><\/div><\/div><\/div><\/div><\/section><section class=\"l-section wpb_row height_custom\"><div class=\"l-section-h i-cf\"><div class=\"g-cols vc_row via_flex valign_top type_default stacking_default\"><div class=\"vc_col-sm-8 wpb_column vc_column_container\"><div class=\"vc_column-inner\"><div class=\"wpb_wrapper\"><div class=\"w-separator size_medium\"><\/div><div class=\"wpb_text_column\"><div class=\"wpb_wrapper\"><h2><strong>ADMEX Robot Pozisyonerler<\/strong><\/h2>\n<p><strong>ADMEX Advanced Motion Experts<\/strong>&#8216;in <strong>U Serisi<\/strong> ile tan\u0131\u015f\u0131n. U serisi, t\u00fcm y\u00fck ta\u015f\u0131ma ihtiya\u00e7lar\u0131n\u0131z i\u00e7in <strong>m\u00fckemmel \u00e7\u00f6z\u00fcmd\u00fcr<\/strong>. <strong>Mod\u00fcler iki eksenli tasar\u0131m\u0131m\u0131z<\/strong>, <strong>3 tondan 20 tona kadar<\/strong> \u00e7e\u015fitli ta\u015f\u0131ma y\u00fckleri ile <strong>y\u00fcksek performans<\/strong> ve <strong>\u00fcst\u00fcn kaliteli yap\u0131<\/strong> sunarak i\u015fletmeniz i\u00e7in <strong>sorunsuz<\/strong> ve <strong>verimli<\/strong> operasyonlar sa\u011flar.<\/p>\n<p><strong>U Serisi<\/strong> ile <strong>ADMEX<\/strong>&#8216;in uzmanl\u0131\u011f\u0131na g\u00fcvenebilir ve <strong>sekt\u00f6r\u00fcn en iyisine<\/strong> yat\u0131r\u0131m yapabilirsiniz. Pozisyonerimiz <strong>sa\u011flaml\u0131k<\/strong> g\u00f6z \u00f6n\u00fcnde bulundurularak tasarlanm\u0131\u015ft\u0131r ve <strong>her t\u00fcrl\u00fc uygulaman\u0131n<\/strong> \u00fcstesinden gelebilecek <strong>y\u00fcksek mukavemetli<\/strong>, kaynakl\u0131 <strong>\u00e7elik<\/strong> bir yap\u0131 ile \u00fcretilmi\u015ftir.<\/p>\n<p><strong>Mevcut birden fazla se\u00e7enekle<\/strong>, U Serisi <strong>\u00f6zel<\/strong> ihtiya\u00e7lar\u0131n\u0131za <strong>m\u00fckemmel \u015fekilde<\/strong> uyacak \u015fekilde uyarlanabilir.<\/p>\n<p><strong>En iyisinden daha az\u0131yla yetinmeyin<\/strong> &#8211; <strong>ADMEX Robot Pozisyonerinizi<\/strong> bug\u00fcn sipari\u015f edin ve daha <strong>verimli<\/strong> ve <strong>\u00fcretken<\/strong> bir gelece\u011fe do\u011fru ilk ad\u0131m\u0131 at\u0131n.<\/p>\n<p><strong>ADMEX<\/strong> \u00fcr\u00fcnleri birbiriyle uyumlu olacak \u015fekilde tasarlanm\u0131\u015ft\u0131r, \u00dcretti\u011fimiz <a href=\"https:\/\/admex.com.tr\/tr\/admex-urunleri\/admex-gantry-sistemleri\/\"><strong>Gantry Sistemleri <\/strong><\/a>ve <a href=\"https:\/\/admex.com.tr\/tr\/admex-urunleri\/standart-robot-kaydirici-uniteleri\/\"><strong>Robot Lineer K\u0131zaklar\u0131<\/strong><\/a> inceleyin.<\/p>\n<\/div><\/div><\/div><\/div><\/div><div class=\"vc_col-sm-4 wpb_column vc_column_container\"><div class=\"vc_column-inner\"><div class=\"wpb_wrapper\"><div class=\"w-separator size_medium\"><\/div><div class=\"wpb_text_column\"><div class=\"wpb_wrapper\"><p><strong>ADMEX Robot Konumland\u0131r\u0131c\u0131lar\u0131, a\u015fa\u011f\u0131dakiler dahil olmak \u00fczere \u00e7ok \u00e7e\u015fitli sekt\u00f6rlerde kullan\u0131labilir:<\/strong><\/p>\n<ul>\n<li>Otomotiv Sekt\u00f6r\u00fc (Oem, Tier1, Tier2)<\/li>\n<li>Makine End\u00fcstrisi<\/li>\n<li>Metal \u0130\u015fleme End\u00fcstrisi<\/li>\n<li>Sar\u0131 E\u015fya End\u00fcstrisi<\/li>\n<li>\u0130n\u015faat Ekipmanlar\u0131 End\u00fcstrisi<\/li>\n<li>Ta\u015f ve Beton End\u00fcstrileri<\/li>\n<li>Plastik ve Kau\u00e7uk End\u00fcstrileri<\/li>\n<li>Ula\u015ft\u0131rma Sekt\u00f6r\u00fc<\/li>\n<li>Savunma Sanayii<\/li>\n<li>Mobilya \u00dcretim Sekt\u00f6r\u00fc<\/li>\n<li>Enerji End\u00fcstrisi<\/li>\n<li>Genel End\u00fcstriler<\/li>\n<\/ul>\n<\/div><\/div><\/div><\/div><\/div><\/div><\/div><\/section><section class=\"l-section wpb_row height_custom\"><div class=\"l-section-h i-cf\"><div class=\"g-cols vc_row via_flex valign_top type_default stacking_default\"><div class=\"vc_col-sm-12 wpb_column vc_column_container\"><div class=\"vc_column-inner\"><div class=\"wpb_wrapper\"><div class=\"w-separator size_medium\"><\/div><div class=\"w-grid us_custom_eb849559 type_grid layout_portfolio_3 cols_3 with_filters ratio_4x3\" id=\"us_grid_1\" style=\"--gap:0px;\"><style>@media (max-width:1024px){#us_grid_1 .w-grid-item{width:50%}#us_grid_1 .w-grid-item.size_2x1,#us_grid_1 .w-grid-item.size_2x2{width:100%}}@media (max-width:600px){#us_grid_1 .w-grid-list{margin:0}#us_grid_1 .w-grid-item{width:100%;padding:0;margin-bottom:var(--gap,0px)}}#us_grid_1 .w-grid-item-h:before{padding-bottom:75%}.layout_portfolio_3 .w-grid-item-h:before{padding-bottom:100%}@media (min-width:601px){.layout_portfolio_3 .w-grid-item.size_1x2 .w-grid-item-h:before{padding-bottom:calc(200% + var(--gap,0px) * 2)}.layout_portfolio_3 .w-grid-item.size_2x1 .w-grid-item-h:before{padding-bottom:calc(50% - var(--gap,0px) * 1)}.layout_portfolio_3 .w-grid-item.size_2x2 .w-grid-item-h:before{padding-bottom:calc(100% - var(--gap,0px) * 0)}}.layout_portfolio_3 .w-grid-item-h{}.layout_portfolio_3 .usg_post_image_1{transition-duration:0.4s;transform-origin:50% 50%;transform:scale(1) translate(0%,0%);opacity:0.25}.layout_portfolio_3 .w-grid-item-h:hover .usg_post_image_1{transform:scale(1) translate(0%,0%);opacity:1}.layout_portfolio_3 .usg_post_title_1{transition-duration:0.3s;transform-origin:50% 50%;transform:scale(1) translate(0%,0%)}.layout_portfolio_3 .w-grid-item-h:hover .usg_post_title_1{transform:scale(1) translate(0%,-100%);opacity:0}.layout_portfolio_3 .usg_post_taxonomy_1{transition-duration:0.3s;transform-origin:50% 50%;transform:scale(1) translate(0%,0%)}.layout_portfolio_3 .w-grid-item-h:hover .usg_post_taxonomy_1{transform:scale(1) translate(0%,100%);opacity:0}.layout_portfolio_3 .usg_post_image_1{position:absolute!important;top:0!important;right:0!important;bottom:0!important;left:0!important}.layout_portfolio_3 .usg_vwrapper_1{position:absolute!important;top:0!important;right:0!important;bottom:0!important;left:0!important;padding:2rem!important}.layout_portfolio_3 .usg_post_title_1{color:inherit!important;font-size:1.4rem!important}<\/style><div class=\"g-filters style_1 align_center\"><button class=\"g-filters-item active\" data-taxonomy=\"*\"><span>Hepsi<\/span><\/button><button class=\"g-filters-item\" data-taxonomy=\"u-serisi\" data-amount=\"1\"><span>U Serisi<\/span><span class=\"g-filters-item-amount\">1<\/span><\/button><\/div><div class=\"w-grid-list\" data-filter_taxonomy_name=\"us_portfolio_category\" data-filter_default_taxonomies=\"u-series\">\t<article class=\"w-grid-item size_1x1 post-12691 us_portfolio type-us_portfolio status-publish has-post-thumbnail hentry us_portfolio_category-robot-positioners us_portfolio_category-u-serisi\" data-id=\"12691\">\r\n\t\t<div class=\"w-grid-item-h\">\r\n\t\t\t\t\t\t\t<a href=\"https:\/\/admex.com.tr\/tr\/urunler\/spn-ubd-robot-pozisyoner-serisi\/\" class=\"w-grid-item-anchor\" aria-label=\"SPN-UBD Robot Pozisyoner Serisi\"><\/a>\r\n\t\t\t\t\t\t<div class=\"w-post-elm post_image usg_post_image_1 stretched\"><img loading=\"lazy\" decoding=\"async\" width=\"1024\" height=\"576\" src=\"https:\/\/admex.com.tr\/wp-content\/uploads\/2023\/05\/admex-robot-positioner-spn-u-series-1024x576.png\" class=\"attachment-large size-large wp-post-image\" alt=\"\" srcset=\"https:\/\/admex.com.tr\/wp-content\/uploads\/2023\/05\/admex-robot-positioner-spn-u-series-1024x576.png 1024w, https:\/\/admex.com.tr\/wp-content\/uploads\/2023\/05\/admex-robot-positioner-spn-u-series-300x169.png 300w, https:\/\/admex.com.tr\/wp-content\/uploads\/2023\/05\/admex-robot-positioner-spn-u-series-100x56.png 100w, https:\/\/admex.com.tr\/wp-content\/uploads\/2023\/05\/admex-robot-positioner-spn-u-series-533x300.png 533w, https:\/\/admex.com.tr\/wp-content\/uploads\/2023\/05\/admex-robot-positioner-spn-u-series.png 1920w\" sizes=\"auto, (max-width: 1024px) 100vw, 1024px\" \/><\/div><div class=\"w-vwrapper usg_vwrapper_1 align_center valign_middle\"><h2 class=\"w-post-elm post_title usg_post_title_1 has_text_color entry-title color_link_inherit\">SPN-UBD Robot Pozisyoner Serisi<\/h2><div class=\"w-post-elm post_taxonomy usg_post_taxonomy_1 style_simple color_link_inherit\"><a class=\"term-91 term-robot-positioners\" href=\"https:\/\/admex.com.tr\/tr\/product_category\/robot-positioners\/\">Robot Pozisyonerler<\/a><b>, <\/b><a class=\"term-96 term-u-serisi\" href=\"https:\/\/admex.com.tr\/tr\/product_category\/u-serisi\/\">U Serisi<\/a><\/div><\/div>\t\t<\/div>\r\n\t\t\t<\/article>\r\n<\/div><div class=\"w-grid-preloader\">\t<div class=\"g-preloader type_1\">\r\n\t\t<div><\/div>\r\n\t<\/div>\r\n\t<\/div>\t<div class=\"w-grid-json hidden\" onclick='return {&quot;action&quot;:&quot;us_ajax_grid&quot;,&quot;infinite_scroll&quot;:0,&quot;max_num_pages&quot;:1,&quot;pagination&quot;:&quot;none&quot;,&quot;template_vars&quot;:{&quot;columns&quot;:&quot;3&quot;,&quot;exclude_items&quot;:&quot;none&quot;,&quot;img_size&quot;:&quot;default&quot;,&quot;ignore_items_size&quot;:0,&quot;items_layout&quot;:&quot;portfolio_3&quot;,&quot;items_offset&quot;:&quot;1&quot;,&quot;load_animation&quot;:&quot;none&quot;,&quot;overriding_link&quot;:&quot;%7B%22type%22%3A%22post%22%7D&quot;,&quot;post_id&quot;:0,&quot;query_args&quot;:{&quot;post_type&quot;:[&quot;us_portfolio&quot;],&quot;tax_query&quot;:[{&quot;taxonomy&quot;:&quot;us_portfolio_category&quot;,&quot;field&quot;:&quot;slug&quot;,&quot;terms&quot;:[&quot;u-series&quot;]}],&quot;post_status&quot;:[&quot;publish&quot;],&quot;posts_per_page&quot;:&quot;10&quot;},&quot;orderby_query_args&quot;:{&quot;orderby&quot;:{&quot;title&quot;:&quot;ASC&quot;},&quot;order&quot;:&quot;ASC&quot;},&quot;type&quot;:&quot;grid&quot;,&quot;us_grid_post_type&quot;:&quot;us_portfolio&quot;,&quot;us_grid_ajax_index&quot;:1,&quot;us_grid_filter_query_string&quot;:null,&quot;us_grid_index&quot;:1,&quot;page_args&quot;:[],&quot;lang&quot;:&quot;tr&quot;}}'><\/div>\r\n\t<\/div><div class=\"w-separator size_medium\"><\/div><\/div><\/div><\/div><\/div><\/div><\/section>\n","protected":false},"excerpt":{"rendered":"SPN-UBD Robot Pozisyoner SerisiMevcut Se\u00e7eneklerKayar bak\u0131r bloklara sahip topraklama burcu.Topraklama kablolar\u0131Hava ve sinyaller i\u00e7in d\u00f6ner \u00fcnite Ana \/ G\u00fcvenli pozisyon sens\u00f6rleriServo motor entegrasyonu. Robot Pozisyoner \u00d6zellikleri \u00a0Admex SPN-UBD Pozisyoner mod\u00fcler sistemimizle olu\u015fturulmu\u015ftur. Admex SPN-UBD pozisyoner y\u00fcksek dayan\u0131m kaynakl\u0131 \u00e7elik yap\u0131 kullan\u0131lm\u0131\u015ft\u0131r. Son teknoloji redaksiyon di\u015fli kutular\u0131, X rulmanlar\u0131 ve di\u015fli \u00e7\u00f6z\u00fcmler kullan\u0131lm\u0131\u015ft\u0131r. Admex SPN-UBD pozisyoner,...","protected":false},"author":122,"featured_media":10937,"parent":10957,"menu_order":16,"comment_status":"closed","ping_status":"closed","template":"","meta":{"footnotes":""},"class_list":["post-10942","page","type-page","status-publish","has-post-thumbnail","hentry"],"_links":{"self":[{"href":"https:\/\/admex.com.tr\/tr\/wp-json\/wp\/v2\/pages\/10942","targetHints":{"allow":["GET"]}}],"collection":[{"href":"https:\/\/admex.com.tr\/tr\/wp-json\/wp\/v2\/pages"}],"about":[{"href":"https:\/\/admex.com.tr\/tr\/wp-json\/wp\/v2\/types\/page"}],"author":[{"embeddable":true,"href":"https:\/\/admex.com.tr\/tr\/wp-json\/wp\/v2\/users\/122"}],"replies":[{"embeddable":true,"href":"https:\/\/admex.com.tr\/tr\/wp-json\/wp\/v2\/comments?post=10942"}],"version-history":[{"count":0,"href":"https:\/\/admex.com.tr\/tr\/wp-json\/wp\/v2\/pages\/10942\/revisions"}],"up":[{"embeddable":true,"href":"https:\/\/admex.com.tr\/tr\/wp-json\/wp\/v2\/pages\/10957"}],"wp:featuredmedia":[{"embeddable":true,"href":"https:\/\/admex.com.tr\/tr\/wp-json\/wp\/v2\/media\/10937"}],"wp:attachment":[{"href":"https:\/\/admex.com.tr\/tr\/wp-json\/wp\/v2\/media?parent=10942"}],"curies":[{"name":"wp","href":"https:\/\/api.w.org\/{rel}","templated":true}]}}