{"id":10739,"date":"2022-04-09T11:40:06","date_gmt":"2022-04-09T08:40:06","guid":{"rendered":"https:\/\/admex.com.tr\/?page_id=10739"},"modified":"2025-09-23T14:10:26","modified_gmt":"2025-09-23T11:10:26","slug":"sgp-serisi","status":"publish","type":"page","link":"https:\/\/admex.com.tr\/tr\/admex-urunleri\/admex-gantry-sistemleri\/sgp-serisi\/","title":{"rendered":"SGP Serisi"},"content":{"rendered":"<section class=\"l-section wpb_row height_custom width_full\"><div class=\"l-section-h i-cf\"><div class=\"g-cols vc_row via_flex valign_top type_default stacking_default\"><div class=\"vc_col-sm-12 wpb_column vc_column_container\"><div class=\"vc_column-inner\"><div class=\"wpb_wrapper\"><nav class=\"w-menu us_custom_c4f44255 layout_hor style_blocks us_menu_1\" style=\"--main-gap:1.5rem;--main-ver-indent:0.8em;--main-hor-indent:0.8em;--main-bg-color:rgba(0,0,0,0.1);--main-color:#999999;--main-hover-color:#f5f5f5;--main-active-color:#ffffff;\"><ul id=\"menu-gantry-items-tr\" class=\"menu\"><li id=\"menu-item-23437\" class=\"menu-item menu-item-type-post_type menu-item-object-page menu-item-23437\"><a href=\"https:\/\/admex.com.tr\/tr\/admex-urunleri\/admex-gantry-sistemleri\/sgs-serisi\/\">SGS Serisi<\/a><\/li><li id=\"menu-item-23436\" class=\"menu-item menu-item-type-post_type menu-item-object-page menu-item-23436\"><a href=\"https:\/\/admex.com.tr\/tr\/admex-urunleri\/admex-gantry-sistemleri\/sgp-serisi\/\">SGP Serisi<\/a><\/li><li id=\"menu-item-23438\" class=\"menu-item menu-item-type-post_type menu-item-object-page menu-item-23438\"><a href=\"https:\/\/admex.com.tr\/tr\/admex-urunleri\/admex-gantry-sistemleri\/sgh-serisi\/\">SGH Serisi<\/a><\/li><li id=\"menu-item-23533\" class=\"menu-item menu-item-type-post_type menu-item-object-page menu-item-23533\"><a href=\"https:\/\/admex.com.tr\/tr\/admex-urunleri\/admex-gantry-sistemleri\/sgg-serisi\/\">SGG Serisi<\/a><\/li><li id=\"menu-item-23532\" class=\"menu-item menu-item-type-post_type menu-item-object-page menu-item-23532\"><a href=\"https:\/\/admex.com.tr\/tr\/admex-urunleri\/admex-gantry-sistemleri\/sgr-serisi\/\">SGR Serisi<\/a><\/li><\/ul><style>@media ( max-width:600px ){.us_menu_1 .menu{display:block!important}.us_menu_1 .menu>li{margin:0 0 var(--main-gap,1.5rem)!important}}<\/style><\/nav><\/div><\/div><\/div><\/div><\/div><\/section><section class=\"l-section wpb_row height_custom\"><div class=\"l-section-h i-cf\"><div class=\"g-cols vc_row via_flex valign_top type_default stacking_default\"><div class=\"vc_col-sm-6 wpb_column vc_column_container\"><div class=\"vc_column-inner\"><div class=\"wpb_wrapper\"><div class=\"w-separator size_medium\"><\/div><div class=\"wpb_text_column\"><div class=\"wpb_wrapper\"><p>SGP serisi gantry robotlar <span>SGP-2, SGP-4, SGP-6, SGP-10 ve SGP-15<\/span> olmak \u00fczere be\u015f farkl\u0131 modelde sunulmaktad\u0131r. T\u00fcm modellerimiz i\u00e7in ADMEX taraf\u0131ndan geli\u015ftirilen a\u011f kafes yap\u0131s\u0131 ve onlarca saatlik FEA \u00e7al\u0131\u015fmalar\u0131 sayesinde s\u0131n\u0131f\u0131n\u0131n en rijit g\u00f6vdeli gantry robotlar\u0131d\u0131r.<\/p>\n<p>ADMEX&#8217;in ileri m\u00fchendisli\u011fi ile eksen \u00f6l\u00e7\u00fcleri ve kesitleri, ayak \u00f6l\u00e7\u00fcleri ve y\u00fckseklikleri, t\u00fcm modellerin tahrik sistemleri en zor ko\u015fullarda bile gerekli dinamik rijitli\u011fi sa\u011flayacak belirli bir frekans seviyesinde geli\u015ftirilmi\u015ftir.<\/p>\n<p>X eksenleri, ADMEX&#8217;in standart STN serisi raylar\u0131ndan yap\u0131lm\u0131\u015ft\u0131r. ADMEX STN serisi paletler 10.000 km \u00f6mr\u00fc, 0,01 mm tekrarlanabilirli\u011fi ve 2 m\/sn&#8217;ye varan h\u0131zlar\u0131yla s\u0131n\u0131f\u0131n\u0131n en iyisidir. STN serisi paletler, SGP serisi s\u00fctun tipi gantry robotlar\u0131m\u0131z\u0131 rakiplerine g\u00f6re \u00e7ok daha rijit, hassas, h\u0131zl\u0131 ve uzun \u00f6m\u00fcrl\u00fc k\u0131lmaktad\u0131r.<\/p>\n<p>Uygulamalar i\u00e7in \u00e7ok uygundur. Di\u011fer uygulamalar i\u00e7in l\u00fctfen ADMEX&#8217;e dan\u0131\u015f\u0131n.<\/p>\n<\/div><\/div><\/div><\/div><\/div><div class=\"vc_col-sm-6 wpb_column vc_column_container\"><div class=\"vc_column-inner\"><div class=\"wpb_wrapper\"><div class=\"w-separator size_medium\"><\/div><div class=\"wpb_text_column\"><div class=\"wpb_wrapper\"><ul>\n<li>Kaynak<\/li>\n<li>Ta\u015f\u0131ma<\/li>\n<li>Makine bak\u0131m\u0131<\/li>\n<li>Toplant\u0131<\/li>\n<li>Paketleme ve paletleme<\/li>\n<\/ul>\n<p>X ekseni, birbirine 2,3 ve 4 metrelik mod\u00fcller eklenerek birer metrelik ad\u0131mlarla 40 metreye kadar uzat\u0131labilir. Uygulama daha uzun bir X ekseni gerektiriyorsa, kablo uzunlu\u011fu s\u0131n\u0131rlamas\u0131 dikkate al\u0131nmal\u0131d\u0131r. Robot kontrol\u00f6r\u00fc dire\u011fe yerle\u015ftirildi\u011finde X ekseni s\u0131n\u0131r\u0131 ortadan kalkar.<\/p>\n<p>ADMEX gantry, 2 y\u0131l \u00fcr\u00fcn garantisi, 10.000 km&#8217;ye varan servis \u00f6mr\u00fc, bak\u0131m gerektirmeyen red\u00fckt\u00f6rler, merkezi ve otomatik ya\u011flama sistemleri ve mod\u00fcler yap\u0131s\u0131 sayesinde g\u00fcvenilirlik ve kullan\u0131m kolayl\u0131\u011f\u0131 a\u00e7\u0131s\u0131ndan do\u011fru se\u00e7imdir.<\/p>\n<\/div><\/div><\/div><\/div><\/div><\/div><\/div><\/section><section class=\"l-section wpb_row height_custom\"><div class=\"l-section-h i-cf\"><div class=\"g-cols vc_row via_flex valign_top type_default stacking_default\"><div class=\"vc_col-sm-12 wpb_column vc_column_container\"><div class=\"vc_column-inner\"><div class=\"wpb_wrapper\"><div class=\"w-separator size_medium\"><\/div><div class=\"w-grid us_custom_eb849559 type_grid layout_portfolio_3 cols_3 ratio_4x3\" id=\"us_grid_1\" style=\"--gap:0px;\" data-filterable=\"true\"><style>@media (max-width:1024px){#us_grid_1 .w-grid-item{width:50%}#us_grid_1 .w-grid-item.size_2x1,#us_grid_1 .w-grid-item.size_2x2{width:100%}}@media (max-width:600px){#us_grid_1 .w-grid-list{margin:0}#us_grid_1 .w-grid-item{width:100%;padding:0;margin-bottom:var(--gap,0px)}}#us_grid_1 .w-grid-item-h:before{padding-bottom:75%}.layout_portfolio_3 .w-grid-item-h:before{padding-bottom:100%}@media (min-width:601px){.layout_portfolio_3 .w-grid-item.size_1x2 .w-grid-item-h:before{padding-bottom:calc(200% + var(--gap,0px) * 2)}.layout_portfolio_3 .w-grid-item.size_2x1 .w-grid-item-h:before{padding-bottom:calc(50% - var(--gap,0px) * 1)}.layout_portfolio_3 .w-grid-item.size_2x2 .w-grid-item-h:before{padding-bottom:calc(100% - var(--gap,0px) * 0)}}.layout_portfolio_3 .w-grid-item-h{}.layout_portfolio_3 .usg_post_image_1{transition-duration:0.4s;transform-origin:50% 50%;transform:scale(1) translate(0%,0%);opacity:0.25}.layout_portfolio_3 .w-grid-item-h:hover .usg_post_image_1{transform:scale(1) translate(0%,0%);opacity:1}.layout_portfolio_3 .usg_post_title_1{transition-duration:0.3s;transform-origin:50% 50%;transform:scale(1) translate(0%,0%)}.layout_portfolio_3 .w-grid-item-h:hover .usg_post_title_1{transform:scale(1) translate(0%,-100%);opacity:0}.layout_portfolio_3 .usg_post_taxonomy_1{transition-duration:0.3s;transform-origin:50% 50%;transform:scale(1) translate(0%,0%)}.layout_portfolio_3 .w-grid-item-h:hover .usg_post_taxonomy_1{transform:scale(1) translate(0%,100%);opacity:0}.layout_portfolio_3 .usg_post_image_1{position:absolute!important;top:0!important;right:0!important;bottom:0!important;left:0!important}.layout_portfolio_3 .usg_vwrapper_1{position:absolute!important;top:0!important;right:0!important;bottom:0!important;left:0!important;padding:2rem!important}.layout_portfolio_3 .usg_post_title_1{color:inherit!important;font-size:1.4rem!important}<\/style><div class=\"w-grid-list\">\t<article class=\"w-grid-item size_1x1 post-23381 us_portfolio type-us_portfolio status-publish has-post-thumbnail hentry us_portfolio_category-gantry-systemler us_portfolio_category-sgp-serisi\" data-id=\"23381\">\r\n\t\t<div class=\"w-grid-item-h\">\r\n\t\t\t\t\t\t\t<a href=\"https:\/\/admex.com.tr\/tr\/urunler\/sgp-15-pillar-gantry\/\" class=\"w-grid-item-anchor\" aria-label=\"SGP-15 Pillar Gantry\"><\/a>\r\n\t\t\t\t\t\t<div class=\"w-post-elm post_image usg_post_image_1 stretched\"><img loading=\"lazy\" decoding=\"async\" width=\"1024\" height=\"640\" src=\"https:\/\/admex.com.tr\/wp-content\/uploads\/2025\/09\/SGP-10-15-1024x640.png\" class=\"attachment-large size-large wp-post-image\" alt=\"\" srcset=\"https:\/\/admex.com.tr\/wp-content\/uploads\/2025\/09\/SGP-10-15-1024x640.png 1024w, https:\/\/admex.com.tr\/wp-content\/uploads\/2025\/09\/SGP-10-15-300x188.png 300w, https:\/\/admex.com.tr\/wp-content\/uploads\/2025\/09\/SGP-10-15-100x63.png 100w, https:\/\/admex.com.tr\/wp-content\/uploads\/2025\/09\/SGP-10-15-480x300.png 480w\" sizes=\"auto, (max-width: 1024px) 100vw, 1024px\" \/><\/div><div class=\"w-vwrapper usg_vwrapper_1 align_center valign_middle\"><h2 class=\"w-post-elm post_title usg_post_title_1 has_text_color entry-title color_link_inherit\">SGP-15 Pillar Gantry<\/h2><div class=\"w-post-elm post_taxonomy usg_post_taxonomy_1 style_simple color_link_inherit\"><a class=\"term-84 term-gantry-systemler\" href=\"https:\/\/admex.com.tr\/tr\/product_category\/gantry-systemler\/\">Gantry Sistemler<\/a><b>, <\/b><a class=\"term-86 term-sgp-serisi\" href=\"https:\/\/admex.com.tr\/tr\/product_category\/sgp-serisi\/\">SGP Serisi<\/a><\/div><\/div>\t\t<\/div>\r\n\t\t\t<\/article>\r\n\t<article class=\"w-grid-item size_1x1 post-23366 us_portfolio type-us_portfolio status-publish has-post-thumbnail hentry us_portfolio_category-gantry-systemler us_portfolio_category-sgp-serisi\" data-id=\"23366\">\r\n\t\t<div class=\"w-grid-item-h\">\r\n\t\t\t\t\t\t\t<a href=\"https:\/\/admex.com.tr\/tr\/urunler\/sgp-10-pillar-gantry\/\" class=\"w-grid-item-anchor\" aria-label=\"SGP-10 Pillar Gantry\"><\/a>\r\n\t\t\t\t\t\t<div class=\"w-post-elm post_image usg_post_image_1 stretched\"><img loading=\"lazy\" decoding=\"async\" width=\"1024\" height=\"640\" src=\"https:\/\/admex.com.tr\/wp-content\/uploads\/2025\/09\/SGP-10-15-1024x640.png\" class=\"attachment-large size-large wp-post-image\" alt=\"\" srcset=\"https:\/\/admex.com.tr\/wp-content\/uploads\/2025\/09\/SGP-10-15-1024x640.png 1024w, https:\/\/admex.com.tr\/wp-content\/uploads\/2025\/09\/SGP-10-15-300x188.png 300w, https:\/\/admex.com.tr\/wp-content\/uploads\/2025\/09\/SGP-10-15-100x63.png 100w, https:\/\/admex.com.tr\/wp-content\/uploads\/2025\/09\/SGP-10-15-480x300.png 480w\" sizes=\"auto, (max-width: 1024px) 100vw, 1024px\" \/><\/div><div class=\"w-vwrapper usg_vwrapper_1 align_center valign_middle\"><h2 class=\"w-post-elm post_title usg_post_title_1 has_text_color entry-title color_link_inherit\">SGP-10 Pillar Gantry<\/h2><div class=\"w-post-elm post_taxonomy usg_post_taxonomy_1 style_simple color_link_inherit\"><a class=\"term-84 term-gantry-systemler\" href=\"https:\/\/admex.com.tr\/tr\/product_category\/gantry-systemler\/\">Gantry Sistemler<\/a><b>, <\/b><a class=\"term-86 term-sgp-serisi\" href=\"https:\/\/admex.com.tr\/tr\/product_category\/sgp-serisi\/\">SGP Serisi<\/a><\/div><\/div>\t\t<\/div>\r\n\t\t\t<\/article>\r\n\t<article class=\"w-grid-item size_1x1 post-23335 us_portfolio type-us_portfolio status-publish has-post-thumbnail hentry us_portfolio_category-gantry-systemler us_portfolio_category-sgp-serisi\" data-id=\"23335\">\r\n\t\t<div class=\"w-grid-item-h\">\r\n\t\t\t\t\t\t\t<a href=\"https:\/\/admex.com.tr\/tr\/urunler\/sgp-6-pillar-gantry\/\" class=\"w-grid-item-anchor\" aria-label=\"SGP-6 Pillar Gantry\"><\/a>\r\n\t\t\t\t\t\t<div class=\"w-post-elm post_image usg_post_image_1 stretched\"><img loading=\"lazy\" decoding=\"async\" width=\"1024\" height=\"640\" src=\"https:\/\/admex.com.tr\/wp-content\/uploads\/2025\/09\/SGP-2-4-6-1024x640.png\" class=\"attachment-large size-large wp-post-image\" alt=\"\" srcset=\"https:\/\/admex.com.tr\/wp-content\/uploads\/2025\/09\/SGP-2-4-6-1024x640.png 1024w, https:\/\/admex.com.tr\/wp-content\/uploads\/2025\/09\/SGP-2-4-6-300x188.png 300w, https:\/\/admex.com.tr\/wp-content\/uploads\/2025\/09\/SGP-2-4-6-100x63.png 100w, https:\/\/admex.com.tr\/wp-content\/uploads\/2025\/09\/SGP-2-4-6-480x300.png 480w\" sizes=\"auto, (max-width: 1024px) 100vw, 1024px\" \/><\/div><div class=\"w-vwrapper usg_vwrapper_1 align_center valign_middle\"><h2 class=\"w-post-elm post_title usg_post_title_1 has_text_color entry-title color_link_inherit\">SGP-6 Pillar Gantry<\/h2><div class=\"w-post-elm post_taxonomy usg_post_taxonomy_1 style_simple color_link_inherit\"><a class=\"term-84 term-gantry-systemler\" href=\"https:\/\/admex.com.tr\/tr\/product_category\/gantry-systemler\/\">Gantry Sistemler<\/a><b>, <\/b><a class=\"term-86 term-sgp-serisi\" href=\"https:\/\/admex.com.tr\/tr\/product_category\/sgp-serisi\/\">SGP Serisi<\/a><\/div><\/div>\t\t<\/div>\r\n\t\t\t<\/article>\r\n\t<article class=\"w-grid-item size_1x1 post-23329 us_portfolio type-us_portfolio status-publish has-post-thumbnail hentry us_portfolio_category-gantry-systemler us_portfolio_category-sgp-serisi\" data-id=\"23329\">\r\n\t\t<div class=\"w-grid-item-h\">\r\n\t\t\t\t\t\t\t<a href=\"https:\/\/admex.com.tr\/tr\/urunler\/sgp-4-pillar-gantry\/\" class=\"w-grid-item-anchor\" aria-label=\"SGP-4 Pillar Gantry\"><\/a>\r\n\t\t\t\t\t\t<div class=\"w-post-elm post_image usg_post_image_1 stretched\"><img loading=\"lazy\" decoding=\"async\" width=\"1024\" height=\"640\" src=\"https:\/\/admex.com.tr\/wp-content\/uploads\/2025\/09\/SGP-2-4-6-1024x640.png\" class=\"attachment-large size-large wp-post-image\" alt=\"\" srcset=\"https:\/\/admex.com.tr\/wp-content\/uploads\/2025\/09\/SGP-2-4-6-1024x640.png 1024w, https:\/\/admex.com.tr\/wp-content\/uploads\/2025\/09\/SGP-2-4-6-300x188.png 300w, https:\/\/admex.com.tr\/wp-content\/uploads\/2025\/09\/SGP-2-4-6-100x63.png 100w, https:\/\/admex.com.tr\/wp-content\/uploads\/2025\/09\/SGP-2-4-6-480x300.png 480w\" sizes=\"auto, (max-width: 1024px) 100vw, 1024px\" \/><\/div><div class=\"w-vwrapper usg_vwrapper_1 align_center valign_middle\"><h2 class=\"w-post-elm post_title usg_post_title_1 has_text_color entry-title color_link_inherit\">SGP-4 Pillar Gantry<\/h2><div class=\"w-post-elm post_taxonomy usg_post_taxonomy_1 style_simple color_link_inherit\"><a class=\"term-84 term-gantry-systemler\" href=\"https:\/\/admex.com.tr\/tr\/product_category\/gantry-systemler\/\">Gantry Sistemler<\/a><b>, <\/b><a class=\"term-86 term-sgp-serisi\" href=\"https:\/\/admex.com.tr\/tr\/product_category\/sgp-serisi\/\">SGP Serisi<\/a><\/div><\/div>\t\t<\/div>\r\n\t\t\t<\/article>\r\n\t<article class=\"w-grid-item size_1x1 post-23325 us_portfolio type-us_portfolio status-publish has-post-thumbnail hentry us_portfolio_category-gantry-systemler us_portfolio_category-sgp-serisi\" data-id=\"23325\">\r\n\t\t<div class=\"w-grid-item-h\">\r\n\t\t\t\t\t\t\t<a href=\"https:\/\/admex.com.tr\/tr\/urunler\/sgp-2-pillar-gantry\/\" class=\"w-grid-item-anchor\" aria-label=\"SGP-2 Pillar Gantry\"><\/a>\r\n\t\t\t\t\t\t<div class=\"w-post-elm post_image usg_post_image_1 stretched\"><img loading=\"lazy\" decoding=\"async\" width=\"1024\" height=\"640\" src=\"https:\/\/admex.com.tr\/wp-content\/uploads\/2025\/09\/SGP-2-4-6-1024x640.png\" class=\"attachment-large size-large wp-post-image\" alt=\"\" srcset=\"https:\/\/admex.com.tr\/wp-content\/uploads\/2025\/09\/SGP-2-4-6-1024x640.png 1024w, https:\/\/admex.com.tr\/wp-content\/uploads\/2025\/09\/SGP-2-4-6-300x188.png 300w, https:\/\/admex.com.tr\/wp-content\/uploads\/2025\/09\/SGP-2-4-6-100x63.png 100w, https:\/\/admex.com.tr\/wp-content\/uploads\/2025\/09\/SGP-2-4-6-480x300.png 480w\" sizes=\"auto, (max-width: 1024px) 100vw, 1024px\" \/><\/div><div class=\"w-vwrapper usg_vwrapper_1 align_center valign_middle\"><h2 class=\"w-post-elm post_title usg_post_title_1 has_text_color entry-title color_link_inherit\">SGP-2 Pillar Gantry<\/h2><div class=\"w-post-elm post_taxonomy usg_post_taxonomy_1 style_simple color_link_inherit\"><a class=\"term-84 term-gantry-systemler\" href=\"https:\/\/admex.com.tr\/tr\/product_category\/gantry-systemler\/\">Gantry Sistemler<\/a><b>, <\/b><a class=\"term-86 term-sgp-serisi\" href=\"https:\/\/admex.com.tr\/tr\/product_category\/sgp-serisi\/\">SGP Serisi<\/a><\/div><\/div>\t\t<\/div>\r\n\t\t\t<\/article>\r\n<\/div><div class=\"w-grid-preloader\">\t<div class=\"g-preloader type_1\">\r\n\t\t<div><\/div>\r\n\t<\/div>\r\n\t<\/div>\t<div class=\"w-grid-json hidden\" onclick='return {&quot;action&quot;:&quot;us_ajax_grid&quot;,&quot;infinite_scroll&quot;:0,&quot;max_num_pages&quot;:1,&quot;pagination&quot;:&quot;none&quot;,&quot;template_vars&quot;:{&quot;columns&quot;:&quot;3&quot;,&quot;exclude_items&quot;:&quot;none&quot;,&quot;img_size&quot;:&quot;default&quot;,&quot;ignore_items_size&quot;:0,&quot;items_layout&quot;:&quot;portfolio_3&quot;,&quot;items_offset&quot;:&quot;1&quot;,&quot;load_animation&quot;:&quot;none&quot;,&quot;overriding_link&quot;:&quot;%7B%22type%22%3A%22post%22%7D&quot;,&quot;post_id&quot;:0,&quot;query_args&quot;:{&quot;post_type&quot;:[&quot;us_portfolio&quot;],&quot;tax_query&quot;:[{&quot;taxonomy&quot;:&quot;us_portfolio_category&quot;,&quot;field&quot;:&quot;slug&quot;,&quot;terms&quot;:[&quot;sgp-series&quot;]}],&quot;post_status&quot;:[&quot;publish&quot;],&quot;posts_per_page&quot;:&quot;10&quot;},&quot;orderby_query_args&quot;:{&quot;orderby&quot;:{&quot;date&quot;:&quot;DESC&quot;}},&quot;type&quot;:&quot;grid&quot;,&quot;us_grid_post_type&quot;:&quot;us_portfolio&quot;,&quot;us_grid_ajax_index&quot;:1,&quot;us_grid_filter_query_string&quot;:null,&quot;us_grid_index&quot;:1,&quot;page_args&quot;:[],&quot;lang&quot;:&quot;tr&quot;}}'><\/div>\r\n\t<\/div><div class=\"w-separator size_medium\"><\/div><\/div><\/div><\/div><\/div><\/div><\/section>\n","protected":false},"excerpt":{"rendered":"SGS SerisiSGP SerisiSGH SerisiSGG SerisiSGR SerisiSGP-2 PILLAR GANTRY \u00a0 Se\u00e7eneklerINA, HIWIN, SCHNEEBERGER, REXROTH Lineer K\u0131lavuz Sistemleri.Kaplamal\u0131 makaralar, k\u0131lavuz raylar ve raflar.Otomatik ya\u011flama.S\u0131n\u0131r anahtar\u0131 se\u00e7ene\u011fi.B\u00f6lge anahtar\u0131.Kapal\u0131 kablo zinciri.Robot entegrasyonu.Kaynak paketi ta\u015f\u0131y\u0131c\u0131lar\u0131.Standart servis platformu (yan bariyerli merdiven).Geli\u015fmi\u015f servis platformu (y\u00fcr\u00fcy\u00fc\u015f platformlu merdiven).Robot Kontrol \u00dcnitesi Ta\u015f\u0131y\u0131c\u0131.\u00d6zel renk boya.Z eksenleri g\u00fcvenlik freni.Gantry \u00d6zellikleri SGP-2 Serisi pillar gantryler, k\u00fc\u00e7\u00fck ve...","protected":false},"author":122,"featured_media":22962,"parent":10714,"menu_order":9,"comment_status":"closed","ping_status":"closed","template":"","meta":{"footnotes":""},"class_list":["post-10739","page","type-page","status-publish","has-post-thumbnail","hentry"],"_links":{"self":[{"href":"https:\/\/admex.com.tr\/tr\/wp-json\/wp\/v2\/pages\/10739","targetHints":{"allow":["GET"]}}],"collection":[{"href":"https:\/\/admex.com.tr\/tr\/wp-json\/wp\/v2\/pages"}],"about":[{"href":"https:\/\/admex.com.tr\/tr\/wp-json\/wp\/v2\/types\/page"}],"author":[{"embeddable":true,"href":"https:\/\/admex.com.tr\/tr\/wp-json\/wp\/v2\/users\/122"}],"replies":[{"embeddable":true,"href":"https:\/\/admex.com.tr\/tr\/wp-json\/wp\/v2\/comments?post=10739"}],"version-history":[{"count":0,"href":"https:\/\/admex.com.tr\/tr\/wp-json\/wp\/v2\/pages\/10739\/revisions"}],"up":[{"embeddable":true,"href":"https:\/\/admex.com.tr\/tr\/wp-json\/wp\/v2\/pages\/10714"}],"wp:featuredmedia":[{"embeddable":true,"href":"https:\/\/admex.com.tr\/tr\/wp-json\/wp\/v2\/media\/22962"}],"wp:attachment":[{"href":"https:\/\/admex.com.tr\/tr\/wp-json\/wp\/v2\/media?parent=10739"}],"curies":[{"name":"wp","href":"https:\/\/api.w.org\/{rel}","templated":true}]}}