{"id":10718,"date":"2022-04-06T13:27:52","date_gmt":"2022-04-06T10:27:52","guid":{"rendered":"https:\/\/admex.com.tr\/?page_id=10718"},"modified":"2025-09-19T17:37:14","modified_gmt":"2025-09-19T14:37:14","slug":"stk-serisi","status":"publish","type":"page","link":"https:\/\/admex.com.tr\/tr\/admex-urunleri\/standart-robot-kaydirici-uniteleri\/stk-serisi\/","title":{"rendered":"STK SER\u0130S\u0130"},"content":{"rendered":"<section class=\"l-section wpb_row height_custom width_full\"><div class=\"l-section-h i-cf\"><div class=\"g-cols vc_row via_flex valign_top type_default stacking_default\"><div class=\"vc_col-sm-12 wpb_column vc_column_container\"><div class=\"vc_column-inner\"><div class=\"wpb_wrapper\"><nav class=\"w-menu us_custom_c4f44255 layout_hor style_blocks us_menu_1\" style=\"--main-gap:1.5rem;--main-ver-indent:0.8em;--main-hor-indent:0.8em;--main-bg-color:rgba(0,0,0,0.1);--main-color:#999999;--main-hover-color:#f5f5f5;--main-active-color:#ffffff;\"><ul id=\"menu-linear-items-tr\" class=\"menu\"><li id=\"menu-item-11215\" class=\"menu-item menu-item-type-post_type menu-item-object-page menu-item-11215\"><a href=\"https:\/\/admex.com.tr\/tr\/admex-urunleri\/standart-robot-kaydirici-uniteleri\/stk-serisi\/\">STK SER\u0130S\u0130<\/a><\/li><li id=\"menu-item-14398\" class=\"menu-item menu-item-type-post_type menu-item-object-page menu-item-14398\"><a href=\"https:\/\/admex.com.tr\/tr\/admex-urunleri\/standart-robot-kaydirici-uniteleri\/stl-serisi\/\">STL SER\u0130S\u0130<\/a><\/li><li id=\"menu-item-23251\" class=\"menu-item menu-item-type-post_type menu-item-object-page menu-item-23251\"><a href=\"https:\/\/admex.com.tr\/tr\/admex-urunleri\/standart-robot-kaydirici-uniteleri\/sta-serisi\/\">STA SER\u0130S\u0130<\/a><\/li><\/ul><style>@media ( max-width:600px ){.us_menu_1 .menu{display:block!important}.us_menu_1 .menu>li{margin:0 0 var(--main-gap,1.5rem)!important}}<\/style><\/nav><\/div><\/div><\/div><\/div><\/div><\/section><section class=\"l-section wpb_row height_custom\"><div class=\"l-section-h i-cf\"><div class=\"g-cols vc_row via_flex valign_top type_default stacking_default\"><div class=\"vc_col-sm-12 wpb_column vc_column_container\"><div class=\"vc_column-inner\"><div class=\"wpb_wrapper\"><div class=\"w-separator size_medium\"><\/div><div class=\"w-grid us_custom_eb849559 type_grid layout_portfolio_3 cols_3 ratio_4x3\" id=\"us_grid_1\" style=\"--gap:0px;\" data-filterable=\"true\"><style>@media (max-width:1024px){#us_grid_1 .w-grid-item{width:50%}#us_grid_1 .w-grid-item.size_2x1,#us_grid_1 .w-grid-item.size_2x2{width:100%}}@media (max-width:600px){#us_grid_1 .w-grid-list{margin:0}#us_grid_1 .w-grid-item{width:100%;padding:0;margin-bottom:var(--gap,0px)}}#us_grid_1 .w-grid-item-h:before{padding-bottom:75%}.layout_portfolio_3 .w-grid-item-h:before{padding-bottom:100%}@media (min-width:601px){.layout_portfolio_3 .w-grid-item.size_1x2 .w-grid-item-h:before{padding-bottom:calc(200% + var(--gap,0px) * 2)}.layout_portfolio_3 .w-grid-item.size_2x1 .w-grid-item-h:before{padding-bottom:calc(50% - var(--gap,0px) * 1)}.layout_portfolio_3 .w-grid-item.size_2x2 .w-grid-item-h:before{padding-bottom:calc(100% - var(--gap,0px) * 0)}}.layout_portfolio_3 .w-grid-item-h{}.layout_portfolio_3 .usg_post_image_1{transition-duration:0.4s;transform-origin:50% 50%;transform:scale(1) translate(0%,0%);opacity:0.25}.layout_portfolio_3 .w-grid-item-h:hover .usg_post_image_1{transform:scale(1) translate(0%,0%);opacity:1}.layout_portfolio_3 .usg_post_title_1{transition-duration:0.3s;transform-origin:50% 50%;transform:scale(1) translate(0%,0%)}.layout_portfolio_3 .w-grid-item-h:hover .usg_post_title_1{transform:scale(1) translate(0%,-100%);opacity:0}.layout_portfolio_3 .usg_post_taxonomy_1{transition-duration:0.3s;transform-origin:50% 50%;transform:scale(1) translate(0%,0%)}.layout_portfolio_3 .w-grid-item-h:hover .usg_post_taxonomy_1{transform:scale(1) translate(0%,100%);opacity:0}.layout_portfolio_3 .usg_post_image_1{position:absolute!important;top:0!important;right:0!important;bottom:0!important;left:0!important}.layout_portfolio_3 .usg_vwrapper_1{position:absolute!important;top:0!important;right:0!important;bottom:0!important;left:0!important;padding:2rem!important}.layout_portfolio_3 .usg_post_title_1{color:inherit!important;font-size:1.4rem!important}<\/style><div class=\"w-grid-list\">\t<article class=\"w-grid-item size_1x1 post-8728 us_portfolio type-us_portfolio status-publish has-post-thumbnail hentry us_portfolio_category-robot-kaydirici-uniteleri us_portfolio_category-stk-serisi\" data-id=\"8728\">\r\n\t\t<div class=\"w-grid-item-h\">\r\n\t\t\t\t\t\t\t<a href=\"https:\/\/admex.com.tr\/tr\/urunler\/stk-1-robot-lineer-kizagi\/\" class=\"w-grid-item-anchor\" aria-label=\"STK 1 Robot Lineer K\u0131za\u011f\u0131\"><\/a>\r\n\t\t\t\t\t\t<div class=\"w-post-elm post_image usg_post_image_1 stretched\"><img loading=\"lazy\" decoding=\"async\" width=\"1024\" height=\"640\" src=\"https:\/\/admex.com.tr\/wp-content\/uploads\/2020\/09\/STKN_1-1024x640.jpg\" class=\"attachment-large size-large wp-post-image\" alt=\"robot lineer k\u0131zaklar robot linear tracks\" srcset=\"https:\/\/admex.com.tr\/wp-content\/uploads\/2020\/09\/STKN_1-1024x640.jpg 1024w, https:\/\/admex.com.tr\/wp-content\/uploads\/2020\/09\/STKN_1-300x188.jpg 300w, https:\/\/admex.com.tr\/wp-content\/uploads\/2020\/09\/STKN_1-1536x960.jpg 1536w\" sizes=\"auto, (max-width: 1024px) 100vw, 1024px\" \/><\/div><div class=\"w-vwrapper usg_vwrapper_1 align_center valign_middle\"><h2 class=\"w-post-elm post_title usg_post_title_1 has_text_color entry-title color_link_inherit\">STK 1 Robot Lineer K\u0131za\u011f\u0131<\/h2><div class=\"w-post-elm post_taxonomy usg_post_taxonomy_1 style_simple color_link_inherit\"><a class=\"term-88 term-robot-kaydirici-uniteleri\" href=\"https:\/\/admex.com.tr\/tr\/product_category\/robot-kaydirici-uniteleri\/\">Robot Kayd\u0131r\u0131c\u0131 \u00dcniteleri<\/a><b>, <\/b><a class=\"term-89 term-stk-serisi\" href=\"https:\/\/admex.com.tr\/tr\/product_category\/stk-serisi\/\">STK Serisi<\/a><\/div><\/div>\t\t<\/div>\r\n\t\t\t<\/article>\r\n\t<article class=\"w-grid-item size_1x1 post-10100 us_portfolio type-us_portfolio status-publish has-post-thumbnail hentry us_portfolio_category-robot-kaydirici-uniteleri us_portfolio_category-stk-serisi\" data-id=\"10100\">\r\n\t\t<div class=\"w-grid-item-h\">\r\n\t\t\t\t\t\t\t<a href=\"https:\/\/admex.com.tr\/tr\/urunler\/stk-2-robot-lineer-kizagi\/\" class=\"w-grid-item-anchor\" aria-label=\"STK 2 Robot Lineer K\u0131za\u011f\u0131\"><\/a>\r\n\t\t\t\t\t\t<div class=\"w-post-elm post_image usg_post_image_1 stretched\"><img loading=\"lazy\" decoding=\"async\" width=\"1024\" height=\"640\" src=\"https:\/\/admex.com.tr\/wp-content\/uploads\/2021\/09\/STKN2.93-1024x640.png\" class=\"attachment-large size-large wp-post-image\" alt=\"\" srcset=\"https:\/\/admex.com.tr\/wp-content\/uploads\/2021\/09\/STKN2.93-1024x640.png 1024w, https:\/\/admex.com.tr\/wp-content\/uploads\/2021\/09\/STKN2.93-300x188.png 300w, https:\/\/admex.com.tr\/wp-content\/uploads\/2021\/09\/STKN2.93-100x63.png 100w, https:\/\/admex.com.tr\/wp-content\/uploads\/2021\/09\/STKN2.93-480x300.png 480w\" sizes=\"auto, (max-width: 1024px) 100vw, 1024px\" \/><\/div><div class=\"w-vwrapper usg_vwrapper_1 align_center valign_middle\"><h2 class=\"w-post-elm post_title usg_post_title_1 has_text_color entry-title color_link_inherit\">STK 2 Robot Lineer K\u0131za\u011f\u0131<\/h2><div class=\"w-post-elm post_taxonomy usg_post_taxonomy_1 style_simple color_link_inherit\"><a class=\"term-88 term-robot-kaydirici-uniteleri\" href=\"https:\/\/admex.com.tr\/tr\/product_category\/robot-kaydirici-uniteleri\/\">Robot Kayd\u0131r\u0131c\u0131 \u00dcniteleri<\/a><b>, <\/b><a class=\"term-89 term-stk-serisi\" href=\"https:\/\/admex.com.tr\/tr\/product_category\/stk-serisi\/\">STK Serisi<\/a><\/div><\/div>\t\t<\/div>\r\n\t\t\t<\/article>\r\n\t<article class=\"w-grid-item size_1x1 post-8725 us_portfolio type-us_portfolio status-publish has-post-thumbnail hentry us_portfolio_category-robot-kaydirici-uniteleri us_portfolio_category-stk-serisi\" data-id=\"8725\">\r\n\t\t<div class=\"w-grid-item-h\">\r\n\t\t\t\t\t\t\t<a href=\"https:\/\/admex.com.tr\/tr\/urunler\/stk-4-robot-lineer-kizagi\/\" class=\"w-grid-item-anchor\" aria-label=\"STK 4 Robot Lineer K\u0131za\u011f\u0131\"><\/a>\r\n\t\t\t\t\t\t<div class=\"w-post-elm post_image usg_post_image_1 stretched\"><img loading=\"lazy\" decoding=\"async\" width=\"1024\" height=\"640\" src=\"https:\/\/admex.com.tr\/wp-content\/uploads\/2020\/09\/STKN_4_STANDART-1024x640.jpg\" class=\"attachment-large size-large wp-post-image\" alt=\"robot lineer k\u0131zaklar robot linear tracks\" srcset=\"https:\/\/admex.com.tr\/wp-content\/uploads\/2020\/09\/STKN_4_STANDART-1024x640.jpg 1024w, https:\/\/admex.com.tr\/wp-content\/uploads\/2020\/09\/STKN_4_STANDART-300x188.jpg 300w, https:\/\/admex.com.tr\/wp-content\/uploads\/2020\/09\/STKN_4_STANDART-1536x960.jpg 1536w\" sizes=\"auto, (max-width: 1024px) 100vw, 1024px\" \/><\/div><div class=\"w-vwrapper usg_vwrapper_1 align_center valign_middle\"><h2 class=\"w-post-elm post_title usg_post_title_1 has_text_color entry-title color_link_inherit\">STK 4 Robot Lineer K\u0131za\u011f\u0131<\/h2><div class=\"w-post-elm post_taxonomy usg_post_taxonomy_1 style_simple color_link_inherit\"><a class=\"term-88 term-robot-kaydirici-uniteleri\" href=\"https:\/\/admex.com.tr\/tr\/product_category\/robot-kaydirici-uniteleri\/\">Robot Kayd\u0131r\u0131c\u0131 \u00dcniteleri<\/a><b>, <\/b><a class=\"term-89 term-stk-serisi\" href=\"https:\/\/admex.com.tr\/tr\/product_category\/stk-serisi\/\">STK Serisi<\/a><\/div><\/div>\t\t<\/div>\r\n\t\t\t<\/article>\r\n\t<article class=\"w-grid-item size_1x1 post-8723 us_portfolio type-us_portfolio status-publish has-post-thumbnail hentry us_portfolio_category-robot-kaydirici-uniteleri us_portfolio_category-stk-serisi\" data-id=\"8723\">\r\n\t\t<div class=\"w-grid-item-h\">\r\n\t\t\t\t\t\t\t<a href=\"https:\/\/admex.com.tr\/tr\/urunler\/stk-6-robot-lineer-kizagi\/\" class=\"w-grid-item-anchor\" aria-label=\"STK 6 Robot Lineer K\u0131za\u011f\u0131\"><\/a>\r\n\t\t\t\t\t\t<div class=\"w-post-elm post_image usg_post_image_1 stretched\"><img loading=\"lazy\" decoding=\"async\" width=\"1024\" height=\"640\" src=\"https:\/\/admex.com.tr\/wp-content\/uploads\/2020\/09\/STKN_6-1024x640.jpg\" class=\"attachment-large size-large wp-post-image\" alt=\"robot lineer k\u0131zaklar robot linear tracks\" srcset=\"https:\/\/admex.com.tr\/wp-content\/uploads\/2020\/09\/STKN_6-1024x640.jpg 1024w, https:\/\/admex.com.tr\/wp-content\/uploads\/2020\/09\/STKN_6-300x188.jpg 300w, https:\/\/admex.com.tr\/wp-content\/uploads\/2020\/09\/STKN_6-1536x960.jpg 1536w\" sizes=\"auto, (max-width: 1024px) 100vw, 1024px\" \/><\/div><div class=\"w-vwrapper usg_vwrapper_1 align_center valign_middle\"><h2 class=\"w-post-elm post_title usg_post_title_1 has_text_color entry-title color_link_inherit\">STK 6 Robot Lineer K\u0131za\u011f\u0131<\/h2><div class=\"w-post-elm post_taxonomy usg_post_taxonomy_1 style_simple color_link_inherit\"><a class=\"term-88 term-robot-kaydirici-uniteleri\" href=\"https:\/\/admex.com.tr\/tr\/product_category\/robot-kaydirici-uniteleri\/\">Robot Kayd\u0131r\u0131c\u0131 \u00dcniteleri<\/a><b>, <\/b><a class=\"term-89 term-stk-serisi\" href=\"https:\/\/admex.com.tr\/tr\/product_category\/stk-serisi\/\">STK Serisi<\/a><\/div><\/div>\t\t<\/div>\r\n\t\t\t<\/article>\r\n\t<article class=\"w-grid-item size_1x1 post-14126 us_portfolio type-us_portfolio status-publish has-post-thumbnail hentry us_portfolio_category-robot-kaydirici-uniteleri us_portfolio_category-stk-serisi\" data-id=\"14126\">\r\n\t\t<div class=\"w-grid-item-h\">\r\n\t\t\t\t\t\t\t<a href=\"https:\/\/admex.com.tr\/tr\/urunler\/stk-sep-2000-ex-proof-robot-lineer-kizagi\/\" class=\"w-grid-item-anchor\" aria-label=\"STK SEP 2000 Ex-Proof Robot Lineer K\u0131za\u011f\u0131\"><\/a>\r\n\t\t\t\t\t\t<div class=\"w-post-elm post_image usg_post_image_1 stretched\"><img loading=\"lazy\" decoding=\"async\" width=\"1024\" height=\"641\" src=\"https:\/\/admex.com.tr\/wp-content\/uploads\/2023\/10\/RGH_SGS_STK2_BROSUR_RENDER_1RENDER_2.732-1024x641.png\" class=\"attachment-large size-large wp-post-image\" alt=\"\" srcset=\"https:\/\/admex.com.tr\/wp-content\/uploads\/2023\/10\/RGH_SGS_STK2_BROSUR_RENDER_1RENDER_2.732-1024x641.png 1024w, https:\/\/admex.com.tr\/wp-content\/uploads\/2023\/10\/RGH_SGS_STK2_BROSUR_RENDER_1RENDER_2.732-300x188.png 300w, https:\/\/admex.com.tr\/wp-content\/uploads\/2023\/10\/RGH_SGS_STK2_BROSUR_RENDER_1RENDER_2.732-100x63.png 100w, https:\/\/admex.com.tr\/wp-content\/uploads\/2023\/10\/RGH_SGS_STK2_BROSUR_RENDER_1RENDER_2.732-480x300.png 480w, https:\/\/admex.com.tr\/wp-content\/uploads\/2023\/10\/RGH_SGS_STK2_BROSUR_RENDER_1RENDER_2.732.png 1920w\" sizes=\"auto, (max-width: 1024px) 100vw, 1024px\" \/><\/div><div class=\"w-vwrapper usg_vwrapper_1 align_center valign_middle\"><h2 class=\"w-post-elm post_title usg_post_title_1 has_text_color entry-title color_link_inherit\">STK SEP 2000 Ex-Proof Robot Lineer K\u0131za\u011f\u0131<\/h2><div class=\"w-post-elm post_taxonomy usg_post_taxonomy_1 style_simple color_link_inherit\"><a class=\"term-88 term-robot-kaydirici-uniteleri\" href=\"https:\/\/admex.com.tr\/tr\/product_category\/robot-kaydirici-uniteleri\/\">Robot Kayd\u0131r\u0131c\u0131 \u00dcniteleri<\/a><b>, <\/b><a class=\"term-89 term-stk-serisi\" href=\"https:\/\/admex.com.tr\/tr\/product_category\/stk-serisi\/\">STK Serisi<\/a><\/div><\/div>\t\t<\/div>\r\n\t\t\t<\/article>\r\n<\/div><div class=\"w-grid-preloader\">\t<div class=\"g-preloader type_1\">\r\n\t\t<div><\/div>\r\n\t<\/div>\r\n\t<\/div>\t<div class=\"w-grid-json hidden\" onclick='return {&quot;action&quot;:&quot;us_ajax_grid&quot;,&quot;infinite_scroll&quot;:0,&quot;max_num_pages&quot;:1,&quot;pagination&quot;:&quot;none&quot;,&quot;template_vars&quot;:{&quot;columns&quot;:&quot;3&quot;,&quot;exclude_items&quot;:&quot;none&quot;,&quot;img_size&quot;:&quot;default&quot;,&quot;ignore_items_size&quot;:0,&quot;items_layout&quot;:&quot;portfolio_3&quot;,&quot;items_offset&quot;:&quot;1&quot;,&quot;load_animation&quot;:&quot;none&quot;,&quot;overriding_link&quot;:&quot;%7B%22type%22%3A%22post%22%7D&quot;,&quot;post_id&quot;:0,&quot;query_args&quot;:{&quot;post_type&quot;:[&quot;us_portfolio&quot;],&quot;tax_query&quot;:[{&quot;taxonomy&quot;:&quot;us_portfolio_category&quot;,&quot;field&quot;:&quot;slug&quot;,&quot;terms&quot;:[&quot;stk-serisi&quot;]}],&quot;post_status&quot;:[&quot;publish&quot;],&quot;posts_per_page&quot;:&quot;10&quot;},&quot;orderby_query_args&quot;:{&quot;orderby&quot;:{&quot;title&quot;:&quot;ASC&quot;},&quot;order&quot;:&quot;ASC&quot;},&quot;type&quot;:&quot;grid&quot;,&quot;us_grid_post_type&quot;:&quot;us_portfolio&quot;,&quot;us_grid_ajax_index&quot;:1,&quot;us_grid_filter_query_string&quot;:null,&quot;us_grid_index&quot;:1,&quot;page_args&quot;:[],&quot;lang&quot;:&quot;tr&quot;}}'><\/div>\r\n\t<\/div><div class=\"w-separator size_medium\"><\/div><\/div><\/div><\/div><\/div><\/div><\/section>\n","protected":false},"excerpt":{"rendered":"STK-SEP 2000 STK-SEP 2000 \u00d6zellikleri Ex b\u00f6lge 1, S\u0131n\u0131f 1 B\u00f6l\u00fcm 1 1000kg dinamik robot y\u00fck\u00fcne sahip t\u00fcm boya robotlar\u0131 i\u00e7in uygundur. 1000kg hareketli harici y\u00fck ta\u015f\u0131ma imkan\u0131. 2000kg toplam y\u00fck kapasitesi ile rakipsiz. Admex \u00f6zel &#8220;Advance Mesh Structure&#8221; sayesinde ultra rijit ve hafif g\u00f6vde yap\u0131s\u0131. 0.01mm tekrarlanabilirlik ile s\u0131n\u0131f\u0131n\u0131n en iyisi. Ray uzunlu\u011fu 1...","protected":false},"author":122,"featured_media":10459,"parent":10708,"menu_order":5,"comment_status":"closed","ping_status":"closed","template":"","meta":{"footnotes":""},"class_list":["post-10718","page","type-page","status-publish","has-post-thumbnail","hentry"],"_links":{"self":[{"href":"https:\/\/admex.com.tr\/tr\/wp-json\/wp\/v2\/pages\/10718","targetHints":{"allow":["GET"]}}],"collection":[{"href":"https:\/\/admex.com.tr\/tr\/wp-json\/wp\/v2\/pages"}],"about":[{"href":"https:\/\/admex.com.tr\/tr\/wp-json\/wp\/v2\/types\/page"}],"author":[{"embeddable":true,"href":"https:\/\/admex.com.tr\/tr\/wp-json\/wp\/v2\/users\/122"}],"replies":[{"embeddable":true,"href":"https:\/\/admex.com.tr\/tr\/wp-json\/wp\/v2\/comments?post=10718"}],"version-history":[{"count":0,"href":"https:\/\/admex.com.tr\/tr\/wp-json\/wp\/v2\/pages\/10718\/revisions"}],"up":[{"embeddable":true,"href":"https:\/\/admex.com.tr\/tr\/wp-json\/wp\/v2\/pages\/10708"}],"wp:featuredmedia":[{"embeddable":true,"href":"https:\/\/admex.com.tr\/tr\/wp-json\/wp\/v2\/media\/10459"}],"wp:attachment":[{"href":"https:\/\/admex.com.tr\/tr\/wp-json\/wp\/v2\/media?parent=10718"}],"curies":[{"name":"wp","href":"https:\/\/api.w.org\/{rel}","templated":true}]}}