{"id":10714,"date":"2022-04-06T13:25:11","date_gmt":"2022-04-06T10:25:11","guid":{"rendered":"https:\/\/admex.com.tr\/?page_id=10714"},"modified":"2025-09-23T16:26:31","modified_gmt":"2025-09-23T13:26:31","slug":"admex-gantry-sistemleri","status":"publish","type":"page","link":"https:\/\/admex.com.tr\/tr\/admex-urunleri\/admex-gantry-sistemleri\/","title":{"rendered":"ADMEX GANTRY S\u0130STEMLER\u0130"},"content":{"rendered":"<section class=\"l-section wpb_row us_custom_03075067 seriesblock height_custom\"><div class=\"l-section-h i-cf\"><div class=\"g-cols vc_row via_flex valign_middle type_default stacking_default\"><div class=\"vc_col-sm-6 wpb_column vc_column_container has_text_color has-link\"><div class=\"vc_column-inner us_custom_95ebd667\"><div class=\"wpb_wrapper\"><div class=\"wpb_text_column\"><div class=\"wpb_wrapper\"><h1 style=\"text-align: left;\">SGS SER\u0130S\u0130<\/h1>\n<h3 style=\"text-align: left; color: white;\">Overhead Gantry Robot Serisi<\/h3>\n<\/div><\/div><\/div><\/div><a title=\"SGS Serisi\" href=\"https:\/\/admex.com.tr\/tr\/admex-urunleri\/admex-gantry-sistemleri\/sgs-serisi\/\" class=\"vc_column-link smooth-scroll\"><\/a><\/div><div class=\"vc_col-sm-6 wpb_column vc_column_container has-link\"><div class=\"vc_column-inner us_custom_cb5c58dc\"><div class=\"wpb_wrapper\"><div class=\"w-image align_center\"><div class=\"w-image-h\"><img decoding=\"async\" width=\"2560\" height=\"1599\" src=\"https:\/\/admex.com.tr\/wp-content\/uploads\/2025\/09\/SGS_ALL-scaled.png\" class=\"attachment-full size-full\" alt=\"\" loading=\"lazy\" srcset=\"https:\/\/admex.com.tr\/wp-content\/uploads\/2025\/09\/SGS_ALL-scaled.png 2560w, https:\/\/admex.com.tr\/wp-content\/uploads\/2025\/09\/SGS_ALL-300x187.png 300w, https:\/\/admex.com.tr\/wp-content\/uploads\/2025\/09\/SGS_ALL-1024x640.png 1024w, https:\/\/admex.com.tr\/wp-content\/uploads\/2025\/09\/SGS_ALL-100x62.png 100w, https:\/\/admex.com.tr\/wp-content\/uploads\/2025\/09\/SGS_ALL-480x300.png 480w\" sizes=\"auto, (max-width: 2560px) 100vw, 2560px\" \/><\/div><\/div><\/div><\/div><a title=\"SGS Serisi\" href=\"https:\/\/admex.com.tr\/tr\/admex-urunleri\/admex-gantry-sistemleri\/sgs-serisi\/\" class=\"vc_column-link smooth-scroll\"><\/a><\/div><\/div><\/div><\/section><section class=\"l-section wpb_row us_custom_03075067 seriesblock height_custom\"><div class=\"l-section-h i-cf\"><div class=\"g-cols vc_row via_flex valign_middle type_default stacking_default\"><div class=\"vc_col-sm-6 wpb_column vc_column_container has_text_color has-link\"><div class=\"vc_column-inner us_custom_95ebd667\"><div class=\"wpb_wrapper\"><div class=\"wpb_text_column\"><div class=\"wpb_wrapper\"><h1 style=\"text-align: left;\">SGP SER\u0130S\u0130<\/h1>\n<h3 style=\"text-align: left; color: white;\">Pillar Gantry Robot Serisi<\/h3>\n<\/div><\/div><\/div><\/div><a title=\"SGP Serisi\" href=\"https:\/\/admex.com.tr\/tr\/admex-urunleri\/admex-gantry-sistemleri\/sgp-serisi\/\" class=\"vc_column-link smooth-scroll\"><\/a><\/div><div class=\"vc_col-sm-6 wpb_column vc_column_container has-link\"><div class=\"vc_column-inner us_custom_51e6e127\"><div class=\"wpb_wrapper\"><div class=\"w-separator size_small\"><\/div><div class=\"w-image align_center\"><div class=\"w-image-h\"><img decoding=\"async\" width=\"2560\" height=\"1599\" src=\"https:\/\/admex.com.tr\/wp-content\/uploads\/2025\/09\/SGP_ALL-scaled.png\" class=\"attachment-full size-full\" alt=\"\" loading=\"lazy\" srcset=\"https:\/\/admex.com.tr\/wp-content\/uploads\/2025\/09\/SGP_ALL-scaled.png 2560w, https:\/\/admex.com.tr\/wp-content\/uploads\/2025\/09\/SGP_ALL-300x187.png 300w, https:\/\/admex.com.tr\/wp-content\/uploads\/2025\/09\/SGP_ALL-1024x640.png 1024w, https:\/\/admex.com.tr\/wp-content\/uploads\/2025\/09\/SGP_ALL-100x62.png 100w, https:\/\/admex.com.tr\/wp-content\/uploads\/2025\/09\/SGP_ALL-480x300.png 480w\" sizes=\"auto, (max-width: 2560px) 100vw, 2560px\" \/><\/div><\/div><div class=\"w-separator size_small\"><\/div><\/div><\/div><a title=\"SGP Serisi\" href=\"https:\/\/admex.com.tr\/tr\/admex-urunleri\/admex-gantry-sistemleri\/sgp-serisi\/\" class=\"vc_column-link smooth-scroll\"><\/a><\/div><\/div><\/div><\/section><section class=\"l-section wpb_row us_custom_03075067 seriesblock height_custom\"><div class=\"l-section-h i-cf\"><div class=\"g-cols vc_row via_flex valign_middle type_default stacking_default\"><div class=\"vc_col-sm-6 wpb_column vc_column_container has_text_color has-link\"><div class=\"vc_column-inner us_custom_95ebd667\"><div class=\"wpb_wrapper\"><div class=\"wpb_text_column\"><div class=\"wpb_wrapper\"><h1 style=\"text-align: left;\">SGH SER\u0130S\u0130<\/h1>\n<h3 style=\"text-align: left; color: white;\">Overhead Bridge Gantry Robot Serisi<\/h3>\n<\/div><\/div><\/div><\/div><a title=\"SGH Serisi\" href=\"https:\/\/admex.com.tr\/tr\/admex-urunleri\/admex-gantry-sistemleri\/sgh-serisi\/\" class=\"vc_column-link smooth-scroll\"><\/a><\/div><div class=\"vc_col-sm-6 wpb_column vc_column_container has-link\"><div class=\"vc_column-inner us_custom_cb5c58dc\"><div class=\"wpb_wrapper\"><div class=\"w-image align_center\"><div class=\"w-image-h\"><img decoding=\"async\" width=\"2560\" height=\"1599\" src=\"https:\/\/admex.com.tr\/wp-content\/uploads\/2025\/09\/SGH_ALL-scaled.png\" class=\"attachment-full size-full\" alt=\"\" loading=\"lazy\" srcset=\"https:\/\/admex.com.tr\/wp-content\/uploads\/2025\/09\/SGH_ALL-scaled.png 2560w, https:\/\/admex.com.tr\/wp-content\/uploads\/2025\/09\/SGH_ALL-300x187.png 300w, https:\/\/admex.com.tr\/wp-content\/uploads\/2025\/09\/SGH_ALL-1024x640.png 1024w, https:\/\/admex.com.tr\/wp-content\/uploads\/2025\/09\/SGH_ALL-100x62.png 100w, https:\/\/admex.com.tr\/wp-content\/uploads\/2025\/09\/SGH_ALL-480x300.png 480w\" sizes=\"auto, (max-width: 2560px) 100vw, 2560px\" \/><\/div><\/div><\/div><\/div><a title=\"SGH Serisi\" href=\"https:\/\/admex.com.tr\/tr\/admex-urunleri\/admex-gantry-sistemleri\/sgh-serisi\/\" class=\"vc_column-link smooth-scroll\"><\/a><\/div><\/div><\/div><\/section><section class=\"l-section wpb_row us_custom_03075067 seriesblock height_custom\"><div class=\"l-section-h i-cf\"><div class=\"g-cols vc_row via_flex valign_middle type_default stacking_default\"><div class=\"vc_col-sm-6 wpb_column vc_column_container has_text_color has-link\"><div class=\"vc_column-inner us_custom_95ebd667\"><div class=\"wpb_wrapper\"><div class=\"wpb_text_column\"><div class=\"wpb_wrapper\"><h1 style=\"text-align: left;\">SGG SER\u0130S\u0130<\/h1>\n<h3 style=\"text-align: left; color: white;\">Off Ground Bridge Gantry Robot Serisi<\/h3>\n<\/div><\/div><\/div><\/div><a title=\"SGG Serisi\" href=\"https:\/\/admex.com.tr\/tr\/admex-urunleri\/admex-gantry-sistemleri\/sgg-serisi\/\" class=\"vc_column-link smooth-scroll\"><\/a><\/div><div class=\"vc_col-sm-6 wpb_column vc_column_container has-link\"><div class=\"vc_column-inner us_custom_cb5c58dc\"><div class=\"wpb_wrapper\"><div class=\"w-image align_center\"><div class=\"w-image-h\"><img decoding=\"async\" width=\"2560\" height=\"1599\" src=\"https:\/\/admex.com.tr\/wp-content\/uploads\/2025\/09\/SGG-ALL-scaled.png\" class=\"attachment-full size-full\" alt=\"\" loading=\"lazy\" srcset=\"https:\/\/admex.com.tr\/wp-content\/uploads\/2025\/09\/SGG-ALL-scaled.png 2560w, https:\/\/admex.com.tr\/wp-content\/uploads\/2025\/09\/SGG-ALL-300x187.png 300w, https:\/\/admex.com.tr\/wp-content\/uploads\/2025\/09\/SGG-ALL-1024x640.png 1024w, https:\/\/admex.com.tr\/wp-content\/uploads\/2025\/09\/SGG-ALL-100x62.png 100w, https:\/\/admex.com.tr\/wp-content\/uploads\/2025\/09\/SGG-ALL-480x300.png 480w\" sizes=\"auto, (max-width: 2560px) 100vw, 2560px\" \/><\/div><\/div><\/div><\/div><a title=\"SGG Serisi\" href=\"https:\/\/admex.com.tr\/tr\/admex-urunleri\/admex-gantry-sistemleri\/sgg-serisi\/\" class=\"vc_column-link smooth-scroll\"><\/a><\/div><\/div><\/div><\/section><section class=\"l-section wpb_row us_custom_03075067 seriesblock height_custom\"><div class=\"l-section-h i-cf\"><div class=\"g-cols vc_row via_flex valign_middle type_default stacking_default\"><div class=\"vc_col-sm-6 wpb_column vc_column_container has_text_color has-link\"><div class=\"vc_column-inner us_custom_95ebd667\"><div class=\"wpb_wrapper\"><div class=\"wpb_text_column\"><div class=\"wpb_wrapper\"><h1 style=\"text-align: left;\">SGR SER\u0130S\u0130<\/h1>\n<h3 style=\"text-align: left; color: white;\">Rail Guided Bridge Gantry Robot Serisi<\/h3>\n<\/div><\/div><\/div><\/div><a title=\"SGR Serisi\" href=\"https:\/\/admex.com.tr\/tr\/admex-urunleri\/admex-gantry-sistemleri\/sgr-serisi\/\" class=\"vc_column-link smooth-scroll\"><\/a><\/div><div class=\"vc_col-sm-6 wpb_column vc_column_container has-link\"><div class=\"vc_column-inner us_custom_cb5c58dc\"><div class=\"wpb_wrapper\"><div class=\"w-image align_center\"><div class=\"w-image-h\"><img decoding=\"async\" width=\"2560\" height=\"1600\" src=\"https:\/\/admex.com.tr\/wp-content\/uploads\/2021\/12\/SGR-6-scaled.png\" class=\"attachment-full size-full\" alt=\"\" loading=\"lazy\" srcset=\"https:\/\/admex.com.tr\/wp-content\/uploads\/2021\/12\/SGR-6-scaled.png 2560w, https:\/\/admex.com.tr\/wp-content\/uploads\/2021\/12\/SGR-6-300x188.png 300w, https:\/\/admex.com.tr\/wp-content\/uploads\/2021\/12\/SGR-6-1024x640.png 1024w, https:\/\/admex.com.tr\/wp-content\/uploads\/2021\/12\/SGR-6-100x63.png 100w, https:\/\/admex.com.tr\/wp-content\/uploads\/2021\/12\/SGR-6-480x300.png 480w\" sizes=\"auto, (max-width: 2560px) 100vw, 2560px\" \/><\/div><\/div><\/div><\/div><a title=\"SGG Serisi\" href=\"https:\/\/admex.com.tr\/tr\/admex-urunleri\/admex-gantry-sistemleri\/sgr-serisi\/\" class=\"vc_column-link smooth-scroll\"><\/a><\/div><\/div><\/div><\/section><section class=\"l-section wpb_row height_medium\"><div class=\"l-section-h i-cf\"><div class=\"g-cols vc_row via_flex valign_top type_default stacking_default\"><div class=\"vc_col-sm-8 wpb_column vc_column_container\"><div class=\"vc_column-inner\"><div class=\"wpb_wrapper\"><div class=\"wpb_text_column\"><div class=\"wpb_wrapper\"><h2><strong>ADMEX Gantry Sistemleri<\/strong><\/h2>\n<p><strong>ADMEX Hareket Teknolojileri, Gantry Sistemlerinin<\/strong> geli\u015ftirilmesi, \u00fcretimi ve kurulumu konusunda uzun bir deneyime sahiptir.<\/p>\n<p>Tamamen Yeni <strong>ADMEX Gantry Sistemleri<\/strong> bir\u00e7ok yeni geli\u015ftirilmi\u015f \u00f6zelli\u011fe sahiptir ve bu sayfa sizlere neler sunulabilece\u011finin k\u0131sa bir tan\u0131m\u0131n\u0131 verecektir.<\/p>\n<p>3 farkl\u0131 seri bulunmaktad\u0131r.<\/p>\n<p>Standart Gantry Sistemleri, SGS Serisi, 300 kg&#8217;dan 2.500 kg&#8217;a kadar robot a\u011f\u0131rl\u0131klar\u0131 i\u00e7in X-Y-Z hareketleri i\u00e7in.<\/p>\n<p>Pillar Gantry Sistemleri, SGP Serisi, yine X-Y-Z hareketi ve s\u00fctun \u00fczerinde d\u00f6nme i\u015flevselli\u011fi ile 300 kg&#8217;a kadar robot a\u011f\u0131rl\u0131klar\u0131 i\u00e7in.<\/p>\n<p>K\u00f6pr\u00fc Gantry Sistemleri, SGH Serisi, 300 kg&#8217;a kadar robot a\u011f\u0131rl\u0131klar\u0131 i\u00e7in uzun X stroklu uygulamalar i\u00e7in.<\/p>\n<p><strong>ADMEX Gantry Sistemleri<\/strong> y\u00fcksek performans, y\u00fcksek kalite ve uzun kullan\u0131m \u00f6mr\u00fc i\u00e7in tasarlanm\u0131\u015ft\u0131r.<\/p>\n<p><strong>ADMEX Gantry Sistemleri<\/strong>, a\u015fa\u011f\u0131daki durumlarda iste\u011fe ba\u011fl\u0131 olarak patentli teleskopik Z stroku ile donat\u0131labilir ve fabrikadaki tavan y\u00fcksekli\u011fi d\u00fc\u015f\u00fckt\u00fcr.<\/p>\n<p><strong>ADMEX Gantry Sistemleri<\/strong> her t\u00fcr ve marka end\u00fcstriyel robot i\u00e7in mevcuttur.<br \/>Sadece hangi robot modelini kullanaca\u011f\u0131n\u0131z\u0131 belirtin, biz de size do\u011fru robot modelini se\u00e7menizde yard\u0131mc\u0131 olal\u0131m.<br \/>En iyi performansa ula\u015fabilmek i\u00e7in motorlar\u0131n ve s\u00fcr\u00fcc\u00fclerin teknik \u00f6zellikleri.<\/p>\n<p><strong>ADMEX Gantry Sistemleri<\/strong>, XYZ, YZ veya Z eksenleri se\u00e7enekleriyle, bir gantry sisteminde 4 robota kadar mevcuttur.<\/p>\n<p><strong>ADMEX Gantry Sistemleri<\/strong> \u00d6zellikle ark kayna\u011f\u0131, malzeme ta\u015f\u0131ma, paketleme ve makine bak\u0131m\u0131 gibi her t\u00fcrl\u00fc robotik uygulama i\u00e7in uygundur.<\/p>\n<p><strong>ADMEX<\/strong> \u00fcr\u00fcnleri birbirleri ile uyumlu olacak \u015fekilde tasarlanm\u0131\u015ft\u0131r, \u00fcretim sisteminizde <a href=\"https:\/\/admex.com.tr\/tr\/admex-urunleri\/admex-robot-pozisyonerleri\/\"><strong>Robot Pozisyoner<\/strong><\/a>\u00a0ve <a href=\"https:\/\/admex.com.tr\/tr\/admex-urunleri\/standart-robot-kaydirici-uniteleri\/\"><strong>Robot Lineer K\u0131zaklar<\/strong><\/a> (robot track\/robot slider) gibi di\u011fer <strong>ADMEX<\/strong> \u00fcr\u00fcnlerini kullanabilirsiniz.<\/p>\n<\/div><\/div><\/div><\/div><\/div><div class=\"vc_col-sm-4 wpb_column vc_column_container\"><div class=\"vc_column-inner type_sticky\"><div class=\"wpb_wrapper\"><div class=\"wpb_text_column\"><div class=\"wpb_wrapper\"><p><strong>ADMEX Gantry Sistemleri, a\u015fa\u011f\u0131dakiler de dahil olmak \u00fczere \u00e7ok \u00e7e\u015fitli end\u00fcstrilerde kullan\u0131labilir:<\/strong><\/p>\n<ul>\n<li>Otomotiv end\u00fcstrisi (OEM ve Tier 1)<\/li>\n<li>Metal i\u015fleme end\u00fcstrisi<\/li>\n<li>\u0130n\u015faat ekipmanlar\u0131<\/li>\n<li>Ah\u015fap end\u00fcstrisi<\/li>\n<li>Ta\u015f ve beton end\u00fcstrileri<\/li>\n<li>Plastik ve kau\u00e7uk end\u00fcstrileri<\/li>\n<li>Genel end\u00fcstriler.<\/li>\n<\/ul>\n<\/div><\/div><\/div><\/div><\/div><\/div><\/div><\/section>\n","protected":false},"excerpt":{"rendered":"SGS SER\u0130S\u0130 Overhead Gantry Robot Serisi SGP SER\u0130S\u0130 Pillar Gantry Robot Serisi SGH SER\u0130S\u0130 Overhead Bridge Gantry Robot Serisi SGG SER\u0130S\u0130 Off Ground Bridge Gantry Robot Serisi SGR SER\u0130S\u0130 Rail Guided Bridge Gantry Robot Serisi ADMEX Gantry Sistemleri ADMEX Hareket Teknolojileri, Gantry Sistemlerinin geli\u015ftirilmesi, \u00fcretimi ve kurulumu konusunda uzun bir deneyime sahiptir. Tamamen Yeni ADMEX...","protected":false},"author":122,"featured_media":0,"parent":8583,"menu_order":7,"comment_status":"closed","ping_status":"closed","template":"","meta":{"footnotes":""},"class_list":["post-10714","page","type-page","status-publish","hentry"],"_links":{"self":[{"href":"https:\/\/admex.com.tr\/tr\/wp-json\/wp\/v2\/pages\/10714","targetHints":{"allow":["GET"]}}],"collection":[{"href":"https:\/\/admex.com.tr\/tr\/wp-json\/wp\/v2\/pages"}],"about":[{"href":"https:\/\/admex.com.tr\/tr\/wp-json\/wp\/v2\/types\/page"}],"author":[{"embeddable":true,"href":"https:\/\/admex.com.tr\/tr\/wp-json\/wp\/v2\/users\/122"}],"replies":[{"embeddable":true,"href":"https:\/\/admex.com.tr\/tr\/wp-json\/wp\/v2\/comments?post=10714"}],"version-history":[{"count":0,"href":"https:\/\/admex.com.tr\/tr\/wp-json\/wp\/v2\/pages\/10714\/revisions"}],"up":[{"embeddable":true,"href":"https:\/\/admex.com.tr\/tr\/wp-json\/wp\/v2\/pages\/8583"}],"wp:attachment":[{"href":"https:\/\/admex.com.tr\/tr\/wp-json\/wp\/v2\/media?parent=10714"}],"curies":[{"name":"wp","href":"https:\/\/api.w.org\/{rel}","templated":true}]}}