{"id":10708,"date":"2022-04-06T13:19:51","date_gmt":"2022-04-06T10:19:51","guid":{"rendered":"https:\/\/admex.com.tr\/?page_id=10708"},"modified":"2025-09-22T13:07:09","modified_gmt":"2025-09-22T10:07:09","slug":"standart-robot-kaydirici-uniteleri","status":"publish","type":"page","link":"https:\/\/admex.com.tr\/tr\/admex-urunleri\/standart-robot-kaydirici-uniteleri\/","title":{"rendered":"ADMEX STANDART ROBOT KAYDIRICI \u00dcN\u0130TELER\u0130"},"content":{"rendered":"<section class=\"l-section wpb_row us_custom_03075067 seriesblock height_custom\"><div class=\"l-section-h i-cf\"><div class=\"g-cols vc_row via_flex valign_middle type_default stacking_default\"><div class=\"vc_col-sm-6 wpb_column vc_column_container has_text_color has-link\"><div class=\"vc_column-inner us_custom_95ebd667\"><div class=\"wpb_wrapper\"><div class=\"wpb_text_column\"><div class=\"wpb_wrapper\"><h1 style=\"text-align: left; color: white;\">STK SER\u0130S\u0130<\/h1>\n<h3 style=\"text-align: left; color: white;\">Tamamen Kapal\u0131 Robot Kayd\u0131r\u0131c\u0131 \u00dcniteleri<\/h3>\n<\/div><\/div><\/div><\/div><a title=\"STK Serisi\" href=\"https:\/\/admex.com.tr\/tr\/admex-urunleri\/standart-robot-kaydirici-uniteleri\/stk-serisi\/\" class=\"vc_column-link smooth-scroll\"><\/a><\/div><div class=\"vc_col-sm-6 wpb_column vc_column_container has-link\"><div class=\"vc_column-inner us_custom_cb5c58dc\"><div class=\"wpb_wrapper\"><div class=\"w-image align_center\"><div class=\"w-image-h\"><img decoding=\"async\" width=\"3840\" height=\"2400\" src=\"https:\/\/admex.com.tr\/wp-content\/uploads\/2021\/12\/STKN-SERIES.104-e1640357108816.png\" class=\"attachment-full size-full\" alt=\"\" loading=\"lazy\" \/><\/div><\/div><\/div><\/div><a title=\"STK Series\" href=\"https:\/\/admex.com.tr\/tr\/admex-urunleri\/standart-robot-kaydirici-uniteleri\/stk-serisi\/\" class=\"vc_column-link smooth-scroll\"><\/a><\/div><\/div><\/div><\/section><section class=\"l-section wpb_row us_custom_03075067 seriesblock height_custom\"><div class=\"l-section-h i-cf\"><div class=\"g-cols vc_row via_flex valign_middle type_default stacking_default\"><div class=\"vc_col-sm-6 wpb_column vc_column_container has_text_color has-link\"><div class=\"vc_column-inner us_custom_95ebd667\"><div class=\"wpb_wrapper\"><div class=\"wpb_text_column\"><div class=\"wpb_wrapper\"><h1 style=\"text-align: left;\">STL SER\u0130S\u0130<\/h1>\n<h3 style=\"text-align: left; color: white;\">Standart Robot Kayd\u0131r\u0131c\u0131 \u00dcniteleri<\/h3>\n<\/div><\/div><\/div><\/div><a title=\"STL Serisi\" href=\"https:\/\/admex.com.tr\/tr\/admex-urunleri\/standart-robot-kaydirici-uniteleri\/stl-serisi\/\" class=\"vc_column-link smooth-scroll\"><\/a><\/div><div class=\"vc_col-sm-6 wpb_column vc_column_container has-link\"><div class=\"vc_column-inner us_custom_51e6e127\"><div class=\"wpb_wrapper\"><div class=\"w-separator size_small\"><\/div><div class=\"w-image align_center\"><div class=\"w-image-h\"><img decoding=\"async\" width=\"1920\" height=\"1200\" src=\"https:\/\/admex.com.tr\/wp-content\/uploads\/2023\/10\/TRACK-ALL.png\" class=\"attachment-full size-full\" alt=\"\" loading=\"lazy\" srcset=\"https:\/\/admex.com.tr\/wp-content\/uploads\/2023\/10\/TRACK-ALL.png 1920w, https:\/\/admex.com.tr\/wp-content\/uploads\/2023\/10\/TRACK-ALL-300x188.png 300w, https:\/\/admex.com.tr\/wp-content\/uploads\/2023\/10\/TRACK-ALL-1024x640.png 1024w, https:\/\/admex.com.tr\/wp-content\/uploads\/2023\/10\/TRACK-ALL-100x63.png 100w, https:\/\/admex.com.tr\/wp-content\/uploads\/2023\/10\/TRACK-ALL-480x300.png 480w\" sizes=\"auto, (max-width: 1920px) 100vw, 1920px\" \/><\/div><\/div><div class=\"w-separator size_small\"><\/div><\/div><\/div><a title=\"STL Serisi\" href=\"https:\/\/admex.com.tr\/tr\/admex-urunleri\/standart-robot-kaydirici-uniteleri\/stl-serisi\/\" class=\"vc_column-link smooth-scroll\"><\/a><\/div><\/div><\/div><\/section><section class=\"l-section wpb_row us_custom_03075067 seriesblock height_custom\"><div class=\"l-section-h i-cf\"><div class=\"g-cols vc_row via_flex valign_middle type_default stacking_default\"><div class=\"vc_col-sm-6 wpb_column vc_column_container has_text_color has-link\"><div class=\"vc_column-inner us_custom_95ebd667\"><div class=\"wpb_wrapper\"><div class=\"wpb_text_column\"><div class=\"wpb_wrapper\"><h1 style=\"text-align: left;\">STA SER\u0130S\u0130<\/h1>\n<h3 style=\"text-align: left; color: white;\">Standart Robot Kayd\u0131r\u0131c\u0131 \u00dcniteleri<\/h3>\n<\/div><\/div><\/div><\/div><a title=\"STA Serisi\" href=\"https:\/\/admex.com.tr\/tr\/admex-urunleri\/standart-robot-kaydirici-uniteleri\/sta-serisi\/\" class=\"vc_column-link smooth-scroll\"><\/a><\/div><div class=\"vc_col-sm-6 wpb_column vc_column_container has-link\"><div class=\"vc_column-inner us_custom_51e6e127\"><div class=\"wpb_wrapper\"><div class=\"w-separator size_small\"><\/div><div class=\"w-image align_center\"><div class=\"w-image-h\"><img decoding=\"async\" width=\"2560\" height=\"1600\" src=\"https:\/\/admex.com.tr\/wp-content\/uploads\/2025\/09\/STA-SERIES-scaled.png\" class=\"attachment-full size-full\" alt=\"\" loading=\"lazy\" srcset=\"https:\/\/admex.com.tr\/wp-content\/uploads\/2025\/09\/STA-SERIES-scaled.png 2560w, https:\/\/admex.com.tr\/wp-content\/uploads\/2025\/09\/STA-SERIES-300x188.png 300w, https:\/\/admex.com.tr\/wp-content\/uploads\/2025\/09\/STA-SERIES-1024x640.png 1024w, https:\/\/admex.com.tr\/wp-content\/uploads\/2025\/09\/STA-SERIES-100x63.png 100w, https:\/\/admex.com.tr\/wp-content\/uploads\/2025\/09\/STA-SERIES-480x300.png 480w\" sizes=\"auto, (max-width: 2560px) 100vw, 2560px\" \/><\/div><\/div><div class=\"w-separator size_small\"><\/div><\/div><\/div><a title=\"STA Serisi\" href=\"https:\/\/admex.com.tr\/tr\/admex-urunleri\/standart-robot-kaydirici-uniteleri\/sta-serisi\/\" class=\"vc_column-link smooth-scroll\"><\/a><\/div><\/div><\/div><\/section><section class=\"l-section wpb_row height_medium\"><div class=\"l-section-h i-cf\"><div class=\"g-cols vc_row via_flex valign_top type_default stacking_default\"><div class=\"vc_col-sm-8 wpb_column vc_column_container\"><div class=\"vc_column-inner\"><div class=\"wpb_wrapper\"><div class=\"wpb_text_column\"><div class=\"wpb_wrapper\"><h2><strong>ADMEX Standart Robot Kayd\u0131r\u0131c\u0131 \u00dcniteleri<\/strong><\/h2>\n<p><strong>ADMEX Hareket Teknolojileri<\/strong>, <strong>Robot Lineer Kayd\u0131r\u0131c\u0131lar\u0131n<\/strong> (robot paletleri \/ robot kayd\u0131r\u0131c\u0131) geli\u015ftirilmesi, \u00fcretimi ve kurulumu konusunda deneyim ve bilgi birikimine sahip bir hareket ekipmanlar\u0131 \u015firketidir.<\/p>\n<p><strong>ADMEX<\/strong>&#8216;in \u00fcr\u00fcn geli\u015ftirme, \u00fcretim ve kurulum s\u00fcre\u00e7lerinde edindi\u011fi bilgi birikimi ile kendi standart Robot Kayd\u0131r\u0131c\u0131 \u00dcniteleri (robot palet\/robot s\u00fcrg\u00fc) ailemizi olu\u015fturduk.<\/p>\n<p><strong>ADMEX Robot Lineer Kayd\u0131r\u0131c\u0131 \u00dcniteleri<\/strong> (robot raylar\u0131 \/ robot kayd\u0131r\u0131c\u0131) STK\/STL\/STN serisi, end\u00fcstrideki h\u0131zl\u0131 \u00fcretim talebini kar\u015f\u0131lamak i\u00e7in geli\u015ftirilmi\u015ftir.<\/p>\n<p>\u00c7ok y\u00fcksek rijitli\u011fe sahip, s\u0131n\u0131f\u0131n\u0131n en h\u0131zl\u0131s\u0131, en uzun \u00f6m\u00fcrl\u00fcs\u00fc ve en hassas\u0131 olan <strong>ADMEX Robot Lineer Kayd\u0131r\u0131c\u0131 \u00dcniteleri<\/strong> (robot track \/ robot slider), \u00f6zel tasar\u0131m ve \u00fcretim haz\u0131rl\u0131\u011f\u0131 sayesinde uygun \u015fekilde sunulabilmektedir. <strong>ADMEX Robot Tracklar\u0131 <\/strong>t\u00fcm robotlar ile m\u00fckemmel uyum i\u00e7inde \u00e7al\u0131\u015fabilen \u00fcr\u00fcnlerdir.<\/p>\n<p><strong>ADMEX Robot Lineer Kayd\u0131r\u0131c\u0131 \u00dcniteleri<\/strong> (robot paletleri \/ robot kayd\u0131r\u0131c\u0131) uzun bir kullan\u0131m \u00f6mr\u00fc boyunca y\u00fcksek performans sa\u011flamak \u00fczere tasarlanm\u0131\u015ft\u0131r.<\/p>\n<p><strong>ADMEX Robot Lineer Kayd\u0131r\u0131c\u0131 \u00dcniteleri<\/strong> (robot track \/ robot slider) farkl\u0131 y\u00fck kapasiteleri ve mod\u00fcler yap\u0131 \u00f6zellikleri ile robot \u00e7al\u0131\u015fma alan\u0131n\u0131n t\u00fcm robotlar ile uyumlu bir \u015fekilde geli\u015ftirilmesine yard\u0131mc\u0131 olur.<\/p>\n<p><strong>ADMEX Robot Lineer Kayd\u0131r\u0131c\u0131 \u00dcniteleri<\/strong> t\u00fcm \u00e7e\u015fitleri zemine, duvara ve tavana monte edilebilir ve m\u00fckemmel \u00e7al\u0131\u015f\u0131r.<\/p>\n<p><strong>ADMEX Robot Lineer Kayd\u0131r\u0131c\u0131 \u00dcniteleri<\/strong>\u00a0(robot raylar\u0131 \/ robot k\u0131za\u011f\u0131) y\u00fcksek hassasiyetle y\u00fcksek h\u0131z ve uzun alan hareketi i\u00e7indir. \u00c7ok \u00e7e\u015fitli uygulamalar\u0131n beklentilerini kar\u015f\u0131lamak i\u00e7in optimize edilmi\u015f \u00e7\u00f6z\u00fcmler sunar.<\/p>\n<p><strong>ADMEX Robot Lineer Kayd\u0131r\u0131c\u0131 \u00dcniteleri<\/strong> (robot raylar\u0131 \/ robot kayd\u0131r\u0131c\u0131), m\u00fc\u015fterilerin kendi se\u00e7tikleri motoru kullanmalar\u0131na olanak tan\u0131yacak \u015fekilde gerekli servo motorla birlikte veya motorsuz olarak teslim edilebilir.<\/p>\n<p><strong>ADMEX Robot Lineer Kayd\u0131r\u0131c\u0131 \u00dcniteleri<\/strong> (robot track \/ robot slider) t\u00fcm end\u00fcstriyel robot markalar\u0131 (KUKA, FANUC, Motoman, ABB, OTC, COMAU, Kawasaki vb.) ile uyumlu \u00e7al\u0131\u015facak \u015fekilde tasarlanm\u0131\u015ft\u0131r.<\/p>\n<p>* Hangi robot modelini kulland\u0131\u011f\u0131n\u0131z\u0131 belirtirseniz, <strong>ADMEX<\/strong> ekibi en iyi performans\u0131 elde etmek i\u00e7in do\u011fru motorlar\u0131 se\u00e7menizde size yard\u0131mc\u0131 olaca\u011f\u0131z.<\/p>\n<p><strong>ADMEX Robot Lineer Kayd\u0131r\u0131c\u0131 \u00dcniteleri<\/strong> (robot paletleri \/ robot kayd\u0131r\u0131c\u0131) esas olarak gaz metal ark kayna\u011f\u0131 ve tala\u015fl\u0131 imalat uygulamalar\u0131nda kullan\u0131lmakla birlikte her t\u00fcrl\u00fc robotik uygulamaya uygun robot paletleridir.<\/p>\n<p><strong>ADMEX<\/strong> \u00fcr\u00fcnleri birbirleri ile uyumlu olacak \u015fekilde tasarlanm\u0131\u015ft\u0131r, <a href=\"https:\/\/admex.com.tr\/tr\/admex-urunleri\/admex-robot-pozisyonerleri\/\"><strong>Robot Pozisyoner<\/strong><\/a> ve<a href=\"https:\/\/admex.com.tr\/tr\/admex-urunleri\/admex-gantry-sistemleri\/\"> <strong>Gantry Sistemleri<\/strong><\/a> gibi di\u011fer <strong>ADMEX<\/strong> \u00fcr\u00fcnlerini \u00fcretim sisteminizde kullanabilirsiniz.<\/p>\n<\/div><\/div><\/div><\/div><\/div><div class=\"vc_col-sm-4 wpb_column vc_column_container\"><div class=\"vc_column-inner type_sticky\"><div class=\"wpb_wrapper\"><div class=\"wpb_text_column\"><div class=\"wpb_wrapper\"><p><strong>ADMEX Robot Lineer K\u0131zaklar(robot paletleri \/ robot kayd\u0131r\u0131c\u0131) a\u015fa\u011f\u0131dakiler de dahil olmak \u00fczere \u00e7ok \u00e7e\u015fitli end\u00fcstrilerde kullan\u0131lmaktad\u0131r:<\/strong><\/p>\n<p>Otomotiv End\u00fcstrisi (Oem, Tier1, Tier2)<br \/>\nMakine End\u00fcstrisi<br \/>\nMetal \u0130\u015fleme End\u00fcstrisi<br \/>\nSar\u0131 E\u015fya End\u00fcstrisi<br \/>\n\u0130n\u015faat Ekipmanlar\u0131 Sekt\u00f6r\u00fc<br \/>\nTa\u015f ve Beton End\u00fcstrileri<br \/>\nPlastik ve Kau\u00e7uk End\u00fcstrileri<br \/>\nTa\u015f\u0131mac\u0131l\u0131k Sekt\u00f6r\u00fc<br \/>\nSavunma Sanayi<br \/>\nMobilya \u00dcretim End\u00fcstrisi<br \/>\nEnerji End\u00fcstrisi<br \/>\nGenel End\u00fcstriler<\/p>\n<\/div><\/div><\/div><\/div><\/div><\/div><\/div><\/section>\n","protected":false},"excerpt":{"rendered":"STK SER\u0130S\u0130 Tamamen Kapal\u0131 Robot Kayd\u0131r\u0131c\u0131 \u00dcniteleri STL SER\u0130S\u0130 Standart Robot Kayd\u0131r\u0131c\u0131 \u00dcniteleri STA SER\u0130S\u0130 Standart Robot Kayd\u0131r\u0131c\u0131 \u00dcniteleri ADMEX Standart Robot Kayd\u0131r\u0131c\u0131 \u00dcniteleri ADMEX Hareket Teknolojileri, Robot Lineer Kayd\u0131r\u0131c\u0131lar\u0131n (robot paletleri \/ robot kayd\u0131r\u0131c\u0131) geli\u015ftirilmesi, \u00fcretimi ve kurulumu konusunda deneyim ve bilgi birikimine sahip bir hareket ekipmanlar\u0131 \u015firketidir. ADMEX&#8216;in \u00fcr\u00fcn geli\u015ftirme, \u00fcretim ve kurulum...","protected":false},"author":122,"featured_media":0,"parent":8583,"menu_order":4,"comment_status":"closed","ping_status":"closed","template":"","meta":{"footnotes":""},"class_list":["post-10708","page","type-page","status-publish","hentry"],"_links":{"self":[{"href":"https:\/\/admex.com.tr\/tr\/wp-json\/wp\/v2\/pages\/10708","targetHints":{"allow":["GET"]}}],"collection":[{"href":"https:\/\/admex.com.tr\/tr\/wp-json\/wp\/v2\/pages"}],"about":[{"href":"https:\/\/admex.com.tr\/tr\/wp-json\/wp\/v2\/types\/page"}],"author":[{"embeddable":true,"href":"https:\/\/admex.com.tr\/tr\/wp-json\/wp\/v2\/users\/122"}],"replies":[{"embeddable":true,"href":"https:\/\/admex.com.tr\/tr\/wp-json\/wp\/v2\/comments?post=10708"}],"version-history":[{"count":0,"href":"https:\/\/admex.com.tr\/tr\/wp-json\/wp\/v2\/pages\/10708\/revisions"}],"up":[{"embeddable":true,"href":"https:\/\/admex.com.tr\/tr\/wp-json\/wp\/v2\/pages\/8583"}],"wp:attachment":[{"href":"https:\/\/admex.com.tr\/tr\/wp-json\/wp\/v2\/media?parent=10708"}],"curies":[{"name":"wp","href":"https:\/\/api.w.org\/{rel}","templated":true}]}}