{"id":10055,"date":"2021-08-19T17:25:18","date_gmt":"2021-08-19T14:25:18","guid":{"rendered":"https:\/\/admex.com.tr\/admex-hr\/"},"modified":"2023-09-18T14:48:55","modified_gmt":"2023-09-18T11:48:55","slug":"admex-ik","status":"publish","type":"page","link":"https:\/\/admex.com.tr\/tr\/admex-ik\/","title":{"rendered":"ADMEX IK"},"content":{"rendered":"<section class=\"l-section wpb_row height_custom\"><div class=\"l-section-h i-cf\"><div class=\"g-cols vc_row via_flex valign_top type_default stacking_default\"><div class=\"vc_col-sm-12 wpb_column vc_column_container\"><div class=\"vc_column-inner\"><div class=\"wpb_wrapper\"><div class=\"g-cols wpb_row via_flex valign_top type_default stacking_default\"><div class=\"vc_col-sm-12 wpb_column vc_column_container\"><div class=\"vc_column-inner\"><div class=\"wpb_wrapper\"><div class=\"w-separator size_medium\"><\/div><div class=\"wpb_text_column\"><div class=\"wpb_wrapper\"><h4 style=\"text-align: center;\">Potansiyel gereksinimlere sahip oldu\u011funu d\u00fc\u015f\u00fcnen ve ADMEX b\u00fcnyesindeki mevcut firma k\u00fclt\u00fcr\u00fc ve tak\u0131m \u00e7al\u0131\u015fmas\u0131na adapte olabilecek herkes kariyerinin geri kalan\u0131na bizimle devam etmeye davetlidir.<\/h4>\n<\/div><\/div><div class=\"w-separator size_medium\"><\/div><\/div><\/div><\/div><\/div><\/div><\/div><\/div><\/div><\/div><\/section><section class=\"l-section wpb_row height_custom\"><div class=\"l-section-h i-cf\"><div class=\"g-cols vc_row via_flex valign_top type_default stacking_default\"><div class=\"vc_col-sm-12 wpb_column vc_column_container\"><div class=\"vc_column-inner\"><div class=\"wpb_wrapper\"><div class=\"wpb_text_column\"><div class=\"wpb_wrapper\"><h1 style=\"text-align: center;\">A\u00e7\u0131k Pozisyonlar<\/h1>\n<\/div><\/div><div class=\"w-separator size_medium\"><\/div><div class=\"w-tabs layout_ver navwidth_auto navpos_left style_default switch_click has_scrolling\" style=\"--sections-title-size:1em\"><div class=\"w-tabs-list items_5 align_none\"><div class=\"w-tabs-list-h\"><button class=\"w-tabs-item active defined-active\" aria-controls=\"content-p590\" aria-expanded=\"true\"><span class=\"w-tabs-item-title\">Tasar\u0131m M\u00fchendisi<\/span><\/button><button class=\"w-tabs-item\" aria-controls=\"content-i82b\" aria-expanded=\"false\"><span class=\"w-tabs-item-title\">\u00dcretim M\u00fchendisi<\/span><\/button><button class=\"w-tabs-item\" aria-controls=\"content-tacd\" aria-expanded=\"false\"><span class=\"w-tabs-item-title\">Y\u00f6netici Asistan\u0131<\/span><\/button><button class=\"w-tabs-item\" aria-controls=\"content-1629466150426-1b342680-4372\" aria-expanded=\"false\"><span class=\"w-tabs-item-title\">Kaynak Robotu Operat\u00f6r\u00fc<\/span><\/button><button class=\"w-tabs-item\" aria-controls=\"content-1629466150426-1b342680-4372\" aria-expanded=\"false\"><span class=\"w-tabs-item-title\">Makina Montaj Teknikeri<\/span><\/button><\/div><\/div><div class=\"w-tabs-sections titles-align_none icon_chevron cpos_right\"><div class=\"w-tabs-section active\" id=\"p590\"><button class=\"w-tabs-section-header active\" aria-controls=\"content-p590\" aria-expanded=\"true\"><div class=\"w-tabs-section-title\">Tasar\u0131m M\u00fchendisi<\/div><div class=\"w-tabs-section-control\"><\/div><\/button><div  class=\"w-tabs-section-content\" id=\"content-p590\"><div class=\"w-tabs-section-content-h i-cf\"><div class=\"wpb_text_column\"><div class=\"wpb_wrapper\"><h3>Tasar\u0131m M\u00fchendisi<\/h3>\n<p>\u00dcniversitelerin makina m\u00fchendisli\u011fi, imalat m\u00fchendisli\u011fi, mekatronik m\u00fchendisli\u011fi b\u00f6l\u00fcmlerinden mezun,<\/p>\n<ul>\n<li>\u0130yi derecede \u0130ngilizce bilgisine sahip,<\/li>\n<li>Ara\u015ft\u0131rmaya, \u00f6\u011frenmeye ve sekt\u00f6re kar\u015f\u0131 hevesli,<\/li>\n<li>Ki\u015fisel motivasyonu y\u00fcksek,<\/li>\n<li>\u0130leti\u015fimi kuvvetli,<\/li>\n<li>\u0130\u015f disiplinine sahip,<\/li>\n<li>Piyasa ara\u015ft\u0131rmas\u0131 yap\u0131p verileri kar\u015f\u0131la\u015ft\u0131rabilen,<\/li>\n<li>CAD modelleme yapabilen,<\/li>\n<li>Tercihen dinamik veya yap\u0131sal analiz yaz\u0131l\u0131mlar\u0131 altyap\u0131s\u0131na sahip,<\/li>\n<li>Teknik resim, geometrik \u00f6l\u00e7\u00fclendirme ve toleransland\u0131rma konular\u0131nda bilgili,<\/li>\n<li>Temel m\u00fchendislik ve makina elemanlar\u0131 hesaplar\u0131na hakim,<\/li>\n<li>Erkek adaylar i\u00e7in askerlikle ili\u015fkisi olmayan,<\/li>\n<li>Yurti\u00e7i ve yurtd\u0131\u015f\u0131 seyahat engeli olmayan,<\/li>\n<li>B s\u0131n\u0131f\u0131 ehliyet sahibi ve aktif ara\u00e7 kullanabilen,<\/li>\n<li>\u0130stanbul Anadolu Yakas\u0131 veya Kocaeli Gebze b\u00f6lgelerinde ikamet edebilecek<\/li>\n<\/ul>\n<h3>\u0130\u015f Kapsam\u0131<\/h3>\n<ul>\n<li>Mevcut \u00fcr\u00fcnler \u00fczerindeki geli\u015ftirme faaliyetlerine destek olmak,<\/li>\n<li>Arge projelerinde g\u00f6rev almak,<\/li>\n<li>Detayl\u0131 teknik resim ve montaj resimlerini haz\u0131rlamak,<\/li>\n<li>Gelen sipari\u015f i\u00e7eriklerine ba\u011fl\u0131 olarak projelerin imalat klas\u00f6rlerini haz\u0131rlamak,<\/li>\n<li>Dok\u00fcmantasyon \u00e7al\u0131\u015fmalar\u0131n\u0131 desteklemek,<\/li>\n<li>D\u00fczeltici \u00f6nleyici faaliyetler kapsam\u0131nda raporlama yapmak, \u00f6neriler sunmak,<\/li>\n<li>Gerekti\u011finde yurti\u00e7i ve yurtd\u0131\u015f\u0131 i\u015f ortaklar\u0131m\u0131zla ileti\u015fime ge\u00e7ip teknik destek vermek.<\/li>\n<\/ul>\n<p>L\u00fctfen \u00f6zge\u00e7mi\u015finizi <strong>admex@admex.com.tr<\/strong> adresine g\u00f6nderirken ba\u015fvurdu\u011funuz pozisyon bilgisini konu k\u0131sm\u0131nda belirtin.<\/p>\n<\/div><\/div><\/div><\/div><\/div><div class=\"w-tabs-section\" id=\"i82b\"><button class=\"w-tabs-section-header\" aria-controls=\"content-i82b\" aria-expanded=\"false\"><div class=\"w-tabs-section-title\">\u00dcretim M\u00fchendisi<\/div><div class=\"w-tabs-section-control\"><\/div><\/button><div  class=\"w-tabs-section-content\" id=\"content-i82b\"><div class=\"w-tabs-section-content-h i-cf\"><div class=\"wpb_text_column\"><div class=\"wpb_wrapper\"><h3>\u00dcretim M\u00fchendisi<\/h3>\n<p>\u00dcniversitelerin ilgili makina, imalat veya mekatronik m\u00fchendisli\u011fi b\u00f6l\u00fcmlerinden mezun<\/p>\n<ul>\n<li>\u0130yi seviyede \u0130ngilizce bilen,<\/li>\n<li>\u0130leti\u015fime ve \u00f6\u011frenmeye a\u00e7\u0131k,<\/li>\n<li>\u0130\u015f disiplinine sahip,<\/li>\n<li>End\u00fcstriyel robot ve ekipmanlar\u0131n\u0131 kullanmay\u0131 bilen (Tercihen Fanuc)<\/li>\n<li>Robotlu MIG\/MAG kaynak uygulamalar\u0131 hakk\u0131nda bilgisi olan,<\/li>\n<li>B s\u0131n\u0131f\u0131 ehliyet sahibi olup aktif ara\u00e7 kullanabilen,<\/li>\n<li>Yurti\u00e7i ve yurtd\u0131\u015f\u0131 seyahat engeli olmayan,<\/li>\n<li>\u0130stanbul Anadolu Yakas\u0131 veya Kocaeli Gebze b\u00f6lgelerinde ikamet eden,<\/li>\n<\/ul>\n<h3>\u0130\u015f Kapsam\u0131<\/h3>\n<ul>\n<li>Gelen malzemelerin kontrol\u00fcn\u00fcn yap\u0131lmas\u0131 ve ayr\u0131\u015ft\u0131r\u0131lmas\u0131,<\/li>\n<li>Robot programlar\u0131n\u0131n yaz\u0131lmas\u0131,<\/li>\n<li>Kaynak parametrelerinin belirlenmesi, d\u00fczenlenmesi raporlanmas\u0131,<\/li>\n<li>Sipari\u015fi gelen \u00fcr\u00fcnlerin kaynaklar\u0131n\u0131n yap\u0131lmas\u0131,<\/li>\n<li>Dok\u00fcmantasyon \u00e7al\u0131\u015fmalar\u0131na destek verilmesi<\/li>\n<li>Gerekti\u011finde ekipmanlar\u0131n montaj\u0131na destek verilmesi,<\/li>\n<li>Gerekti\u011finde yurti\u00e7i ve yurtd\u0131\u015f\u0131nda montaj ve devreye alma hizmeti verilmesi<\/li>\n<\/ul>\n<p><strong>L\u00fctfen \u00f6zge\u00e7mi\u015finizi admex@admex.com.tr adresine g\u00f6nderirken ba\u015fvurdu\u011funuz pozisyon bilgisini konu k\u0131sm\u0131nda belirtin.<\/strong><\/p>\n<\/div><\/div><\/div><\/div><\/div><div class=\"w-tabs-section\" id=\"tacd\"><button class=\"w-tabs-section-header\" aria-controls=\"content-tacd\" aria-expanded=\"false\"><div class=\"w-tabs-section-title\">Y\u00f6netici Asistan\u0131<\/div><div class=\"w-tabs-section-control\"><\/div><\/button><div  class=\"w-tabs-section-content\" id=\"content-tacd\"><div class=\"w-tabs-section-content-h i-cf\"><div class=\"wpb_text_column\"><div class=\"wpb_wrapper\"><h3>Y\u00f6netici Asistan\u0131<\/h3>\n<ul>\n<li>\u00dcniversite mezunu,<\/li>\n<li>\u0130yi derecede \u0130ngilizce bilgisine sahip, (En az B1 seviyesi)<\/li>\n<li>Muhasebe konusunda bilgili,<\/li>\n<li>Ekip \u00e7al\u0131\u015fmas\u0131n\u0131 seven,<\/li>\n<li>Ki\u015fisel motivasyonu y\u00fcksek,<\/li>\n<li>\u0130leti\u015fimi kuvvetli,<\/li>\n<li>\u0130\u015f disiplinine sahip,<\/li>\n<li>MS Office programlar\u0131n\u0131 aktif kullanan,<\/li>\n<li>\u0130stanbul Tuzla veya Kocaeli Gebze b\u00f6lgelerinde ikamet eden,<\/li>\n<\/ul>\n<h3>\u0130\u015f Kapsam\u0131<\/h3>\n<ul>\n<li>Y\u00f6neticileri asiste edebilecek,<\/li>\n<li>Firmaya gelen ileti\u015fim taleplerini do\u011fru y\u00f6nlendirebilecek,<\/li>\n<li>Fatura, irsaliye, ithalat ve ihracat s\u00fcre\u00e7lerinde gerekli yaz\u0131\u015fmalar\u0131 yap\u0131p durum takibine hakim olacak,<\/li>\n<li>Sat\u0131n alma \u2013 depo s\u00fcre\u00e7lerinde \u00fcr\u00fcnlerin giri\u015f \u00e7\u0131k\u0131\u015f durumlar\u0131n\u0131 takip edebilecek,<\/li>\n<\/ul>\n<p><strong>L\u00fctfen \u00f6zge\u00e7mi\u015finizi admex@admex.com.tr adresine g\u00f6nderirken ba\u015fvurdu\u011funuz pozisyon bilgisini konu k\u0131sm\u0131nda belirtin.<\/strong><\/p>\n<\/div><\/div><\/div><\/div><\/div><div class=\"w-tabs-section\" id=\"1629466150426-1b342680-4372\"><button class=\"w-tabs-section-header\" aria-controls=\"content-1629466150426-1b342680-4372\" aria-expanded=\"false\"><div class=\"w-tabs-section-title\">Kaynak Robotu Operat\u00f6r\u00fc<\/div><div class=\"w-tabs-section-control\"><\/div><\/button><div  class=\"w-tabs-section-content\" id=\"content-1629466150426-1b342680-4372\"><div class=\"w-tabs-section-content-h i-cf\"><div class=\"wpb_text_column\"><div class=\"wpb_wrapper\"><h3>Kaynak Robotu Operat\u00f6r\u00fc<\/h3>\n<ul>\n<li>Robotik kaynak bilgisi olan,<\/li>\n<li>\u0130\u015f g\u00fcvenli\u011fine uygun bir \u015fekilde, a\u011f\u0131r i\u015f par\u00e7alar\u0131 ile \u00e7al\u0131\u015facak yetkinlikte,<\/li>\n<li>Tercihen Fanuc robot programlamaya hakim,<\/li>\n<li>Y\u00fcksek kalitede \u00fcretim standartlar\u0131nda \u00e7al\u0131\u015fabilecek kadar sab\u0131rl\u0131 ve titiz,<\/li>\n<li>Alaca\u011f\u0131 e\u011fitimin kar\u015f\u0131l\u0131\u011f\u0131n\u0131 verecek \u015fekilde uzun y\u0131llar bizimle birlikte \u00e7al\u0131\u015facak,<\/li>\n<li>Kartal \/ Gebze aras\u0131nda ikamet eden,<\/li>\n<li>Tekniker\/Teknisyen<\/li>\n<\/ul>\n<p><strong>L\u00fctfen \u00f6zge\u00e7mi\u015finizi admex@admex.com.tr adresine g\u00f6nderirken ba\u015fvurdu\u011funuz pozisyon bilgisini konu k\u0131sm\u0131nda belirtin.<\/strong><\/p>\n<\/div><\/div><\/div><\/div><\/div><div class=\"w-tabs-section\" id=\"1629466150426-1b342680-4372\"><button class=\"w-tabs-section-header\" aria-controls=\"content-1629466150426-1b342680-4372\" aria-expanded=\"false\"><div class=\"w-tabs-section-title\">Makina Montaj Teknikeri<\/div><div class=\"w-tabs-section-control\"><\/div><\/button><div  class=\"w-tabs-section-content\" id=\"content-1629466150426-1b342680-4372\"><div class=\"w-tabs-section-content-h i-cf\"><div class=\"wpb_text_column\"><div class=\"wpb_wrapper\"><h3>Makina Montaj Teknikeri<\/h3>\n<ul>\n<li>Hassas makina montaj tecr\u00fcbesi olan,<\/li>\n<li>\u00d6\u011frenmeye a\u00e7\u0131k, ekip ruhuyla \u00e7al\u0131\u015fabilen,<\/li>\n<li>Y\u00fcksek kalitede \u00fcretim standartlar\u0131nda \u00e7al\u0131\u015fabilecek kadar sab\u0131rl\u0131 ve titiz,<\/li>\n<li>Alaca\u011f\u0131 e\u011fitimin kar\u015f\u0131l\u0131\u011f\u0131n\u0131 verecek \u015fekilde uzun y\u0131llar bizimle birlikte \u00e7al\u0131\u015facak,<\/li>\n<li>Y\u0131lda birka\u00e7 kez en fazla bir haftal\u0131\u011f\u0131na yurtd\u0131\u015f\u0131na makina montaj\u0131na gidebilecek,<\/li>\n<li>Makina teknikeri\/teknisyeni<\/li>\n<\/ul>\n<p><strong>L\u00fctfen \u00f6zge\u00e7mi\u015finizi admex@admex.com.tr adresine g\u00f6nderirken ba\u015fvurdu\u011funuz pozisyon bilgisini konu k\u0131sm\u0131nda belirtin.<\/strong><\/p>\n<\/div><\/div><\/div><\/div><\/div><\/div><\/div><\/div><\/div><\/div><\/div><\/div><\/section><section class=\"l-section wpb_row height_custom\" id=\"apply\"><div class=\"l-section-h i-cf\"><div class=\"g-cols vc_row via_flex valign_top type_default stacking_default\"><div class=\"vc_col-sm-12 wpb_column vc_column_container\"><div class=\"vc_column-inner\"><div class=\"wpb_wrapper\"><div class=\"w-separator size_medium\"><\/div><div class=\"w-actionbox us_custom_6c1f970d color_primary controls_right\"><div class=\"w-actionbox-text\"><h2 class=\"w-actionbox-title\">Hemen CV&#8217;nizi g\u00f6nderin!<\/h2><div class=\"w-actionbox-description\"><p>Genel Ba\u015fvuru ad\u0131 alt\u0131nda da CV&#8217;nizi g\u00f6nderebilirsiniz.<\/p>\n<\/div><\/div><div class=\"w-actionbox-controls\"><a class=\"w-btn us-btn-style_1\" href=\"mailto:admex@admex.com.tr\"><span class=\"w-btn-label\">G\u00f6nder<\/span><\/a><\/div><\/div><div class=\"w-separator size_medium\"><\/div><\/div><\/div><\/div><\/div><\/div><\/section>\n","protected":false},"excerpt":{"rendered":"Potansiyel gereksinimlere sahip oldu\u011funu d\u00fc\u015f\u00fcnen ve ADMEX b\u00fcnyesindeki mevcut firma k\u00fclt\u00fcr\u00fc ve tak\u0131m \u00e7al\u0131\u015fmas\u0131na adapte olabilecek herkes kariyerinin geri kalan\u0131na bizimle devam etmeye davetlidir. A\u00e7\u0131k Pozisyonlar Tasar\u0131m M\u00fchendisi\u00dcretim M\u00fchendisiY\u00f6netici Asistan\u0131Kaynak Robotu Operat\u00f6r\u00fcMakina Montaj TeknikeriTasar\u0131m M\u00fchendisiTasar\u0131m M\u00fchendisi \u00dcniversitelerin makina m\u00fchendisli\u011fi, imalat m\u00fchendisli\u011fi, mekatronik m\u00fchendisli\u011fi b\u00f6l\u00fcmlerinden mezun, \u0130yi derecede \u0130ngilizce bilgisine sahip, Ara\u015ft\u0131rmaya, \u00f6\u011frenmeye ve sekt\u00f6re kar\u015f\u0131...","protected":false},"author":122,"featured_media":10321,"parent":0,"menu_order":2,"comment_status":"closed","ping_status":"closed","template":"","meta":{"footnotes":""},"class_list":["post-10055","page","type-page","status-publish","has-post-thumbnail","hentry"],"_links":{"self":[{"href":"https:\/\/admex.com.tr\/tr\/wp-json\/wp\/v2\/pages\/10055","targetHints":{"allow":["GET"]}}],"collection":[{"href":"https:\/\/admex.com.tr\/tr\/wp-json\/wp\/v2\/pages"}],"about":[{"href":"https:\/\/admex.com.tr\/tr\/wp-json\/wp\/v2\/types\/page"}],"author":[{"embeddable":true,"href":"https:\/\/admex.com.tr\/tr\/wp-json\/wp\/v2\/users\/122"}],"replies":[{"embeddable":true,"href":"https:\/\/admex.com.tr\/tr\/wp-json\/wp\/v2\/comments?post=10055"}],"version-history":[{"count":0,"href":"https:\/\/admex.com.tr\/tr\/wp-json\/wp\/v2\/pages\/10055\/revisions"}],"wp:featuredmedia":[{"embeddable":true,"href":"https:\/\/admex.com.tr\/tr\/wp-json\/wp\/v2\/media\/10321"}],"wp:attachment":[{"href":"https:\/\/admex.com.tr\/tr\/wp-json\/wp\/v2\/media?parent=10055"}],"curies":[{"name":"wp","href":"https:\/\/api.w.org\/{rel}","templated":true}]}}